{"id":46558,"date":"2025-08-07T12:44:37","date_gmt":"2025-08-07T10:44:37","guid":{"rendered":"https:\/\/arena-ticket.com\/?p=46558&#038;post_type=product&#038;preview_id=46558"},"modified":"2025-08-07T12:58:52","modified_gmt":"2025-08-07T10:58:52","slug":"kaerbholz-tour-2026-felsenkeller-leipzig-24-10-2026-2000-uhr","status":"publish","type":"product","link":"https:\/\/arena-ticket.com\/en\/product\/kaerbholz-tour-2026-felsenkeller-leipzig-24-10-2026-2000-uhr\/","title":{"rendered":"K\u00e4rbholz - Tour 2026"},"content":{"rendered":"<p class=\"p1\">K\u00e4rbholz; ziemlich erfolgreich diese Kapelle. \u201eRastlos\u201c (#16 in 2013), \u201eKarma\u201c (#7 in 2015), \u201e\u00dcberdosis Leben\u201c (#2 in 2017) und \u201eHerz und Verstand\u201d (#3 in 2019). Seit dem Jahr 2005 machen die Vier aus dem nordrhein-westf\u00e4lischen Ruppichteroth, mitten in der gr\u00fcnen Lunge K\u00f6lns nun gemeinsam Musik und haben seit M\u00e4rz diesen Jahres ihr neues Album \u201eKontra.\u201c am Start.<\/p>\n<p class=\"p1\">\u201eEin Album, das mit seiner Energie und seinen lebensbejahenden Hymnen gemacht ist f\u00fcr die B\u00fchne.\u201c So und so \u00e4hnlich klingen die Reaktionen auf das aktuelle Album \u201eKontra.\u201c.<span class=\"Apple-converted-space\">\u00a0<\/span><\/p>\n<p class=\"p1\">Das Album stieg aus dem Stand auf Platz #4 in die Deutschen Album-Charts ein.<\/p>\n<p class=\"p1\">2026 gehen sie auf Tour und kommen auch f\u00fcr einen Abend nach Dresden.<\/p>","protected":false},"excerpt":{"rendered":"<p>Get your tickets here now!<\/p>","protected":false},"featured_media":46308,"template":"","meta":{"_acf_changed":false,"inline_featured_image":false},"product_brand":[],"product_cat":[31,348,69,86,35,6732,21,58],"product_tag":[940,941,1476,3796,942,943,944,2905,947,4188,948],"class_list":{"0":"post-46558","1":"product","2":"type-product","3":"status-publish","4":"has-post-thumbnail","6":"product_cat-events","7":"product_cat-felsenkeller","8":"product_cat-konzert","9":"product_cat-leipzig","10":"product_cat-orte","11":"product_cat-rock-hard-rock","12":"product_cat-ticket","13":"product_cat-veranstaltung","14":"product_tag-dresden","15":"product_tag-events","16":"product_tag-felsenkeller","17":"product_tag-kaerbholz","18":"product_tag-konzert","19":"product_tag-leipzig","20":"product_tag-orte","21":"product_tag-reithalle-strasse-e","22":"product_tag-ticket","23":"product_tag-tour-2026","24":"product_tag-veranstaltung","25":"product_shipping_class-nur_paketversand","26":"pa_discount-normalpreis","27":"pa_preiskategorie-stehplatz","29":"first","30":"instock","31":"taxable","32":"shipping-taxable","33":"purchasable","34":"product-type-variable"},"group_of_quantity":0,"min_quantity":0,"max_quantity":"","exclude_order_quantity_value_rules":"no","exclude_category_quantity_rules":"no","combine_variations":"no","acf":[],"_links":{"self":[{"href":"https:\/\/arena-ticket.com\/en\/wp-json\/wp\/v2\/product\/46558","targetHints":{"allow":["GET"]}}],"collection":[{"href":"https:\/\/arena-ticket.com\/en\/wp-json\/wp\/v2\/product"}],"about":[{"href":"https:\/\/arena-ticket.com\/en\/wp-json\/wp\/v2\/types\/product"}],"wp:featuredmedia":[{"embeddable":true,"href":"https:\/\/arena-ticket.com\/en\/wp-json\/wp\/v2\/media\/46308"}],"wp:attachment":[{"href":"https:\/\/arena-ticket.com\/en\/wp-json\/wp\/v2\/media?parent=46558"}],"wp:term":[{"taxonomy":"product_brand","embeddable":true,"href":"https:\/\/arena-ticket.com\/en\/wp-json\/wp\/v2\/product_brand?post=46558"},{"taxonomy":"product_cat","embeddable":true,"href":"https:\/\/arena-ticket.com\/en\/wp-json\/wp\/v2\/product_cat?post=46558"},{"taxonomy":"product_tag","embeddable":true,"href":"https:\/\/arena-ticket.com\/en\/wp-json\/wp\/v2\/product_tag?post=46558"}],"curies":[{"name":"wp","href":"https:\/\/api.w.org\/{rel}","templated":true}]}}