{"id":46573,"date":"2025-08-07T14:58:17","date_gmt":"2025-08-07T12:58:17","guid":{"rendered":"https:\/\/arena-ticket.com\/?p=46573&#038;post_type=product&#038;preview_id=46573"},"modified":"2025-08-07T15:20:18","modified_gmt":"2025-08-07T13:20:18","slug":"taschenlampenkonzert-leipzig-parkbuehne-geyserhaus-02-10-2025-1800-uhr","status":"publish","type":"product","link":"https:\/\/arena-ticket.com\/en\/product\/taschenlampenkonzert-leipzig-parkbuehne-geyserhaus-02-10-2025-1800-uhr\/","title":{"rendered":"Taschenlampenkonzert - 2025"},"content":{"rendered":"<div><span class=\"\">Das Taschenlampenkonzert geh\u00f6rt mittlerweile zum festen Bestandteil im Kalender vieler Familien und ist jedes Jahr bis auf den letzten Platz ausverkauft. Selbst, als 2013 zwei Konzerte angesetzt wurden, waren auch diese restlos ausverkauft. Diesem Prinzip bleibt die Band Rumpelstil nat\u00fcrlich auch dieses Jahr treu, so dass auch 2024 wieder zwei Konzerte auf dem Spielplan stehen.<\/span><\/div>\n<div><span class=\"\">\u00a0<\/span><\/div>\n<div><span class=\"\">Von ungef\u00e4hr kommt dieser Erfolg nicht - denn einen sch\u00f6neren Sommerausklang, kann es kaum geben: Rumpelstil rockt die gro\u00dfe Open Air B\u00fchne und die Kleinen singen und tanzen dazu. Selbst die Eltern h\u00e4lt es nicht mehr auf den Sitzen. Schon manche Mama h\u00f6rte man nach einem Konzert sagen \"N\u00e4chstes Jahr gehen wir wieder! Die Kinder k\u00f6nnen wir ja mitnehmen.\" Die Songs von Rumpelstil machen eben einfach allen Spa\u00df; gehen direkt ins Herz und in das Tanzbein.<\/span><\/div>\n<div><span class=\"\">\u00a0<\/span><\/div>\n<div><span class=\"\">Ja, und wenn es dann schummrig wird, beginnt der gro\u00dfe Lichterzauber: Tausende Taschenlampen leuchten und tanzen im dunklen Rund der einmaligen B\u00fchnenkulisse. Ein Moment, der jedes Jahr auf's Neue f\u00fcr G\u00e4nsehaut sorgt.<\/span><\/div>\n<div><span class=\"\">\u00a0<\/span><\/div>\n<div><span class=\"\">Wollt ihr also auch mal ein Taschenlampenkonzert erleben, dann tut Folgendes:<\/span><\/div>\n<div><span class=\"\">\u2013 Kreuzt den Termin in Mamas und Papas Kalender an.<\/span><\/div>\n<div><span class=\"\">\u2013 Versteckt die Fernsehzeitung!<\/span><\/div>\n<div><span class=\"\">\u2013 Seid nett zu euern Eltern. (Nat\u00fcrlich nicht zu nett, sonst denken sie, ihr seid krank, und dann d\u00fcrft ihr nicht mit.)<\/span><\/div>\n<div><span class=\"\">\u00a0<\/span><\/div>\n<div><span class=\"\">Besorgt euch:<\/span><\/div>\n<div><span class=\"\">\u2013 Eine funktionierende Taschenlampe<\/span><\/div>\n<div><span class=\"\">\u2013 Einen wasserdichten Schlafanzug<\/span><\/div>\n<div><span class=\"\">\u2013 Euer Lieblingssitzkissen<\/span><\/div>\n<div><span class=\"\">\u2013 Irgendwas oder irgendwen zum Kuscheln \u2026<\/span><\/div>\n<div><span class=\"\">\u2013 \u2026 und stressfreie Geschwister.<\/span><\/div>\n<div><span class=\"\">\u00a0<\/span><\/div>\n<div><span class=\"\">Besonders wichtig:<\/span><\/div>\n<div><span class=\"\">R\u00e4umt euer Zimmer auf!!!<\/span><\/div>\n<div><span class=\"\">Ihr kommt ja erst sp\u00e4t in der Nacht, im Dunkeln zur\u00fcck. W\u00e4re doch schade, wenn ihr euch nachts im Zimmer euer Lieblingsbein brecht, weil euer Schlagzeug noch vor dem Bett steht.<\/span><\/div>\n<\/div>","protected":false},"excerpt":{"rendered":"<p>Get your tickets here now!<\/p>\n<p>Erm\u00e4\u00dfigungsberechtigt sind (nach Vorlage des entsprechenden Ausweises): Leipzig-Pass-Inhaber.<\/p>\n<p>Kinder bis einschlie\u00dflich 3 Jahren haben freien Eintritt.<\/p>","protected":false},"featured_media":36034,"template":"","meta":{"_acf_changed":false,"inline_featured_image":false},"product_brand":[],"product_cat":[86,35,461],"product_tag":[1060,940,941,996,943,944,969,958,6182,948],"class_list":{"0":"post-46573","1":"product","2":"type-product","3":"status-publish","4":"has-post-thumbnail","6":"product_cat-leipzig","7":"product_cat-orte","8":"product_cat-parkbuehne-geyserhaus","9":"product_tag-1060","10":"product_tag-dresden","11":"product_tag-events","12":"product_tag-freilichtbuehne-grosser-garten-junge-garde","13":"product_tag-leipzig","14":"product_tag-orte","15":"product_tag-parkbuehne-geyserhaus","16":"product_tag-show","17":"product_tag-taschenlampenkonzert","18":"product_tag-veranstaltung","19":"product_shipping_class-nur_paketversand","20":"pa_discount-kind","21":"pa_discount-normalpreis","22":"pa_preiskategorie-freie-platzwahl","24":"first","25":"instock","26":"taxable","27":"shipping-taxable","28":"purchasable","29":"product-type-variable"},"group_of_quantity":0,"min_quantity":0,"max_quantity":"","exclude_order_quantity_value_rules":"no","exclude_category_quantity_rules":"no","combine_variations":"no","acf":[],"_links":{"self":[{"href":"https:\/\/arena-ticket.com\/en\/wp-json\/wp\/v2\/product\/46573","targetHints":{"allow":["GET"]}}],"collection":[{"href":"https:\/\/arena-ticket.com\/en\/wp-json\/wp\/v2\/product"}],"about":[{"href":"https:\/\/arena-ticket.com\/en\/wp-json\/wp\/v2\/types\/product"}],"wp:featuredmedia":[{"embeddable":true,"href":"https:\/\/arena-ticket.com\/en\/wp-json\/wp\/v2\/media\/36034"}],"wp:attachment":[{"href":"https:\/\/arena-ticket.com\/en\/wp-json\/wp\/v2\/media?parent=46573"}],"wp:term":[{"taxonomy":"product_brand","embeddable":true,"href":"https:\/\/arena-ticket.com\/en\/wp-json\/wp\/v2\/product_brand?post=46573"},{"taxonomy":"product_cat","embeddable":true,"href":"https:\/\/arena-ticket.com\/en\/wp-json\/wp\/v2\/product_cat?post=46573"},{"taxonomy":"product_tag","embeddable":true,"href":"https:\/\/arena-ticket.com\/en\/wp-json\/wp\/v2\/product_tag?post=46573"}],"curies":[{"name":"wp","href":"https:\/\/api.w.org\/{rel}","templated":true}]}}