{"id":46590,"date":"2025-08-07T16:41:41","date_gmt":"2025-08-07T14:41:41","guid":{"rendered":"https:\/\/arena-ticket.com\/?p=46590&#038;post_type=product&#038;preview_id=46590"},"modified":"2025-08-07T16:53:23","modified_gmt":"2025-08-07T14:53:23","slug":"25-berliner-taschenlampenkonzert-waldbuehne-berlin-20-09-2025-1900-uhr","status":"publish","type":"product","link":"https:\/\/arena-ticket.com\/en\/product\/25-berliner-taschenlampenkonzert-waldbuehne-berlin-20-09-2025-1900-uhr\/","title":{"rendered":"25. Berliner Taschenlampenkonzert - 2025"},"content":{"rendered":"<p>Es wird magisch! Am 20. September 2025 feiert das Taschenlampenkonzert in der Berliner Waldb\u00fchne den Weltkindertag!<\/p>\n<p>Mit ihrem Taschenlampenkonzert wird die Band RUMPELSTIL die wohl sch\u00f6nste Open-Air B\u00fchne der Welt erneut in ein Lichtermeer verwandeln, bei dem Taschenlampen und Kinderaugen um die Wette strahlen.<\/p>\n<p>Das Taschenlampenkonzert ist ein Fest f\u00fcr die ganze Familie. Bereits der Waldweg zur B\u00fchne wird f\u00fcr die ganze Familie zu einem aufregenden Abenteuer und wenn die ersten Songs von RUMPELSTIL erklingen, gibt es auf den Pl\u00e4tzen kein Halten mehr. Es wird gesungen, getanzt, gelacht und nat\u00fcrlich kr\u00e4ftig die Taschenlampe gefunzelt \u2013 ein unvergessliches Erlebnis, das alle Generationen verbindet und den Weltkindertag mit einem einzigartigen musikalischen Highlight ausklingen l\u00e4sst.<\/p>\n<p>Der Weltkindertag steht weltweit im Zeichen der Rechte von Kindern und ihren Bed\u00fcrfnissen. Ein wichtiges Grundrechte ist das Recht auf Spiel. Aus diesem Grund freut sich das Taschenlampenkonzert in diesem Jahr besonders \u00fcber die Partnerschaft mit dem ROTE NASEN Deutschland e.V. Der gemeinn\u00fctzige Verein ist seit \u00fcber 20 Jahren fester Bestandteil in vielen renommierten Gesundheitseinrichtungen und Kliniken in Deutschland. Seit 2003 bringen die professionell ausgebildeten K\u00fcnstler:innen spielerisch Lachen und Lebensfreude in Krankenh\u00e4user, in Pflegeeinrichtungen und zu Gefl\u00fcchteten und st\u00e4rken damit die psychosoziale Gesundheit von Kindern und Erwachsenen.<\/p>\n<p>Die Partnerschaft mit dem Taschenlampenkonzert unterstreicht die gemeinsame Vision, Kindern in allen Lebenslagen Freude zu schenken und etwas in die Welt zu setzen, was gerade heutzutage unglaublich gebraucht wird: das Spielerische, die Menschlichkeit und das Lachen.<\/p>\n<p>Alle G\u00e4ste, die gro\u00dfen und die kleinen, sind herzlich dazu eingeladen, in festlichem Rot gekleidet zu erscheinen, um nicht nur ein unvergessliches Bild zu schaffen, sondern so auch die Verbundenheit mit der ROTE NASEN Mission zu zeigen<\/p>","protected":false},"excerpt":{"rendered":"<p>Get your tickets here now!<\/p>","protected":false},"featured_media":36034,"template":"","meta":{"_acf_changed":false,"inline_featured_image":false},"product_brand":[],"product_cat":[315,35,510],"product_tag":[1060,6184,1332,941,943,944,969,958,948,5236,5237],"class_list":{"0":"post-46590","1":"product","2":"type-product","3":"status-publish","4":"has-post-thumbnail","6":"product_cat-berlin","7":"product_cat-orte","8":"product_cat-waldbuehne","9":"product_tag-1060","10":"product_tag-25-berliner-taschenlampenkonzert","11":"product_tag-berlin","12":"product_tag-events","13":"product_tag-leipzig","14":"product_tag-orte","15":"product_tag-parkbuehne-geyserhaus","16":"product_tag-show","17":"product_tag-veranstaltung","18":"product_tag-waldbuehne","19":"product_tag-waldbuehne-berlin","20":"product_shipping_class-nur_paketversand","21":"pa_discount-ermaessigt","22":"pa_discount-kind","23":"pa_discount-normalpreis","24":"pa_preiskategorie-freie-platzwahl","26":"first","27":"instock","28":"taxable","29":"shipping-taxable","30":"purchasable","31":"product-type-variable"},"group_of_quantity":0,"min_quantity":0,"max_quantity":"","exclude_order_quantity_value_rules":"no","exclude_category_quantity_rules":"no","combine_variations":"no","acf":[],"_links":{"self":[{"href":"https:\/\/arena-ticket.com\/en\/wp-json\/wp\/v2\/product\/46590","targetHints":{"allow":["GET"]}}],"collection":[{"href":"https:\/\/arena-ticket.com\/en\/wp-json\/wp\/v2\/product"}],"about":[{"href":"https:\/\/arena-ticket.com\/en\/wp-json\/wp\/v2\/types\/product"}],"wp:featuredmedia":[{"embeddable":true,"href":"https:\/\/arena-ticket.com\/en\/wp-json\/wp\/v2\/media\/36034"}],"wp:attachment":[{"href":"https:\/\/arena-ticket.com\/en\/wp-json\/wp\/v2\/media?parent=46590"}],"wp:term":[{"taxonomy":"product_brand","embeddable":true,"href":"https:\/\/arena-ticket.com\/en\/wp-json\/wp\/v2\/product_brand?post=46590"},{"taxonomy":"product_cat","embeddable":true,"href":"https:\/\/arena-ticket.com\/en\/wp-json\/wp\/v2\/product_cat?post=46590"},{"taxonomy":"product_tag","embeddable":true,"href":"https:\/\/arena-ticket.com\/en\/wp-json\/wp\/v2\/product_tag?post=46590"}],"curies":[{"name":"wp","href":"https:\/\/api.w.org\/{rel}","templated":true}]}}