{"id":46594,"date":"2025-08-07T17:27:52","date_gmt":"2025-08-07T15:27:52","guid":{"rendered":"https:\/\/arena-ticket.com\/?p=46594&#038;post_type=product&#038;preview_id=46594"},"modified":"2025-09-04T14:34:06","modified_gmt":"2025-09-04T12:34:06","slug":"rolf-miller-ich-sag-nix-taeubchenthal-leipzig-11-03-2027-1930-uhr","status":"publish","type":"product","link":"https:\/\/arena-ticket.com\/en\/product\/rolf-miller-ich-sag-nix-taeubchenthal-leipzig-11-03-2027-1930-uhr\/","title":{"rendered":"Rolf Miller  - Ich sag nix"},"content":{"rendered":"<p>KABARETT<br \/>\nROLF MILLER<br \/>\nICH SAG NIX!<\/p>\n<p>Keiner sagt so sch\u00f6n nichts wie Rolf Miller. Die Presse schreibt \u201eSternstunde des Stotterns und Stammelns\u201c... \u00fcber das man permanent lachen muss und deshalb gar nicht gleich merkt, welche Abgr\u00fcnde uns Miller da verschleiert...<\/p>\n<p>Immer indirekt, immer nebens\u00e4chlich, geradezu unbeteiligt jubelt uns der grandiose Satiriker das bedeutungslose Nichts unseres Seins unter, mit brutalem Gef\u00fchl f\u00fcrs Gesp\u00fcr. Lebe nicht dein Leben, tr\u00e4ume deinen Traum, denn das Ziel ist im Weg. -\u00c4h, h\u00e4!? - Genau. Miller zeigt dir den Traum deiner Ziele.<\/p>\n<p>Aber steht ICH SAG NIX vielleicht auch f\u00fcr \u201adarf man noch alles sagen?\u2018- \u201eWenn Frauen streiten sitzt der Teufel im Eck und lernt.\u201c Darf man \u00fcber sowas noch lachen? Oder wird hier eh von 3 Sat, Pro 7 usw. aus politischer Hyperkorrektness zensiert, weil dort von der Spa\u00dfpolizei Satire nicht mehr verstanden wird wegen intellektueller Verst\u00fcmmelung? Der Kritiker vom Elch ist heut selber welch? Dazu noch das sehr schnelle beleidigt sein einzelner Gruppen, wenn sie selbst Ziel der Pointe sind. Bitte immer nur auf die anderen, gelle? Oder ist Miller sogar selbst zu feige und weicht aus, sagt freiwillig lieber nix? Braucht er gar nicht den superspie\u00dfigen Systemling, der ihn mundtot macht...<\/p>\n<p>Nein: Rolf Miller schert das Null. Im Gegenteil, jeder hat das Recht beleidigt, verarscht und gepr\u00fcgelt zu werden. Es ist eine Stilfrage wie die Gemeinheiten, die uns das Leben vers\u00fc\u00dfen, verabreicht werden. Wir verzeihen Miller das Gift, er kann nicht anders. Es bleibt schwarz, es bleibt b\u00f6se. Das WIE ist entscheidend, nicht das WAS. Das Satt-Ekeln geht weiter. Wenn Sie mit den folgenden S\u00e4tzen Probleme haben, kommen Sie lieber nicht in Millers Programm: Familienplanung ist immer Geiselnahme und Erpressung in einem \/ Wenn der BMI h\u00f6her ist als der IQ \/ Nein hei\u00dft Nein, aber Ja hei\u00dft Ja \/ Wie war die Stimmung in der DDR: hielt sich in Grenzen \/ Nicht jeder Araber ist Terrorist, aber jeder Terrorist ist Araber \/ Samenspender:Innen<br \/>\nAlso, vielleicht sehen wir uns das n\u00e4chste Mal, wenn wir uns treffen!!<\/p>","protected":false},"excerpt":{"rendered":"<p>Get your tickets now!<\/p>","protected":false},"featured_media":46596,"template":"","meta":{"_acf_changed":false,"inline_featured_image":false},"product_brand":[],"product_cat":[6725,31,95,86,35,499,21,58],"product_tag":[954,941,6185,942,943,944,5379,967,947,948],"class_list":{"0":"post-46594","1":"product","2":"type-product","3":"status-publish","4":"has-post-thumbnail","6":"product_cat-comedy","7":"product_cat-events","8":"product_cat-humor","9":"product_cat-leipzig","10":"product_cat-orte","11":"product_cat-taeubchenthal","12":"product_cat-ticket","13":"product_cat-veranstaltung","14":"product_tag-comedy","15":"product_tag-events","16":"product_tag-ich-sag-nix","17":"product_tag-konzert","18":"product_tag-leipzig","19":"product_tag-orte","20":"product_tag-rolf-miller","21":"product_tag-taeubchenthal","22":"product_tag-ticket","23":"product_tag-veranstaltung","24":"product_shipping_class-nur_paketversand","25":"pa_discount-normalpreis","26":"pa_preiskategorie-freie-platzwahl","28":"first","29":"instock","30":"taxable","31":"shipping-taxable","32":"purchasable","33":"product-type-variable"},"group_of_quantity":0,"min_quantity":0,"max_quantity":"","exclude_order_quantity_value_rules":"no","exclude_category_quantity_rules":"no","combine_variations":"no","acf":[],"_links":{"self":[{"href":"https:\/\/arena-ticket.com\/en\/wp-json\/wp\/v2\/product\/46594","targetHints":{"allow":["GET"]}}],"collection":[{"href":"https:\/\/arena-ticket.com\/en\/wp-json\/wp\/v2\/product"}],"about":[{"href":"https:\/\/arena-ticket.com\/en\/wp-json\/wp\/v2\/types\/product"}],"wp:featuredmedia":[{"embeddable":true,"href":"https:\/\/arena-ticket.com\/en\/wp-json\/wp\/v2\/media\/46596"}],"wp:attachment":[{"href":"https:\/\/arena-ticket.com\/en\/wp-json\/wp\/v2\/media?parent=46594"}],"wp:term":[{"taxonomy":"product_brand","embeddable":true,"href":"https:\/\/arena-ticket.com\/en\/wp-json\/wp\/v2\/product_brand?post=46594"},{"taxonomy":"product_cat","embeddable":true,"href":"https:\/\/arena-ticket.com\/en\/wp-json\/wp\/v2\/product_cat?post=46594"},{"taxonomy":"product_tag","embeddable":true,"href":"https:\/\/arena-ticket.com\/en\/wp-json\/wp\/v2\/product_tag?post=46594"}],"curies":[{"name":"wp","href":"https:\/\/api.w.org\/{rel}","templated":true}]}}