{"id":46597,"date":"2025-08-07T17:38:05","date_gmt":"2025-08-07T15:38:05","guid":{"rendered":"https:\/\/arena-ticket.com\/?p=46597&#038;post_type=product&#038;preview_id=46597"},"modified":"2026-01-30T14:06:41","modified_gmt":"2026-01-30T13:06:41","slug":"rian-live-2026-taeubchenthal-leipzig-26-02-2026-1900-uhr","status":"publish","type":"product","link":"https:\/\/arena-ticket.com\/en\/product\/rian-live-2026-taeubchenthal-leipzig-26-02-2026-1900-uhr\/","title":{"rendered":"RIAN  -  Live 2026"},"content":{"rendered":"<p>Was ist denn da passiert? Vor gut zwei Jahren war RIAN ein, wenn auch hei\u00df gehandelter, Newcomer, der mit ersten Songs auf Deutsch auf sich aufmerksam machte. Einer davon \u2013 \u201eSchwarzes Schaf\u201c \u2013 ging 2023 viral und war ein Vorgeschmack darauf, dass RIAN, der gleichzeitig als erfolgreicher Comedy-Influencer seinen Durchbruch erlebte, \u00fcber eine zeitgeistige und unpeinliche Mainstream-Kompatibilit\u00e4t verf\u00fcgt.<\/p>\n<p>Damit hat RIAN auch seinen Stil gefunden: Er verbindet deutschsprachigen Indie-Pop mit smarter Comedy und transportiert in seinem Output immer eine sozial-politische Relevanz f\u00fcr die gute Sache. Seine Songs sind launige Kleinode, die in der Tradition von KAFFKIEZ, Danger Dan, Antilopen Gang, Falco, Manu Chao oder Jonathan Richman stehen \u2013 von vorne durchaus lustig-tanzbar, um die Ecke deep, (selbst-)kritisch und immer empathisch. Die Pop-Linie von den F\u00fc\u00dfen \u00fcbers Herz zum Kopf hat sich selten so korrekt angef\u00fchlt.<\/p>\n<p>2024 landete RIAN dann mit \u201eVerwandtschaftstreffen\u201c von der gleichnamigen EP einen veritablen Hit: Er wurde dreifach f\u00fcr den Amadeus Austrian Music Award nominiert und war auf Platz eins in den \u00f6sterreichischen Shazam-Charts, den Austria Viral Charts und den \u00d63-Austro-Charts. Der Song wurde in \u00d6sterreich mit Gold ausgezeichnet und peilt aktuell Platin an. Mit 15 Mio. Streams hat RIAN seinen Platz in der deutschsprachigen Musikszene<br \/>\nendg\u00fcltig zementiert, \u201eVerwandtschaftstreffen\u201c l\u00e4uft auf heavy rotation auf den gr\u00f6\u00dften Radiosendern und ist zum Lebens-Soundtrack der Fans geworden.<\/p>\n<p>Auf der Tournee zur EP bescherte ihm der Hit, mehr aber noch sein Ruf als exzellenter Live-Entertainer volle H\u00e4user: Nach einer restlos ausverkauften \u201eVerwandtschaftstreffen Tour 2025\u201c und einem Tourfinale in Wien mit \u00fcber 3.000 Fans ist klar, dass RIAN auf dem n\u00e4chsten Level angekommen ist. In AT wird er im Supermarkt erkannt, und ein Fan-Selfie mit ihm oder \u201eein Video f\u00fcr die Cousine dritten Grades\u201c ist nichts Ungew\u00f6hnliches mehr.<\/p>\n<p>Auch in DE ist der Fan-Zustrom wie auch der Appetit auf RIAN-Shows immens \u2013 alle DE-Termine waren komplett sold out inkl. Hochverlegung und Zusatzshows. Daher k\u00fcndigt RIAN f\u00fcr Herbst 2025 und Fr\u00fchjahr 2026 eine ausgedehnte Tour an: In 26 St\u00e4dten in Deutschland, \u00d6sterreich und der Schweiz ist der K\u00fcnstler zu sehen \u2013 und verspricht noch gr\u00f6\u00dfere Shows, noch mehr Live-Energie und nat\u00fcrlich jede Menge neue Musik.<\/p>\n<p>Bis zur Tour arbeitet RIAN intensiv an neuen Songs \u2013 und verr\u00e4t schon mal, dass Anfang 2026 mit seinem Deb\u00fctalbum zu rechnen ist. Seine Mischung aus Pop, Indie und Hip-Hop, gepaart mit seinen kabarettistischen Einlagen und tiefsinnigen Texten, macht ihn zu einem der spannendsten Live-Acts des Jahres<\/p>","protected":false},"excerpt":{"rendered":"<p>Get your tickets now!<\/p>","protected":false},"featured_media":55081,"template":"","meta":{"_acf_changed":false,"inline_featured_image":false},"product_brand":[],"product_cat":[31,69,86,35,6733,499,21,58],"product_tag":[941,942,943,4819,944,2506,6186,967,947,948],"class_list":{"0":"post-46597","1":"product","2":"type-product","3":"status-publish","4":"has-post-thumbnail","6":"product_cat-events","7":"product_cat-konzert","8":"product_cat-leipzig","9":"product_cat-orte","10":"product_cat-pop","11":"product_cat-taeubchenthal","12":"product_cat-ticket","13":"product_cat-veranstaltung","14":"product_tag-events","15":"product_tag-konzert","16":"product_tag-leipzig","17":"product_tag-live-2026","18":"product_tag-orte","19":"product_tag-pop","20":"product_tag-rian","21":"product_tag-taeubchenthal","22":"product_tag-ticket","23":"product_tag-veranstaltung","24":"product_shipping_class-nur_paketversand","25":"pa_discount-normalpreis","26":"pa_preiskategorie-stehplatz","28":"first","29":"outofstock","30":"taxable","31":"shipping-taxable","32":"purchasable","33":"product-type-variable"},"group_of_quantity":0,"min_quantity":0,"max_quantity":"","exclude_order_quantity_value_rules":"no","exclude_category_quantity_rules":"no","combine_variations":"no","acf":[],"_links":{"self":[{"href":"https:\/\/arena-ticket.com\/en\/wp-json\/wp\/v2\/product\/46597","targetHints":{"allow":["GET"]}}],"collection":[{"href":"https:\/\/arena-ticket.com\/en\/wp-json\/wp\/v2\/product"}],"about":[{"href":"https:\/\/arena-ticket.com\/en\/wp-json\/wp\/v2\/types\/product"}],"wp:featuredmedia":[{"embeddable":true,"href":"https:\/\/arena-ticket.com\/en\/wp-json\/wp\/v2\/media\/55081"}],"wp:attachment":[{"href":"https:\/\/arena-ticket.com\/en\/wp-json\/wp\/v2\/media?parent=46597"}],"wp:term":[{"taxonomy":"product_brand","embeddable":true,"href":"https:\/\/arena-ticket.com\/en\/wp-json\/wp\/v2\/product_brand?post=46597"},{"taxonomy":"product_cat","embeddable":true,"href":"https:\/\/arena-ticket.com\/en\/wp-json\/wp\/v2\/product_cat?post=46597"},{"taxonomy":"product_tag","embeddable":true,"href":"https:\/\/arena-ticket.com\/en\/wp-json\/wp\/v2\/product_tag?post=46597"}],"curies":[{"name":"wp","href":"https:\/\/api.w.org\/{rel}","templated":true}]}}