{"id":46600,"date":"2025-08-07T17:44:31","date_gmt":"2025-08-07T15:44:31","guid":{"rendered":"https:\/\/arena-ticket.com\/?p=46600&#038;post_type=product&#038;preview_id=46600"},"modified":"2025-10-14T18:58:50","modified_gmt":"2025-10-14T16:58:50","slug":"ness-leben-ueberleben-tour-2025-taeubchenthal-leipzig-09-11-2025-2000-uhr","status":"publish","type":"product","link":"https:\/\/arena-ticket.com\/en\/product\/ness-leben-ueberleben-tour-2025-taeubchenthal-leipzig-09-11-2025-2000-uhr\/","title":{"rendered":"NESS \u201eLEBEN \u00dcBERLEBEN\u201c  - Tour 2025"},"content":{"rendered":"<p>L\u00e4uft f\u00fcr NESS: Im September 2024 releaste die K\u00fcnstlerin die EP \u201eFrag f\u00fcr \u2019ne Freundin\u201c und brach zu ihrer bisher gr\u00f6\u00dften und l\u00e4ngsten Headliner-Tournee auf \u2013 zur \u201eFrag f\u00fcr \u2019ne Freundin\u201c-Tour 2024, f\u00fcr deren Shows auch nach Hochverlegungen Tickets nur mit viel Gl\u00fcck zu ergattern waren.<\/p>\n<p>Im Sog dieser krassen Konzerte k\u00fcndigte die LGBTQ+-Ikone, quasi aus der Hinterhand, zur \u00dcberraschung und Freude ihrer Fans gleich ihre n\u00e4chste Tour an! Die \u201eNESS \u2013 TOUR 2025\u201c kn\u00fcpft an, wo und wie die \u00f6sterreichische Musikerin ihre Community zur\u00fcckgelassen hat:<br \/>\nVerschwitzt und gl\u00fccklich, verausgabt und heiser vom Mitsingen.<\/p>\n<p>NESS\u2018 Deutsch-Pop kommt druckvoll, aber immer auch zerbrechlich r\u00fcber und ihre Songs sind Hymnen, zu denen man tanzen, lieben und auch w\u00fcten kann, allein oder in der Menge.<\/p>\n<p>Auch NESS hat Hunger auf die B\u00fchne und ihre Crowd und will ihren verdienten Erfolg bei den dreizehn Shows der kommenden Tour 2025 zusammen mit den Fans feiern, PublikumsLieblingssongs, Hits und auch neues Material sind am Start. Was safe verraten werden kann:<br \/>\n\u201eNESS \u2013 TOUR 2025\u201c wird heftig!<\/p>","protected":false},"excerpt":{"rendered":"<p>Get your tickets now!<\/p>","protected":false},"featured_media":46602,"template":"","meta":{"_acf_changed":false,"inline_featured_image":false},"product_brand":[],"product_cat":[31,69,86,35,6746,499,21,58],"product_tag":[941,942,943,6187,944,967,947,2981,948],"class_list":{"0":"post-46600","1":"product","2":"type-product","3":"status-publish","4":"has-post-thumbnail","6":"product_cat-events","7":"product_cat-konzert","8":"product_cat-leipzig","9":"product_cat-orte","10":"product_cat-singer-songwriter","11":"product_cat-taeubchenthal","12":"product_cat-ticket","13":"product_cat-veranstaltung","14":"product_tag-events","15":"product_tag-konzert","16":"product_tag-leipzig","17":"product_tag-ness-leben-ueberleben","18":"product_tag-orte","19":"product_tag-taeubchenthal","20":"product_tag-ticket","21":"product_tag-tour-2025","22":"product_tag-veranstaltung","23":"product_shipping_class-nur_paketversand","24":"pa_discount-normalpreis","25":"pa_preiskategorie-stehplatz","27":"first","28":"instock","29":"taxable","30":"shipping-taxable","31":"purchasable","32":"product-type-variable"},"group_of_quantity":0,"min_quantity":0,"max_quantity":"","exclude_order_quantity_value_rules":"no","exclude_category_quantity_rules":"no","combine_variations":"no","acf":[],"_links":{"self":[{"href":"https:\/\/arena-ticket.com\/en\/wp-json\/wp\/v2\/product\/46600","targetHints":{"allow":["GET"]}}],"collection":[{"href":"https:\/\/arena-ticket.com\/en\/wp-json\/wp\/v2\/product"}],"about":[{"href":"https:\/\/arena-ticket.com\/en\/wp-json\/wp\/v2\/types\/product"}],"wp:featuredmedia":[{"embeddable":true,"href":"https:\/\/arena-ticket.com\/en\/wp-json\/wp\/v2\/media\/46602"}],"wp:attachment":[{"href":"https:\/\/arena-ticket.com\/en\/wp-json\/wp\/v2\/media?parent=46600"}],"wp:term":[{"taxonomy":"product_brand","embeddable":true,"href":"https:\/\/arena-ticket.com\/en\/wp-json\/wp\/v2\/product_brand?post=46600"},{"taxonomy":"product_cat","embeddable":true,"href":"https:\/\/arena-ticket.com\/en\/wp-json\/wp\/v2\/product_cat?post=46600"},{"taxonomy":"product_tag","embeddable":true,"href":"https:\/\/arena-ticket.com\/en\/wp-json\/wp\/v2\/product_tag?post=46600"}],"curies":[{"name":"wp","href":"https:\/\/api.w.org\/{rel}","templated":true}]}}