{"id":46603,"date":"2025-08-07T18:06:28","date_gmt":"2025-08-07T16:06:28","guid":{"rendered":"https:\/\/arena-ticket.com\/?p=46603&#038;post_type=product&#038;preview_id=46603"},"modified":"2025-09-18T12:22:50","modified_gmt":"2025-09-18T10:22:50","slug":"erobique-open-air-leipzig-parkbuehne-geyserhaus-20-09-2025-1900-uhr","status":"publish","type":"product","link":"https:\/\/arena-ticket.com\/en\/product\/erobique-open-air-leipzig-parkbuehne-geyserhaus-20-09-2025-1900-uhr\/","title":{"rendered":"EROBIQUE - Open Air"},"content":{"rendered":"<p>Carsten \u201aErobique\u2018 Meyer ist sein ihm eigenes Genre. Nachdem in den vergangenen 25 Jahren jeder Bus mit dem jeweils neuesten Disco-Revival an ihm vorbei und auch wieder zur\u00fcckgefahren ist, kann man es nicht anders ausdr\u00fccken. Wenn es in den Metropolen hei\u00dft: \u201eErobique ist in der Stadt\u201c, freuen sich etliche tanzw\u00fctige Menschen zwischen 18 und 80 auf verschwitzte fast sakrale Stunden voller improvisierter Disco-Licks und haarstr\u00e4ubende Gesangseinlagen. Als selbst ernannter vorerst letzter Discopunk Deutschlands genie\u00dft es die \u201elebende Discokugel\u201c (FAZ) die Monotonie der beatgemixten Laptop-DJ-Kultur aufzubrechen und seine Fans mit Schwei\u00df treibenden Tanzmarathons mit spontanen Balladen-Einlagen und w\u00fcst zitierten Hochzeits-Oldies zu begeistern. Ver\u00f6ffentlichungen sind rar (Mirau, Acid Jazz, Asexy); im Juni 2023 aber wird mit dem Album \u201eNr. 2\u201c endlich eine neue Platte von Erobique erscheinen -satte 25 Jahre nach dem Deb\u00fctalbum.<br \/>\nLassen Sie es sich nicht entgehen, dabei zu sein, wenn Erobique gem\u00e4\u00df dem Motto \u201aGrace Under Pressure\u2018 aus den Fossilien der Tanzmusik der letzten 50 Jahre vor ihren Augen feinste Discodiamanten schleift. Viel Spa\u00df beim Dancen!<\/p>","protected":false},"excerpt":{"rendered":"<p>Get your tickets here now!<\/p>","protected":false},"featured_media":49277,"template":"","meta":{"_acf_changed":false,"inline_featured_image":false},"product_brand":[],"product_cat":[6747,31,69,86,35,461,58],"product_tag":[6188,941,942,943,5618,944,969,958,948],"class_list":{"0":"post-46603","1":"product","2":"type-product","3":"status-publish","4":"has-post-thumbnail","6":"product_cat-electronic","7":"product_cat-events","8":"product_cat-konzert","9":"product_cat-leipzig","10":"product_cat-orte","11":"product_cat-parkbuehne-geyserhaus","12":"product_cat-veranstaltung","13":"product_tag-erobique","14":"product_tag-events","15":"product_tag-konzert","16":"product_tag-leipzig","17":"product_tag-open-air","18":"product_tag-orte","19":"product_tag-parkbuehne-geyserhaus","20":"product_tag-show","21":"product_tag-veranstaltung","22":"product_shipping_class-nur_paketversand","23":"pa_discount-kind","24":"pa_discount-normalpreis","25":"pa_preiskategorie-freie-platzwahl","27":"first","28":"instock","29":"taxable","30":"shipping-taxable","31":"purchasable","32":"product-type-variable"},"group_of_quantity":0,"min_quantity":0,"max_quantity":"","exclude_order_quantity_value_rules":"no","exclude_category_quantity_rules":"no","combine_variations":"no","acf":[],"_links":{"self":[{"href":"https:\/\/arena-ticket.com\/en\/wp-json\/wp\/v2\/product\/46603","targetHints":{"allow":["GET"]}}],"collection":[{"href":"https:\/\/arena-ticket.com\/en\/wp-json\/wp\/v2\/product"}],"about":[{"href":"https:\/\/arena-ticket.com\/en\/wp-json\/wp\/v2\/types\/product"}],"wp:featuredmedia":[{"embeddable":true,"href":"https:\/\/arena-ticket.com\/en\/wp-json\/wp\/v2\/media\/49277"}],"wp:attachment":[{"href":"https:\/\/arena-ticket.com\/en\/wp-json\/wp\/v2\/media?parent=46603"}],"wp:term":[{"taxonomy":"product_brand","embeddable":true,"href":"https:\/\/arena-ticket.com\/en\/wp-json\/wp\/v2\/product_brand?post=46603"},{"taxonomy":"product_cat","embeddable":true,"href":"https:\/\/arena-ticket.com\/en\/wp-json\/wp\/v2\/product_cat?post=46603"},{"taxonomy":"product_tag","embeddable":true,"href":"https:\/\/arena-ticket.com\/en\/wp-json\/wp\/v2\/product_tag?post=46603"}],"curies":[{"name":"wp","href":"https:\/\/api.w.org\/{rel}","templated":true}]}}