{"id":46607,"date":"2025-08-07T18:16:57","date_gmt":"2025-08-07T16:16:57","guid":{"rendered":"https:\/\/arena-ticket.com\/?p=46607&#038;post_type=product&#038;preview_id=46607"},"modified":"2026-03-30T16:45:13","modified_gmt":"2026-03-30T14:45:13","slug":"florian-paul-die-kapelle-der-letzten-hoffnung-alles-wird-besser-tour-2025-der-anker-leipzig-24-10-2025-2000-uhr","status":"publish","type":"product","link":"https:\/\/arena-ticket.com\/en\/product\/florian-paul-die-kapelle-der-letzten-hoffnung-alles-wird-besser-tour-2025-der-anker-leipzig-24-10-2025-2000-uhr\/","title":{"rendered":"Florian Paul &amp; die Kapelle der letzten Hoffnung \"Alles wird besser\" Tour 2025"},"content":{"rendered":"<p>Im Herbst 2024 gehen Florian Paul und seine \u201eKapelle der letzten Hoffnung\u201c mit ihrem neuen Album \u201eAlles wird besser\u201c auf gro\u00dfe Releasetour.<\/p>\n<p>Nach dem Erfolg ihres zweiten Albums \u201eAuf Sand gebaut\u201c, das ihnen unter anderem einen Auftritt in der NDR Kultsendung \u201eInas Nacht\u201c und Millionen Streams bei Spotify verschaffte, melden sie sich jetzt mit einem brandneuen Programm zur\u00fcck.<\/p>\n<p>Und in Zeiten wachsender globaler Krisen haben sie eine klare Botschaft im Gep\u00e4ck:<br \/>\nAlles wird besser!<br \/>\nSie haben keine Lust den Kopf in den Sand zu stecken. Ganz getreu ihrem Bandnamen haben sie jede Menge Hoffnung mitgebracht. Mit neuen Songs und alten Hits kreieren sie auf der B\u00fchne einen unvergleichlich vielseitigen, energetischen Sound, der wild, tanzbar und trotzdem voll nachdenklicher Melancholie ist.<\/p>\n<p>Ihre Konzerte sind Erholung, Befreiung, Sehnsuchtsort und Gedankenansto\u00df. Sie sind Theater- und Clubbesuch in einem. Wild, vertr\u00e4umt, virtuos und einfach wundersch\u00f6n.<\/p>\n<p>Also denkt daran: \u201eEs wird so schnell nicht alles gut \u2013 doch jeden Tag ein bisschen besser.\u201c<\/p>","protected":false},"excerpt":{"rendered":"<p>Get your tickets here now!<\/p>","protected":false},"featured_media":46609,"template":"","meta":{"_acf_changed":false,"inline_featured_image":false},"product_brand":[],"product_cat":[388,31,6748,69,86,35,21,58],"product_tag":[971,2859,941,6189,942,943,944,947,948],"class_list":{"0":"post-46607","1":"product","2":"type-product","3":"status-publish","4":"has-post-thumbnail","6":"product_cat-anker","7":"product_cat-events","8":"product_cat-indie","9":"product_cat-konzert","10":"product_cat-leipzig","11":"product_cat-orte","12":"product_cat-ticket","13":"product_cat-veranstaltung","14":"product_tag-anker","15":"product_tag-der-anker","16":"product_tag-events","17":"product_tag-florian-paul-die-kapelle-der-letzten-hoffnung-alles-wird-besser-tour-2025","18":"product_tag-konzert","19":"product_tag-leipzig","20":"product_tag-orte","21":"product_tag-ticket","22":"product_tag-veranstaltung","23":"product_shipping_class-nur_paketversand","24":"pa_discount-ermaessigt","25":"pa_discount-normalpreis","26":"pa_preiskategorie-stehplatz","28":"first","29":"instock","30":"taxable","31":"shipping-taxable","32":"purchasable","33":"product-type-variable"},"group_of_quantity":0,"min_quantity":0,"max_quantity":"","exclude_order_quantity_value_rules":"no","exclude_category_quantity_rules":"no","combine_variations":"no","acf":[],"_links":{"self":[{"href":"https:\/\/arena-ticket.com\/en\/wp-json\/wp\/v2\/product\/46607","targetHints":{"allow":["GET"]}}],"collection":[{"href":"https:\/\/arena-ticket.com\/en\/wp-json\/wp\/v2\/product"}],"about":[{"href":"https:\/\/arena-ticket.com\/en\/wp-json\/wp\/v2\/types\/product"}],"wp:featuredmedia":[{"embeddable":true,"href":"https:\/\/arena-ticket.com\/en\/wp-json\/wp\/v2\/media\/46609"}],"wp:attachment":[{"href":"https:\/\/arena-ticket.com\/en\/wp-json\/wp\/v2\/media?parent=46607"}],"wp:term":[{"taxonomy":"product_brand","embeddable":true,"href":"https:\/\/arena-ticket.com\/en\/wp-json\/wp\/v2\/product_brand?post=46607"},{"taxonomy":"product_cat","embeddable":true,"href":"https:\/\/arena-ticket.com\/en\/wp-json\/wp\/v2\/product_cat?post=46607"},{"taxonomy":"product_tag","embeddable":true,"href":"https:\/\/arena-ticket.com\/en\/wp-json\/wp\/v2\/product_tag?post=46607"}],"curies":[{"name":"wp","href":"https:\/\/api.w.org\/{rel}","templated":true}]}}