{"id":46649,"date":"2025-08-09T14:19:05","date_gmt":"2025-08-09T12:19:05","guid":{"rendered":"https:\/\/arena-ticket.com\/?p=46649&#038;post_type=product&#038;preview_id=46649"},"modified":"2025-10-27T13:12:37","modified_gmt":"2025-10-27T12:12:37","slug":"tabaluga-und-lilli-das-drachenstarke-musical-fuer-die-ganze-familie-grimma-ggi-muldentalhalle-14-11-2025-1630-uhr","status":"publish","type":"product","link":"https:\/\/arena-ticket.com\/en\/product\/tabaluga-und-lilli-das-drachenstarke-musical-fuer-die-ganze-familie-grimma-ggi-muldentalhalle-14-11-2025-1630-uhr\/","title":{"rendered":"Tabaluga und Lilli  - Das drachenstarke Musical f\u00fcr die ganze Familie"},"content":{"rendered":"<p>Erleben Sie das fantasievolle Musical \u201eTabaluga und Lilli\u201c \u2013 ein zauberhaftes Abenteuer f\u00fcr Gro\u00df und Klein!<\/p>\n<p>In seinem zweiten gro\u00dfen Abenteuer macht sich der kleine Drache Tabaluga erneut auf den Weg, um das wahre Feuer zu finden und die Welt vor der eisigen Bedrohung zu bewahren. An der Seite eines weisen Magiers meistert er mutig zahlreiche Herausforderungen, begegnet wundersamen Kreaturen und entdeckt dabei die Kraft der Liebe.<\/p>\n<p>Mit detailreichen Kost\u00fcmen, eindrucksvollen B\u00fchnenbildern und den beliebten Songs von Peter Maffay wird diese Live-Inszenierung zu einem unvergesslichen Erlebnis f\u00fcr Kinder ab vier Jahren \u2013 und f\u00fcr alle, die sich ihre kindliche Fantasie bewahrt haben.<\/p>\n<p>Lassen Sie sich entf\u00fchren in eine Welt voller Magie, Freundschaft und Abenteuer!<\/p>\n<p>&nbsp;<\/p>\n<p>&nbsp;<\/p>\n<p><strong>Kinder bis einschlie\u00dflich 3 Jahren haben freien Eintritt ohne Sitzplatzanspruch.\u00a0<\/strong><\/p>","protected":false},"excerpt":{"rendered":"<p>Secure your tickets!<\/p>","protected":false},"featured_media":49303,"template":"","meta":{"_acf_changed":false,"inline_featured_image":false},"product_brand":[],"product_cat":[31,2800,2799,94,6729,64,35,58],"product_tag":[4925,941,3080,3079,978,963,944,4277,948],"class_list":{"0":"post-46649","1":"product","2":"type-product","3":"status-publish","4":"has-post-thumbnail","6":"product_cat-events","7":"product_cat-ggi-muldentalhalle","8":"product_cat-grimma","9":"product_cat-kinder","10":"product_cat-musical","11":"product_cat-musical-show","12":"product_cat-orte","13":"product_cat-veranstaltung","14":"product_tag-das-drachenstarke-musical-fuer-die-ganze-familie","15":"product_tag-events","16":"product_tag-ggi-muldentalhalle","17":"product_tag-grimma","18":"product_tag-kinder","19":"product_tag-musical","20":"product_tag-orte","21":"product_tag-tabaluga-und-lilli","22":"product_tag-veranstaltung","23":"product_shipping_class-nur_paketversand","24":"pa_discount-kind","25":"pa_discount-normalpreis","26":"pa_preiskategorie-pk-i","27":"pa_preiskategorie-pk-ii","28":"pa_preiskategorie-pk-iii","29":"pa_preiskategorie-pk-iv","31":"first","32":"instock","33":"taxable","34":"shipping-taxable","35":"purchasable","36":"product-type-variable"},"group_of_quantity":0,"min_quantity":0,"max_quantity":"","exclude_order_quantity_value_rules":"no","exclude_category_quantity_rules":"no","combine_variations":"no","acf":[],"_links":{"self":[{"href":"https:\/\/arena-ticket.com\/en\/wp-json\/wp\/v2\/product\/46649","targetHints":{"allow":["GET"]}}],"collection":[{"href":"https:\/\/arena-ticket.com\/en\/wp-json\/wp\/v2\/product"}],"about":[{"href":"https:\/\/arena-ticket.com\/en\/wp-json\/wp\/v2\/types\/product"}],"wp:featuredmedia":[{"embeddable":true,"href":"https:\/\/arena-ticket.com\/en\/wp-json\/wp\/v2\/media\/49303"}],"wp:attachment":[{"href":"https:\/\/arena-ticket.com\/en\/wp-json\/wp\/v2\/media?parent=46649"}],"wp:term":[{"taxonomy":"product_brand","embeddable":true,"href":"https:\/\/arena-ticket.com\/en\/wp-json\/wp\/v2\/product_brand?post=46649"},{"taxonomy":"product_cat","embeddable":true,"href":"https:\/\/arena-ticket.com\/en\/wp-json\/wp\/v2\/product_cat?post=46649"},{"taxonomy":"product_tag","embeddable":true,"href":"https:\/\/arena-ticket.com\/en\/wp-json\/wp\/v2\/product_tag?post=46649"}],"curies":[{"name":"wp","href":"https:\/\/api.w.org\/{rel}","templated":true}]}}