{"id":46661,"date":"2025-08-09T14:31:58","date_gmt":"2025-08-09T12:31:58","guid":{"rendered":"https:\/\/arena-ticket.com\/?p=46661&#038;post_type=product&#038;preview_id=46661"},"modified":"2025-10-27T13:15:21","modified_gmt":"2025-10-27T12:15:21","slug":"die-grosse-johann-strauss-revue-das-neujahrskonzert-grimma-ggi-muldentalhalle-23-01-2026-1900-uhr","status":"publish","type":"product","link":"https:\/\/arena-ticket.com\/en\/product\/die-grosse-johann-strauss-revue-das-neujahrskonzert-grimma-ggi-muldentalhalle-23-01-2026-1900-uhr\/","title":{"rendered":"Die gro\u00dfe Johann Strauss Revue - Das Neujahrskonzert"},"content":{"rendered":"<p>DIE GROSSE JOHANN STRAUSS REVUE<\/p>\n<p>The Vienna Waltz Orchestra, internationally renowned soloists and an enchanting ballet will take you into the world of the waltz king Johann Strauss.<\/p>\n<p>Lassen Sie sich mitrei\u00dfen von den Kl\u00e4ngen weltber\u00fchmter Walzer, M\u00e4rsche und Polkas, welche Ihnen unter der Leitung des Stehgeiger und Entertainer Rafael Regilio dargeboten werden, und erleben Sie eine musikalische Reise voller Leidenschaft und Gef\u00fchl.<\/p>\n<p>The musicians of the Vienna Waltz Orchestra, who have already performed on many stages around the world, play for you the most beautiful melodies of the great master of operetta such as \u201cOn the Beautiful Blue Danube\u201d, the \u201cEmperor Waltz\u201d or \u201cViennese Blood\u201d.<\/p>\n<p>Unterst\u00fctzt wird das Orchester dabei von den gro\u00dfartigen Stimmen der Solisten. Zu den Walzerkl\u00e4ngen tanzt das Ballett mit anmutigen Choreografien und unterstreicht den Zauber und die Einzigartigkeit dieser Musik. Lassen Sie sich von der Inszenierung voller Witz und Wiener Charme begeistern.<\/p>","protected":false},"excerpt":{"rendered":"<p>Internationally renowned soloists and an enchanting ballet will take you into the world of the waltz king Johann Strauss.<\/p>","protected":false},"featured_media":52967,"template":"","meta":{"_acf_changed":false,"inline_featured_image":false},"product_brand":[],"product_cat":[31,2800,2799,6741,69,35,58],"product_tag":[6190,3078,941,3080,3079,942,948],"class_list":{"0":"post-46661","1":"product","2":"type-product","3":"status-publish","4":"has-post-thumbnail","6":"product_cat-events","7":"product_cat-ggi-muldentalhalle","8":"product_cat-grimma","9":"product_cat-klassik","10":"product_cat-konzert","11":"product_cat-orte","12":"product_cat-veranstaltung","13":"product_tag-das-neujahrskonzert","14":"product_tag-die-grosse-johann-strauss-revue","15":"product_tag-events","16":"product_tag-ggi-muldentalhalle","17":"product_tag-grimma","18":"product_tag-konzert","19":"product_tag-veranstaltung","20":"product_shipping_class-nur_paketversand","21":"pa_discount-normalpreis","22":"pa_preiskategorie-pk-i","23":"pa_preiskategorie-pk-ii","25":"first","26":"instock","27":"taxable","28":"shipping-taxable","29":"purchasable","30":"product-type-variable"},"group_of_quantity":0,"min_quantity":0,"max_quantity":"","exclude_order_quantity_value_rules":"no","exclude_category_quantity_rules":"no","combine_variations":"no","acf":[],"_links":{"self":[{"href":"https:\/\/arena-ticket.com\/en\/wp-json\/wp\/v2\/product\/46661","targetHints":{"allow":["GET"]}}],"collection":[{"href":"https:\/\/arena-ticket.com\/en\/wp-json\/wp\/v2\/product"}],"about":[{"href":"https:\/\/arena-ticket.com\/en\/wp-json\/wp\/v2\/types\/product"}],"wp:featuredmedia":[{"embeddable":true,"href":"https:\/\/arena-ticket.com\/en\/wp-json\/wp\/v2\/media\/52967"}],"wp:attachment":[{"href":"https:\/\/arena-ticket.com\/en\/wp-json\/wp\/v2\/media?parent=46661"}],"wp:term":[{"taxonomy":"product_brand","embeddable":true,"href":"https:\/\/arena-ticket.com\/en\/wp-json\/wp\/v2\/product_brand?post=46661"},{"taxonomy":"product_cat","embeddable":true,"href":"https:\/\/arena-ticket.com\/en\/wp-json\/wp\/v2\/product_cat?post=46661"},{"taxonomy":"product_tag","embeddable":true,"href":"https:\/\/arena-ticket.com\/en\/wp-json\/wp\/v2\/product_tag?post=46661"}],"curies":[{"name":"wp","href":"https:\/\/api.w.org\/{rel}","templated":true}]}}