{"id":46664,"date":"2025-08-09T14:36:55","date_gmt":"2025-08-09T12:36:55","guid":{"rendered":"https:\/\/arena-ticket.com\/?p=46664&#038;post_type=product&#038;preview_id=46664"},"modified":"2026-02-23T11:26:39","modified_gmt":"2026-02-23T10:26:39","slug":"die-udo-juergens-story-sein-leben-seine-liebe-seine-musik-grimma-ggi-muldentalhalle-06-03-2026-1930-uhr","status":"publish","type":"product","link":"https:\/\/arena-ticket.com\/en\/product\/die-udo-juergens-story-sein-leben-seine-liebe-seine-musik-grimma-ggi-muldentalhalle-06-03-2026-1930-uhr\/","title":{"rendered":"Die Udo J\u00fcrgens Story  - Sein Leben, seine Liebe, seine Musik!"},"content":{"rendered":"<p><b>Die Udo J\u00fcrgens Story \u2013 Tournee 2025 Die erfolgreiche Tribute-Show \u00fcber den weltber\u00fchmten Ausnahmek\u00fcnstler und Grandseigneur des deutschsprachigen Chanson und Schlagers geht nach sieben erfolgreichen Jahren auch 2025 weiter!<\/b><\/p>\n<p>Sold-out venues, enthusiastic audiences, standing ovations \u2013 and no end in sight!<\/p>\n<p>Mit bisher mehr als 400 Konzerten tourt \u201eDie Udo J\u00fcrgens Story\u201c durch \u00d6sterreich, Deutschland und die Schweiz und hat damit schon an die 250\u00b4000 begeisterte Besucher in ihren Bann gezogen. Standing Ovations sind nicht die Seltenheit, sondern Standard. Zigtausende Besucher verfolgen sie zudem auf Facebook und anderen sozialen Medien, beim Fan-Report der Ticket-Plattform eventim gl\u00e4nzt die Produktion mit selten gesehenen Bestnoten, Zeitungsredakteure \u00fcberschlagen sich mit Lobeshymnen auf die Produktion.<\/p>\n<p>On September 30, 2024, Udo J\u00fcrgens would have celebrated his 90th birthday. December 21, 2024 will mark the tenth anniversary of his death - and for over half a decade, &quot;The Udo J\u00fcrgens Story - his life, his love, his music&quot; has been celebrating the unforgettable entertainer and the enthusiasm for his songs, his melodies, his lyrics and also for his personality is unbroken.<\/p>\n<p>\u201cThe Udo J\u00fcrgens Story\u201d is a sensitive, entertaining and extraordinary homage to the grand seigneur of German entertainment music. The award-winning film and theater actress Gabriela Benesch and Alex Parker, the best-known and best Udo J\u00fcrgens interpreter, lead their guests on a musical journey through time with hits such as: Merci Cherie; An honorable house, I&#039;ve never been to New York, Greek wine, But with cream please, At 66 years old, Today the rest of your life begins, Love without suffering, Dream dancer, And the sun always rises, 5 minutes to 12, My goal - and many more!<\/p>\n<p>Gabriela Benesch tells subtle anecdotes and interesting facts with charm, wit and empathy and quotes devotedly from Udo J\u00fcrgens&#039; personal notes. The brilliant duo Benesch and Parker, directed by Erich Furrer, provide an evening full of memories and surprises and make the heart of every Udo J\u00fcrgens fan beat faster. After over four hundred performances, nightly standing ovations and over 250,000 spectators, the show is currently one of the most successful touring shows of this music legend.<\/p>\n<p>2025 werden erneut rund 140 Gastspiele in Deutschland, \u00d6sterreich und der Schweiz auf dem Tourplan stehen \u2013 darunter zahlreiche St\u00e4dte, in denen die Show zum ersten Mal gastiert. Zus\u00e4tzlich werden bei der 2025er Tournee weitere unvergessliche Melodien in das Showprogramm einflie\u00dfen.<\/p>\n<p>\u201eUdo J\u00fcrgens war ein Freigeist, in jeder Hinsicht. Musikalisch bewegte er sich unbeschwert zwischen Schlager, Chanson, Jazz und Popmusik\u201c, erkl\u00e4rt Gabriela Benesch. \u201eInhaltlich f\u00fchlte er sich dem Frieden, der Freiheit und vor allem der Liebe verpflichtet und hatte dabei keine Angst auch einmal anzuecken.\u201c Neben der Verehrung von Udo J\u00fcrgens als Entertainer hat Gabriela Benesch den weltber\u00fchmten Ausnahmek\u00fcnstler gleich mehrmals pers\u00f6nlich getroffen und sagt: \u201eF\u00fcr mich ist Udo J\u00fcrgens ein Friedensbotschafter und auch wenn er nicht mehr unter uns ist, ber\u00fchren und bestechen seine Lieder mit einer unglaublichen Aktualit\u00e4t. Er hat sich immer f\u00fcr die W\u00fcrde des Menschen und gegen Neid, Gier, Gr\u00f6\u00dfenwahn und Waffengewalt ausgesprochen und sich f\u00fcr eine friedliche und gerechte Welt eingesetzt. Udo J\u00fcrgens war davon \u00fcberzeugt, dass die Liebe siegen wird. Geblieben sind \u2013 gem\u00e4\u00df seinem Motto \u201eIch lass euch alles da\u201c \u2013 seine unvergesslichen Kompositionen, welche durch \u201eDie Udo J\u00fcrgens Story\u201c live zum Leben erweckt werden und bestehende wie k\u00fcnftige Fans in das Leben und die Welt des K\u00fcnstlers eintauchen lassen.\u201c<\/p>\n<p>Mit 61 Alben- und \u00fcber 400 Single-Platzierungen in den Charts, mit rund 1.000 komponierten Liedern und mehr als 100 Millionen verkauften Tontr\u00e4gern z\u00e4hlt er zu den erfolgreichsten Solok\u00fcnstlern weltweit.<\/p>\n<p>\u201eEigentlich w\u00fcrde es mindestens drei, vier oder f\u00fcnf Abende ben\u00f6tigen, um sein Gesamtwerk zu w\u00fcrdigen\u201c, erkl\u00e4rt Regisseur Erich Furrer. \u201eUnsere Auswahl f\u00fcr einen Abend trifft aber offenbar den Nerv und die Herzen des Publikums. 2025 werden wir bei ausgew\u00e4hlten Veranstaltungen dennoch den einen oder anderen Song einbringen, der bisher noch nicht in der Show zu h\u00f6ren war. Diese Erfahrungen wollen wir nutzen, um unser erfolgreiches Programm behutsam weiterzuentwickeln und f\u00fcr mindestens weitere f\u00fcnf Jahre jung zu halten.\u201c<\/p>\n<p>Die in Wien geborenen Schauspielerin Gabriela Benesch hatte \u2013 gemeinsam mit ihrem Mann, dem Schweizer Regisseur, Schauspieler Autor und Produzenten Erich Furrer die Idee f\u00fcr die Show. Humorvoll und mit viel Einf\u00fchlungsverm\u00f6gen schildert sie Geschichten und Anekdoten aus den pers\u00f6nlichen Aufzeichnungen des gro\u00dfen Entertainers. Sie nimmt die Zuschauer mit auf eine Reise, beginnend in Udo J\u00fcrgens Kindheit bis in sein hohes Alter und gew\u00e4hrt dabei tiefe Einblicke in seinen Werdegang und sein Wirken.<\/p>\n<p>Musikalisch begleitet werden die erz\u00e4hlerischen Einblicke von S\u00e4nger und Pianist Alex Parker. Parker gilt nicht grundlos als der bekannteste Udo-J\u00fcrgens-Interpret im gesamten deutschsprachigen Raum. Ob in Hamburg, Dresden, M\u00fcnchen, Berlin oder Wien \u2013 Alex Parker begeistert Udo J\u00fcrgens Fans und Liebhaber mit seiner wunderbaren Stimme gleicherma\u00dfen und begleitet sich nach Udos Manier auch selbst am Klavier. Ganz im Stil seines gro\u00dfen Idols versteht Parker es auf sympathische Art und Weise, eine einzigartige, hochemotionale Atmosph\u00e4re zwischen sich und seinem Publikum zu schaffen. Wie nah er dabei am Original ist, best\u00e4tigte Udo J\u00fcrgens dem damals 19-j\u00e4hrigen Alex Parker h\u00f6chstpers\u00f6nlich, als er ihn in einer Hotel-Lobby singen h\u00f6rte.<\/p>\n<p>Regisseur und Produzent ist der in Wien geborene und in der Schweiz aufgewachsene Erich Furrer. Furrer hat an der Hochschule f\u00fcr Musik und Theater in Bern\/CH studiert und arbeitet seit vielen Jahren als Schauspieler, Regisseur, Comedian, Autor und Produzent. Er schreibt und produziert Musicals, feierte Erfolge mit Neudichtungen von Werken Shakespeares und wurde als Schauspieler in zahlreichen Theaterproduktionen mit Preisen ausgezeichnet.<\/p>","protected":false},"excerpt":{"rendered":"<p>Die Udo J\u00fcrgens Story mit Gabriela Benesch und Alex Parker. Sein Leben, seine Liebe, seine Musik!<\/p>","protected":false},"featured_media":55838,"template":"","meta":{"_acf_changed":false,"inline_featured_image":false},"product_brand":[],"product_cat":[31,2800,2799,64,35,6730,58,6581],"product_tag":[3510,941,3080,3079,942,6773,944,3512,3511,3513,3514,958,948,2048],"class_list":{"0":"post-46664","1":"product","2":"type-product","3":"status-publish","4":"has-post-thumbnail","6":"product_cat-events","7":"product_cat-ggi-muldentalhalle","8":"product_cat-grimma","9":"product_cat-musical-show","10":"product_cat-orte","11":"product_cat-show","12":"product_cat-veranstaltung","13":"product_cat-weihnachten","14":"product_tag-die-udo-juergens-story","15":"product_tag-events","16":"product_tag-ggi-muldentalhalle","17":"product_tag-grimma","18":"product_tag-konzert","19":"product_tag-musical-show","20":"product_tag-orte","21":"product_tag-sein-leben","22":"product_tag-sein-leben-seine-liebe-seine-musik","23":"product_tag-seine-liebe","24":"product_tag-seine-musik","25":"product_tag-show","26":"product_tag-veranstaltung","27":"product_tag-weihnachten","28":"product_shipping_class-nur_paketversand","29":"pa_discount-normalpreis","30":"pa_preiskategorie-pk-i","31":"pa_preiskategorie-pk-ii","32":"pa_preiskategorie-pk-iii","34":"first","35":"instock","36":"taxable","37":"shipping-taxable","38":"purchasable","39":"product-type-variable"},"group_of_quantity":0,"min_quantity":0,"max_quantity":"","exclude_order_quantity_value_rules":"no","exclude_category_quantity_rules":"no","combine_variations":"no","acf":[],"_links":{"self":[{"href":"https:\/\/arena-ticket.com\/en\/wp-json\/wp\/v2\/product\/46664","targetHints":{"allow":["GET"]}}],"collection":[{"href":"https:\/\/arena-ticket.com\/en\/wp-json\/wp\/v2\/product"}],"about":[{"href":"https:\/\/arena-ticket.com\/en\/wp-json\/wp\/v2\/types\/product"}],"wp:featuredmedia":[{"embeddable":true,"href":"https:\/\/arena-ticket.com\/en\/wp-json\/wp\/v2\/media\/55838"}],"wp:attachment":[{"href":"https:\/\/arena-ticket.com\/en\/wp-json\/wp\/v2\/media?parent=46664"}],"wp:term":[{"taxonomy":"product_brand","embeddable":true,"href":"https:\/\/arena-ticket.com\/en\/wp-json\/wp\/v2\/product_brand?post=46664"},{"taxonomy":"product_cat","embeddable":true,"href":"https:\/\/arena-ticket.com\/en\/wp-json\/wp\/v2\/product_cat?post=46664"},{"taxonomy":"product_tag","embeddable":true,"href":"https:\/\/arena-ticket.com\/en\/wp-json\/wp\/v2\/product_tag?post=46664"}],"curies":[{"name":"wp","href":"https:\/\/api.w.org\/{rel}","templated":true}]}}