{"id":46669,"date":"2025-08-09T14:45:02","date_gmt":"2025-08-09T12:45:02","guid":{"rendered":"https:\/\/arena-ticket.com\/?p=46669&#038;post_type=product&#038;preview_id=46669"},"modified":"2025-08-09T14:50:46","modified_gmt":"2025-08-09T12:50:46","slug":"herr-foerster-ihre-flinte-knallt-im-wald-und-auf-der-heidi-grimma-ggi-muldentalhalle-14-03-2026-2000-uhr","status":"publish","type":"product","link":"https:\/\/arena-ticket.com\/en\/product\/herr-foerster-ihre-flinte-knallt-im-wald-und-auf-der-heidi-grimma-ggi-muldentalhalle-14-03-2026-2000-uhr\/","title":{"rendered":"Herr F\u00f6rster, Ihre Flinte knallt!  - Im Wald und auf der Heidi"},"content":{"rendered":"<h2 class=\"text-muted\">Die neue frivole Kom\u00f6die \u2013 P 18!<\/h2>\n<p class=\"mt-2 pt-2\">BITTE BEACHTEN SIE:\u2028 Jugendliche unter 18 Jahren erhalten Zutritt nur in Begleitung ihrer Eltern.\u2028 Jugendliche unter 16 Jahren erhalten keinen Zutritt.<\/p>\n<p>Der F\u00f6rster Karl-Eduard von Schniedensch\u00fctz ist verzweifelt. In seinem Revier treibt ein Wilddieb sein Unwesen, der ihm die Rotwild-Abschussquote vermiest. Des F\u00f6rsters Frau geht fremd, die Liesel, seine Tochter, k\u00fcrzt ihr Dirndl in jeder Woche um mindestens f\u00fcnf Zentimeter und sein bisher ruhiger Waldsee hat sich zum FKK-Geheimtipp entwickelt.<br \/>\nUnd nun taucht auch noch eine h\u00fcbsche Kriminalistin auf, die ausgerechnet in seinem Revier nach einem angeblich dort verscharrten Trickbetr\u00fcger sucht.<\/p>\n<p>Probleme \u00fcber Probleme also, die der F\u00f6rster nur mit seinen Freunden, dem J\u00e4germeister und dem Zinnaer Klosterbruder ertragen kann.<br \/>\nAls dann auch noch Frau Leutheuser-Schnarrenthal in seinem Wald auftaucht um nach ihrer gro\u00dfen Jugendliebe, dem alten Holzmichl, zu suchen, ist das Chaos komplett.<br \/>\nWenn dem Karl-Eduard jetzt noch jemand steckt, dass sein F\u00f6rsterliesl ausgerechnet mit seinem Erzfeind, dem Wilddieb, schnackselt, muss der F\u00f6rster sehr aufpassen, dass seine Flinte nicht an falscher Stelle knallt.<\/p>","protected":false},"excerpt":{"rendered":"<p>Sichern Sie sich Ihre Tickets! Eintritt erst ab 18 Jahren!<\/p>","protected":false},"featured_media":46672,"template":"","meta":{"_acf_changed":false,"inline_featured_image":false},"product_brand":[],"product_cat":[31,2800,2799,95,35,6727,58],"product_tag":[954,941,3080,3079,5436,6191,948],"class_list":{"0":"post-46669","1":"product","2":"type-product","3":"status-publish","4":"has-post-thumbnail","6":"product_cat-events","7":"product_cat-ggi-muldentalhalle","8":"product_cat-grimma","9":"product_cat-humor","10":"product_cat-orte","11":"product_cat-sonstiges_humor","12":"product_cat-veranstaltung","13":"product_tag-comedy","14":"product_tag-events","15":"product_tag-ggi-muldentalhalle","16":"product_tag-grimma","17":"product_tag-herr-foerster-ihre-flinte-knallt","18":"product_tag-im-wald-und-auf-der-heidi","19":"product_tag-veranstaltung","20":"product_shipping_class-nur_paketversand","21":"pa_discount-normalpreis","22":"pa_preiskategorie-pk-i","24":"first","25":"instock","26":"taxable","27":"shipping-taxable","28":"purchasable","29":"product-type-variable"},"group_of_quantity":0,"min_quantity":0,"max_quantity":"","exclude_order_quantity_value_rules":"no","exclude_category_quantity_rules":"no","combine_variations":"no","acf":[],"_links":{"self":[{"href":"https:\/\/arena-ticket.com\/en\/wp-json\/wp\/v2\/product\/46669","targetHints":{"allow":["GET"]}}],"collection":[{"href":"https:\/\/arena-ticket.com\/en\/wp-json\/wp\/v2\/product"}],"about":[{"href":"https:\/\/arena-ticket.com\/en\/wp-json\/wp\/v2\/types\/product"}],"wp:featuredmedia":[{"embeddable":true,"href":"https:\/\/arena-ticket.com\/en\/wp-json\/wp\/v2\/media\/46672"}],"wp:attachment":[{"href":"https:\/\/arena-ticket.com\/en\/wp-json\/wp\/v2\/media?parent=46669"}],"wp:term":[{"taxonomy":"product_brand","embeddable":true,"href":"https:\/\/arena-ticket.com\/en\/wp-json\/wp\/v2\/product_brand?post=46669"},{"taxonomy":"product_cat","embeddable":true,"href":"https:\/\/arena-ticket.com\/en\/wp-json\/wp\/v2\/product_cat?post=46669"},{"taxonomy":"product_tag","embeddable":true,"href":"https:\/\/arena-ticket.com\/en\/wp-json\/wp\/v2\/product_tag?post=46669"}],"curies":[{"name":"wp","href":"https:\/\/api.w.org\/{rel}","templated":true}]}}