{"id":46685,"date":"2025-08-09T15:00:31","date_gmt":"2025-08-09T13:00:31","guid":{"rendered":"https:\/\/arena-ticket.com\/?p=46685&#038;post_type=product&#038;preview_id=46685"},"modified":"2025-08-09T15:13:18","modified_gmt":"2025-08-09T13:13:18","slug":"ic-falkenberg-die-band-komm-an-land-wurzen-kulturhaus-schweizergarten-11-10-2025-2000-uhr","status":"publish","type":"product","link":"https:\/\/arena-ticket.com\/en\/product\/ic-falkenberg-die-band-komm-an-land-wurzen-kulturhaus-schweizergarten-11-10-2025-2000-uhr\/","title":{"rendered":"IC Falkenberg  - Die Band - Komm an Land"},"content":{"rendered":"<section class=\"c-full c-inner c-narrow\" data-c=\"stageteasertext\" data-qa=\"stageteasertext-component\">\n<div class=\"container\">\n<div class=\"external-content no-margin\">\n<div class=\"u-position-relative js-moretext-wrapper\">\n<div class=\"moretext js-moretext expanded\" data-qa=\"readMoreText\" aria-expanded=\"true\">\n<div class=\"moretext-teaser\">\n<section class=\"c-full c-inner c-narrow\" data-c=\"stageteasertext\" data-qa=\"stageteasertext-component\">\n<div class=\"container\">\n<div class=\"external-content no-margin\">\n<div class=\"u-position-relative js-moretext-wrapper\">\n<div class=\"moretext js-moretext expanded\" data-qa=\"readMoreText\">\n<div class=\"moretext-teaser\">\n<p>IC FALKENBERG &amp; DIE BAND<\/p>\n<p>\u201eKomm an Land\u201c<\/p>\n<p>26.04.2025<\/p>\n<p>Alter Gasometer Zwickau<\/p>\n<p>F\u00fcr sein neues Konzertprogramm hat IC FALKENBERG tief in seine Repertoiretruhe gegriffen und sein Publikum befragt. Er singt und spielt neben brandneuen Liedern vom neuen Album, seinen Hits, Songs die lange in seinen Konzerten fehlten.<\/p>\n<p>Das alles wird instrumental getragen von druckvollen Arrangements, virtuosen Gitarrensoli, mitrei\u00dfenden Beats und einer Menge Ohrwurmmelodien. Und nat\u00fcrlich haben auch diese Lieder spannende und am\u00fcsante Geschichten, die erz\u00e4hlt werden m\u00fcssen.<\/p>\n<\/div>\n<\/div>\n<div class=\"link moretext-toggle\"><\/div>\n<\/div>\n<\/div>\n<\/div>\n<\/section>\n<section class=\"c container\" data-c=\"eviwidget\" data-qa=\"evi-widget\">\n<div class=\"js-evi-wrapper theme-element-border evi-wrapper\">\n<div class=\"js-evi-box\" data-evi-widget-version=\"3.19.0\">\n<div id=\"evi-widget-rule-11e8fcb5-8a5e-aaee-e6eb-996adb054c48\" class=\"evi-widget evi-widget evi-widget-type-ticket-alarm-single\"><\/div>\n<\/div>\n<\/div>\n<\/section>\n<\/div>\n<\/div>\n<\/div>\n<\/div>\n<\/div>\n<\/section>","protected":false},"excerpt":{"rendered":"<div class=\"event__header\" data-v-331ed750=\"\">Secure your tickets!<\/div>","protected":false},"featured_media":46688,"template":"","meta":{"_acf_changed":false,"inline_featured_image":false},"product_brand":[],"product_cat":[31,69,2802,35,6732,58,2801],"product_tag":[6192,3169,942,3162,948,3161],"class_list":{"0":"post-46685","1":"product","2":"type-product","3":"status-publish","4":"has-post-thumbnail","6":"product_cat-events","7":"product_cat-konzert","8":"product_cat-kulturhaus-schweizergarten","9":"product_cat-orte","10":"product_cat-rock-hard-rock","11":"product_cat-veranstaltung","12":"product_cat-wurzen","13":"product_tag-die-band-komm-an-land","14":"product_tag-ic-falkenberg","15":"product_tag-konzert","16":"product_tag-kulturhaus-schweizergarten","17":"product_tag-veranstaltung","18":"product_tag-wurzen","19":"product_shipping_class-nur_paketversand","20":"pa_discount-normalpreis","21":"pa_preiskategorie-pk-i","22":"pa_preiskategorie-pk-ii","24":"first","25":"instock","26":"taxable","27":"shipping-taxable","28":"purchasable","29":"product-type-variable"},"group_of_quantity":0,"min_quantity":0,"max_quantity":"","exclude_order_quantity_value_rules":"no","exclude_category_quantity_rules":"no","combine_variations":"no","acf":[],"_links":{"self":[{"href":"https:\/\/arena-ticket.com\/en\/wp-json\/wp\/v2\/product\/46685","targetHints":{"allow":["GET"]}}],"collection":[{"href":"https:\/\/arena-ticket.com\/en\/wp-json\/wp\/v2\/product"}],"about":[{"href":"https:\/\/arena-ticket.com\/en\/wp-json\/wp\/v2\/types\/product"}],"wp:featuredmedia":[{"embeddable":true,"href":"https:\/\/arena-ticket.com\/en\/wp-json\/wp\/v2\/media\/46688"}],"wp:attachment":[{"href":"https:\/\/arena-ticket.com\/en\/wp-json\/wp\/v2\/media?parent=46685"}],"wp:term":[{"taxonomy":"product_brand","embeddable":true,"href":"https:\/\/arena-ticket.com\/en\/wp-json\/wp\/v2\/product_brand?post=46685"},{"taxonomy":"product_cat","embeddable":true,"href":"https:\/\/arena-ticket.com\/en\/wp-json\/wp\/v2\/product_cat?post=46685"},{"taxonomy":"product_tag","embeddable":true,"href":"https:\/\/arena-ticket.com\/en\/wp-json\/wp\/v2\/product_tag?post=46685"}],"curies":[{"name":"wp","href":"https:\/\/api.w.org\/{rel}","templated":true}]}}