{"id":46761,"date":"2025-08-11T10:53:18","date_gmt":"2025-08-11T08:53:18","guid":{"rendered":"https:\/\/arena-ticket.com\/?p=46761&#038;post_type=product&#038;preview_id=46761"},"modified":"2026-02-23T11:29:22","modified_gmt":"2026-02-23T10:29:22","slug":"heino-made-in-germany-solo-tour-altenburg-goldener-pflug-19-11-2025-1600-uhr","status":"publish","type":"product","link":"https:\/\/arena-ticket.com\/en\/product\/heino-made-in-germany-solo-tour-altenburg-goldener-pflug-19-11-2025-1600-uhr\/","title":{"rendered":"Heino  - Made in Germany Solo Tour 2025"},"content":{"rendered":"<p>Erleben Sie Deutschlands musikalische Legende HEINO 2025 UND 2026 auf gro\u00dfer Konzert-Hit-Tournee! Unter dem Titel \u201eHEINO \u2013 Made in Germany\u201c bringt der Kult-Star seine gr\u00f6\u00dften Hits auf die B\u00fchne und begeistert mit einer Mischung aus Schlager- und Volksliedern, sowie einigen musikalischen \u00dcberraschungen.<\/p>\n<p>Freuen Sie sich auf unvergessliche Evergreens wie \u201eRosamunde\u201c, \u201eKaramba, Karacho, ein Whisky\u201c, \u201eBlau bl\u00fcht der Enzian\u201c, \u201eDie schwarze Barbara\u201c und \u201eLa Paloma\u201c. Doch damit nicht genug: Nach langer Zeit erklingt auch wieder der Publikumshit \u201eJunge\u201c auf der B\u00fchne, ein Titel aus Heinos Ausflug in die Rock-Szene!<\/p>\n<p>Ein weiterer H\u00f6hepunkt: Erstmals pr\u00e4sentiert Heino auf der B\u00fchne die deutsche Nationalhymne \u2013 ein bewegender Moment, der garantiert f\u00fcr G\u00e4nsehaut sorgen wird.<\/p>\n<p>Mit 86 Jahren beweist Heino einmal mehr, warum er als \u201eder letzte Punk\u201c gilt \u2013 zeitlos, authentisch, standhaft und voller Energie. Seine Stimme, sein Charisma und sein unvergleichlicher musikalischer Stil ziehen die Zuschauer seit Jahrzehnten in den Bann. Bei ihm z\u00e4hlt Ihre Stimme! Ob Jung oder Alt, bei Heino sind Sie richtig, wenn Sie deutsche Musik lieben!<\/p>\n<p>&nbsp;<\/p>\n<p>&nbsp;<\/p>","protected":false},"excerpt":{"rendered":"<p>Secure your tickets!<\/p>","protected":false},"featured_media":53257,"template":"","meta":{"_acf_changed":false,"inline_featured_image":false},"product_brand":[],"product_cat":[2809,31,2812,69,35,6734,21,58],"product_tag":[3179,941,3282,6078,942,6197,944,2568,947,948],"class_list":{"0":"post-46761","1":"product","2":"type-product","3":"status-publish","4":"has-post-thumbnail","6":"product_cat-altenburg","7":"product_cat-events","8":"product_cat-goldener-pflug","9":"product_cat-konzert","10":"product_cat-orte","11":"product_cat-schlager","12":"product_cat-ticket","13":"product_cat-veranstaltung","14":"product_tag-altenburg","15":"product_tag-events","16":"product_tag-goldener-pflug","17":"product_tag-heino","18":"product_tag-konzert","19":"product_tag-made-in-germany-solo-tour-2025","20":"product_tag-orte","21":"product_tag-schlager","22":"product_tag-ticket","23":"product_tag-veranstaltung","24":"product_shipping_class-nur_paketversand","25":"pa_discount-normalpreis","26":"pa_preiskategorie-pk-i","27":"pa_preiskategorie-pk-ii","28":"pa_preiskategorie-pk-iii","30":"first","31":"instock","32":"taxable","33":"shipping-taxable","34":"purchasable","35":"product-type-variable"},"group_of_quantity":0,"min_quantity":0,"max_quantity":"","exclude_order_quantity_value_rules":"no","exclude_category_quantity_rules":"no","combine_variations":"no","acf":[],"_links":{"self":[{"href":"https:\/\/arena-ticket.com\/en\/wp-json\/wp\/v2\/product\/46761","targetHints":{"allow":["GET"]}}],"collection":[{"href":"https:\/\/arena-ticket.com\/en\/wp-json\/wp\/v2\/product"}],"about":[{"href":"https:\/\/arena-ticket.com\/en\/wp-json\/wp\/v2\/types\/product"}],"wp:featuredmedia":[{"embeddable":true,"href":"https:\/\/arena-ticket.com\/en\/wp-json\/wp\/v2\/media\/53257"}],"wp:attachment":[{"href":"https:\/\/arena-ticket.com\/en\/wp-json\/wp\/v2\/media?parent=46761"}],"wp:term":[{"taxonomy":"product_brand","embeddable":true,"href":"https:\/\/arena-ticket.com\/en\/wp-json\/wp\/v2\/product_brand?post=46761"},{"taxonomy":"product_cat","embeddable":true,"href":"https:\/\/arena-ticket.com\/en\/wp-json\/wp\/v2\/product_cat?post=46761"},{"taxonomy":"product_tag","embeddable":true,"href":"https:\/\/arena-ticket.com\/en\/wp-json\/wp\/v2\/product_tag?post=46761"}],"curies":[{"name":"wp","href":"https:\/\/api.w.org\/{rel}","templated":true}]}}