{"id":46806,"date":"2025-08-11T13:56:58","date_gmt":"2025-08-11T11:56:58","guid":{"rendered":"https:\/\/arena-ticket.com\/?p=46806&#038;post_type=product&#038;preview_id=46806"},"modified":"2025-11-15T17:51:20","modified_gmt":"2025-11-15T16:51:20","slug":"die-grosse-onkelz-nacht-mit-der-band-stainless-steel-altenburg-goldener-pflug-21-11-2025-1900-uhr","status":"publish","type":"product","link":"https:\/\/arena-ticket.com\/en\/product\/die-grosse-onkelz-nacht-mit-der-band-stainless-steel-altenburg-goldener-pflug-21-11-2025-1900-uhr\/","title":{"rendered":"Die gro\u00dfe Onkelz-Nacht  - mit der Band Stainless Steel"},"content":{"rendered":"<p>Die beste Onkelz Coverband der Welt! Ob als Supportband beim \u201eVaya Con Tioz\u201c-Festival der B\u00f6hsen Onkelz am Eurospeedway Lausitzring (15.-18.06.2005) oder bei regelm\u00e4\u00dfigen Auftritten vor mehreren tausend Zuschauern - Stainless Steel begeistert das Publikum! Von Veranstaltungen des offiziellen \u201eB\u00f6hse Onkelz\u201c-Fanclubs \u201eB.O.S.C.\u201c bis hin zu Gro\u00dfevents wie \u201eWacken Rocks South\u201c: Wir sind die einzige Band, die seit Anfang an j\u00e4hrlich beim \u201eG.O.N.D.\u201c-Festival auftritt und vor rund 20.000 Menschen spielt!<\/p>","protected":false},"excerpt":{"rendered":"<p>Die beste Onkelz Coverband der Welt!<\/p>","protected":false},"featured_media":46808,"template":"","meta":{"_acf_changed":false,"inline_featured_image":false},"product_brand":[],"product_cat":[2809,31,2812,64,35,6730,21,58],"product_tag":[3179,6198,941,3282,942,6199,944,947,948],"class_list":{"0":"post-46806","1":"product","2":"type-product","3":"status-publish","4":"has-post-thumbnail","6":"product_cat-altenburg","7":"product_cat-events","8":"product_cat-goldener-pflug","9":"product_cat-musical-show","10":"product_cat-orte","11":"product_cat-show","12":"product_cat-ticket","13":"product_cat-veranstaltung","14":"product_tag-altenburg","15":"product_tag-die-grosse-onkelz-nacht","16":"product_tag-events","17":"product_tag-goldener-pflug","18":"product_tag-konzert","19":"product_tag-mit-der-band-stainless-steel","20":"product_tag-orte","21":"product_tag-ticket","22":"product_tag-veranstaltung","23":"product_shipping_class-nur_paketversand","24":"pa_discount-normalpreis","25":"pa_preiskategorie-stehplatz","27":"first","28":"instock","29":"taxable","30":"shipping-taxable","31":"purchasable","32":"product-type-variable"},"group_of_quantity":0,"min_quantity":0,"max_quantity":"","exclude_order_quantity_value_rules":"no","exclude_category_quantity_rules":"no","combine_variations":"no","acf":[],"_links":{"self":[{"href":"https:\/\/arena-ticket.com\/en\/wp-json\/wp\/v2\/product\/46806","targetHints":{"allow":["GET"]}}],"collection":[{"href":"https:\/\/arena-ticket.com\/en\/wp-json\/wp\/v2\/product"}],"about":[{"href":"https:\/\/arena-ticket.com\/en\/wp-json\/wp\/v2\/types\/product"}],"wp:featuredmedia":[{"embeddable":true,"href":"https:\/\/arena-ticket.com\/en\/wp-json\/wp\/v2\/media\/46808"}],"wp:attachment":[{"href":"https:\/\/arena-ticket.com\/en\/wp-json\/wp\/v2\/media?parent=46806"}],"wp:term":[{"taxonomy":"product_brand","embeddable":true,"href":"https:\/\/arena-ticket.com\/en\/wp-json\/wp\/v2\/product_brand?post=46806"},{"taxonomy":"product_cat","embeddable":true,"href":"https:\/\/arena-ticket.com\/en\/wp-json\/wp\/v2\/product_cat?post=46806"},{"taxonomy":"product_tag","embeddable":true,"href":"https:\/\/arena-ticket.com\/en\/wp-json\/wp\/v2\/product_tag?post=46806"}],"curies":[{"name":"wp","href":"https:\/\/api.w.org\/{rel}","templated":true}]}}