{"id":46809,"date":"2025-08-11T14:12:15","date_gmt":"2025-08-11T12:12:15","guid":{"rendered":"https:\/\/arena-ticket.com\/?p=46809&#038;post_type=product&#038;preview_id=46809"},"modified":"2025-08-11T14:19:12","modified_gmt":"2025-08-11T12:19:12","slug":"maerchenzauber-die-musicaltanzshow-35-jahre-showtanz-energy-diamonds-altenburg-goldener-pflug-13-12-2025-1830-uhr","status":"publish","type":"product","link":"https:\/\/arena-ticket.com\/en\/product\/maerchenzauber-die-musicaltanzshow-35-jahre-showtanz-energy-diamonds-altenburg-goldener-pflug-13-12-2025-1830-uhr\/","title":{"rendered":"M\u00e4rchenzauber - Die Musicaltanzshow | 35 Jahre Showtanz Energy Diamonds"},"content":{"rendered":"<p>Das Showtanzprojekt Energy Diamonds pr\u00e4sentiert vertanzte M\u00e4rchen.<\/p>\n<p>Romantische B\u00fchnenbilder und einzigartige Kost\u00fcme unterstreichen Choreografie und Geschichte. Wir haben f\u00fcr euch wieder beste Musik aus den unterschiedlichsten Genren ausgew\u00e4hlt.<\/p>\n<p>Das Musical - die Jubil\u00e4umsshow. In diesem Jahr begehen die Diamonds ihr 35j\u00e4hriges Bestehen und wollen dies geb\u00fchrend mit Ihrem Publikum feiern.<\/p>\n<p>Euch erwarten einige \u00dcberraschungen.<\/p>\n<p>Also seid dabei und feiert mit uns!<\/p>","protected":false},"excerpt":{"rendered":"<p>Secure your tickets!<\/p>","protected":false},"featured_media":46811,"template":"","meta":{"_acf_changed":false,"inline_featured_image":false},"product_brand":[],"product_cat":[2809,31,2812,6729,64,35,21,58],"product_tag":[3179,6201,941,3282,942,6200,944,947,948],"class_list":{"0":"post-46809","1":"product","2":"type-product","3":"status-publish","4":"has-post-thumbnail","6":"product_cat-altenburg","7":"product_cat-events","8":"product_cat-goldener-pflug","9":"product_cat-musical","10":"product_cat-musical-show","11":"product_cat-orte","12":"product_cat-ticket","13":"product_cat-veranstaltung","14":"product_tag-altenburg","15":"product_tag-die-musicaltanzshow-35-jahre-showtanz-energy-diamonds","16":"product_tag-events","17":"product_tag-goldener-pflug","18":"product_tag-konzert","19":"product_tag-maerchenzauber","20":"product_tag-orte","21":"product_tag-ticket","22":"product_tag-veranstaltung","23":"product_shipping_class-nur_paketversand","24":"pa_discount-normalpreis","25":"pa_preiskategorie-stehplatz","27":"first","28":"instock","29":"taxable","30":"shipping-taxable","31":"purchasable","32":"product-type-variable"},"group_of_quantity":0,"min_quantity":0,"max_quantity":"","exclude_order_quantity_value_rules":"no","exclude_category_quantity_rules":"no","combine_variations":"no","acf":[],"_links":{"self":[{"href":"https:\/\/arena-ticket.com\/en\/wp-json\/wp\/v2\/product\/46809","targetHints":{"allow":["GET"]}}],"collection":[{"href":"https:\/\/arena-ticket.com\/en\/wp-json\/wp\/v2\/product"}],"about":[{"href":"https:\/\/arena-ticket.com\/en\/wp-json\/wp\/v2\/types\/product"}],"wp:featuredmedia":[{"embeddable":true,"href":"https:\/\/arena-ticket.com\/en\/wp-json\/wp\/v2\/media\/46811"}],"wp:attachment":[{"href":"https:\/\/arena-ticket.com\/en\/wp-json\/wp\/v2\/media?parent=46809"}],"wp:term":[{"taxonomy":"product_brand","embeddable":true,"href":"https:\/\/arena-ticket.com\/en\/wp-json\/wp\/v2\/product_brand?post=46809"},{"taxonomy":"product_cat","embeddable":true,"href":"https:\/\/arena-ticket.com\/en\/wp-json\/wp\/v2\/product_cat?post=46809"},{"taxonomy":"product_tag","embeddable":true,"href":"https:\/\/arena-ticket.com\/en\/wp-json\/wp\/v2\/product_tag?post=46809"}],"curies":[{"name":"wp","href":"https:\/\/api.w.org\/{rel}","templated":true}]}}