{"id":46903,"date":"2025-08-14T12:40:59","date_gmt":"2025-08-14T10:40:59","guid":{"rendered":"https:\/\/arena-ticket.com\/?p=46903&#038;post_type=product&#038;preview_id=46903"},"modified":"2025-08-14T13:11:05","modified_gmt":"2025-08-14T11:11:05","slug":"gastspiel-tim-becker-die-puppen-die-ich-rief-leipzig-krystallpalast-variete-16-09-2025-1930-uhr-kopie","status":"publish","type":"product","link":"https:\/\/arena-ticket.com\/en\/product\/gastspiel-tim-becker-die-puppen-die-ich-rief-leipzig-krystallpalast-variete-16-09-2025-1930-uhr-kopie\/","title":{"rendered":"Gastspiel | Tim Becker  - Die Puppen, die ich rief"},"content":{"rendered":"<section class=\"c-full c-inner c-narrow\" data-c=\"stageteasertext\" data-qa=\"stageteasertext-component\">\n<div class=\"container\">\n<div class=\"external-content no-margin\">\n<div class=\"u-position-relative js-moretext-wrapper\">\n<div class=\"moretext js-moretext expanded\" data-qa=\"readMoreText\">\n<div class=\"moretext-teaser\">\n<section class=\"c-full c-inner c-narrow\" data-c=\"stageteasertext\" data-qa=\"stageteasertext-component\">\n<div class=\"container\">\n<div class=\"external-content no-margin\">\n<div class=\"u-position-relative js-moretext-wrapper\">\n<div class=\"moretext js-moretext expanded\" data-qa=\"readMoreText\">\n<div class=\"moretext-teaser\">\n<p><em>Einlass: ab 18.30 Uhr<\/em><br \/>\n<em>Reduced: Pupils, students and severely disabled persons<\/em><\/p>\n<\/div>\n<p>&nbsp;<\/p>\n<div class=\"moretext-teaser\">\n<h2 class=\"headline\">Die Puppen die er rief<\/h2>\n<p>Bauchredner Tim Becker spielt mit Puppen. Oder spielen die Puppen mit ihm?<\/p>\n<p>Alles andere als brav, aber dennoch liebenswert und bezaubernd sind die eigensinnigen Gesch\u00f6pfe dank des bitterb\u00f6sen Humors. In wahnwitzigen Dialogen \u00fcbernehmen sie die Oberhand und ziehen ihn durch die durchgeknallte Welt seiner eigenen Show wie einen Bullen am Nasenring. Der Weichsp\u00fcler ist entsorgt und der Schleudergang aktiviert, wenn die Pizza mit Pointen um sich haut, die Schnecke ihren Wortschleim verteilt und der Aggrohase in bester Manier \u00fcber das Weltgeschehen p\u00f6belt. Die Puppen, die er rief, traktieren ihren Sch\u00f6pfer und dem Wahnsinn wird freier Lauf gelassen. Sehr zur Freude des Publikums.<\/p>\n<\/div>\n<\/div>\n<\/div>\n<\/div>\n<\/div>\n<\/section>\n<\/div>\n<\/div>\n<\/div>\n<\/div>\n<\/div>\n<\/section>","protected":false},"excerpt":{"rendered":"<p>Get your tickets now!<\/p>","protected":false},"featured_media":46906,"template":"","meta":{"_acf_changed":false,"inline_featured_image":false},"product_brand":[],"product_cat":[31,95,427,86,35,6727,21,58],"product_tag":[954,6205,6204,6203,941,6202,942,2740,3023,943,944,958,947,948],"class_list":{"0":"post-46903","1":"product","2":"type-product","3":"status-publish","4":"has-post-thumbnail","6":"product_cat-events","7":"product_cat-humor","8":"product_cat-krystallpalast-variete","9":"product_cat-leipzig","10":"product_cat-orte","11":"product_cat-sonstiges_humor","12":"product_cat-ticket","13":"product_cat-veranstaltung","14":"product_tag-comedy","15":"product_tag-die-ich-rief","16":"product_tag-die-puppen","17":"product_tag-die-puppen-die-ich-rief","18":"product_tag-events","19":"product_tag-gastspiel-tim-becker","20":"product_tag-konzert","21":"product_tag-krystallpalast","22":"product_tag-krystallpalast-variete","23":"product_tag-leipzig","24":"product_tag-orte","25":"product_tag-show","26":"product_tag-ticket","27":"product_tag-veranstaltung","28":"product_shipping_class-nur_paketversand","29":"pa_discount-ermaessigt","30":"pa_discount-normalpreis","31":"pa_preiskategorie-pk-i","33":"first","34":"instock","35":"taxable","36":"shipping-taxable","37":"purchasable","38":"product-type-variable"},"group_of_quantity":0,"min_quantity":0,"max_quantity":"","exclude_order_quantity_value_rules":"no","exclude_category_quantity_rules":"no","combine_variations":"no","acf":[],"_links":{"self":[{"href":"https:\/\/arena-ticket.com\/en\/wp-json\/wp\/v2\/product\/46903","targetHints":{"allow":["GET"]}}],"collection":[{"href":"https:\/\/arena-ticket.com\/en\/wp-json\/wp\/v2\/product"}],"about":[{"href":"https:\/\/arena-ticket.com\/en\/wp-json\/wp\/v2\/types\/product"}],"wp:featuredmedia":[{"embeddable":true,"href":"https:\/\/arena-ticket.com\/en\/wp-json\/wp\/v2\/media\/46906"}],"wp:attachment":[{"href":"https:\/\/arena-ticket.com\/en\/wp-json\/wp\/v2\/media?parent=46903"}],"wp:term":[{"taxonomy":"product_brand","embeddable":true,"href":"https:\/\/arena-ticket.com\/en\/wp-json\/wp\/v2\/product_brand?post=46903"},{"taxonomy":"product_cat","embeddable":true,"href":"https:\/\/arena-ticket.com\/en\/wp-json\/wp\/v2\/product_cat?post=46903"},{"taxonomy":"product_tag","embeddable":true,"href":"https:\/\/arena-ticket.com\/en\/wp-json\/wp\/v2\/product_tag?post=46903"}],"curies":[{"name":"wp","href":"https:\/\/api.w.org\/{rel}","templated":true}]}}