{"id":46908,"date":"2025-08-14T12:55:36","date_gmt":"2025-08-14T10:55:36","guid":{"rendered":"https:\/\/arena-ticket.com\/?p=46908&#038;post_type=product&#038;preview_id=46908"},"modified":"2025-09-18T12:28:13","modified_gmt":"2025-09-18T10:28:13","slug":"gastspiel-blue-moon-cabaret-the-decadent-burlesque-soiree-leipzig-krystallpalast-variete-29-09-2025-1930-uhr","status":"publish","type":"product","link":"https:\/\/arena-ticket.com\/en\/product\/gastspiel-blue-moon-cabaret-the-decadent-burlesque-soiree-leipzig-krystallpalast-variete-29-09-2025-1930-uhr\/","title":{"rendered":"Gastspiel | Blue Moon Cabaret  - The Decadent Burlesque Soir\u00e9e"},"content":{"rendered":"<section class=\"c-full c-inner c-narrow\" data-c=\"stageteasertext\" data-qa=\"stageteasertext-component\">\n<div class=\"container\">\n<div class=\"external-content no-margin\">\n<div class=\"u-position-relative js-moretext-wrapper\">\n<div class=\"moretext js-moretext expanded\" data-qa=\"readMoreText\">\n<div class=\"moretext-teaser\">\n<section class=\"c-full c-inner c-narrow\" data-c=\"stageteasertext\" data-qa=\"stageteasertext-component\">\n<div class=\"container\">\n<div class=\"external-content no-margin\">\n<div class=\"u-position-relative js-moretext-wrapper\">\n<div class=\"moretext js-moretext expanded\" data-qa=\"readMoreText\">\n<div class=\"moretext-teaser\">\n<p><em>Einlass: ab ca. 60 min vor Beginn<\/em><\/p>\n<\/div>\n<p>&nbsp;<\/p>\n<div class=\"moretext-teaser\">\n<p>Nach der ausverkauften Deutschland-Premiere 2023 kehrt das Blue Moon Cabaret, produziert von Xarah von den Vielenregen, mit einer neuen Show ins Krystallpalast Variet\u00e9 zur\u00fcck! H\u00fcllen Sie sich in Ihr elegantestes Gewand und g\u00f6nnen Sie sich einen dekadenten Abend, umgeben von internationalen Burlesque- und Boylesque-K\u00fcnstlern aus aller Welt. Genie\u00dfen Sie die mond\u00e4ne Atmosph\u00e4re der wilden Roaring Twenties! Vergessen Sie den Alltag und tauchen Sie mit uns ein in eine Zeitreise zur\u00fcck in die opulenten und frivolen 20er und 30er Jahre, begleitet von den bezaubernten Damen mit atemberaubenden und exquisitesten Burlesqueshows sowie bester Unterhaltung. Verleben Sie eine pr\u00e4chtige und am\u00fcsante Zeit mit gro\u00dfartigem und glamour\u00f6sem Sch\u00f6nheitstanz.<\/p>\n<p>Elegante Abendgarderobe ist sehr gern gesehen! Glitter &amp; Glamour, Anzug &amp; Abendkleid, Burlesque, Roaring Twenties, 30s, 40s, 50s, Flappergirl &amp; Dandy, Decadent Chique\u2026<\/p>\n<\/div>\n<\/div>\n<\/div>\n<\/div>\n<\/div>\n<\/section>\n<\/div>\n<\/div>\n<\/div>\n<\/div>\n<\/div>\n<\/section>","protected":false},"excerpt":{"rendered":"<p>Get your tickets now!<\/p>","protected":false},"featured_media":49283,"template":"","meta":{"_acf_changed":false,"inline_featured_image":false},"product_brand":[],"product_cat":[427,86,35,21],"product_tag":[941,6206,942,2740,3023,943,944,958,6207,947,948],"class_list":{"0":"post-46908","1":"product","2":"type-product","3":"status-publish","4":"has-post-thumbnail","6":"product_cat-krystallpalast-variete","7":"product_cat-leipzig","8":"product_cat-orte","9":"product_cat-ticket","10":"product_tag-events","11":"product_tag-gastspiel-blue-moon-cabaret","12":"product_tag-konzert","13":"product_tag-krystallpalast","14":"product_tag-krystallpalast-variete","15":"product_tag-leipzig","16":"product_tag-orte","17":"product_tag-show","18":"product_tag-the-decadent-burlesque-soiree","19":"product_tag-ticket","20":"product_tag-veranstaltung","21":"product_shipping_class-nur_paketversand","22":"pa_discount-ermaessigt","23":"pa_discount-normalpreis","24":"pa_preiskategorie-pk-i","26":"first","27":"instock","28":"taxable","29":"shipping-taxable","30":"purchasable","31":"product-type-variable"},"group_of_quantity":0,"min_quantity":0,"max_quantity":"","exclude_order_quantity_value_rules":"no","exclude_category_quantity_rules":"no","combine_variations":"no","acf":[],"_links":{"self":[{"href":"https:\/\/arena-ticket.com\/en\/wp-json\/wp\/v2\/product\/46908","targetHints":{"allow":["GET"]}}],"collection":[{"href":"https:\/\/arena-ticket.com\/en\/wp-json\/wp\/v2\/product"}],"about":[{"href":"https:\/\/arena-ticket.com\/en\/wp-json\/wp\/v2\/types\/product"}],"wp:featuredmedia":[{"embeddable":true,"href":"https:\/\/arena-ticket.com\/en\/wp-json\/wp\/v2\/media\/49283"}],"wp:attachment":[{"href":"https:\/\/arena-ticket.com\/en\/wp-json\/wp\/v2\/media?parent=46908"}],"wp:term":[{"taxonomy":"product_brand","embeddable":true,"href":"https:\/\/arena-ticket.com\/en\/wp-json\/wp\/v2\/product_brand?post=46908"},{"taxonomy":"product_cat","embeddable":true,"href":"https:\/\/arena-ticket.com\/en\/wp-json\/wp\/v2\/product_cat?post=46908"},{"taxonomy":"product_tag","embeddable":true,"href":"https:\/\/arena-ticket.com\/en\/wp-json\/wp\/v2\/product_tag?post=46908"}],"curies":[{"name":"wp","href":"https:\/\/api.w.org\/{rel}","templated":true}]}}