{"id":46913,"date":"2025-08-14T13:09:47","date_gmt":"2025-08-14T11:09:47","guid":{"rendered":"https:\/\/arena-ticket.com\/?p=46913&#038;post_type=product&#038;preview_id=46913"},"modified":"2025-08-15T17:23:36","modified_gmt":"2025-08-15T15:23:36","slug":"gastspiel-quaster-and-friends-80-na-und-leipzig-krystallpalast-variete-07-10-2025-2000-uhr","status":"publish","type":"product","link":"https:\/\/arena-ticket.com\/en\/product\/gastspiel-quaster-and-friends-80-na-und-leipzig-krystallpalast-variete-07-10-2025-2000-uhr\/","title":{"rendered":"Gastspiel | Quaster and Friends - 80+! Na und?"},"content":{"rendered":"<section class=\"c-full c-inner c-narrow\" data-c=\"stageteasertext\" data-qa=\"stageteasertext-component\">\n<div class=\"container\">\n<div class=\"external-content no-margin\">\n<div class=\"u-position-relative js-moretext-wrapper\">\n<div class=\"moretext js-moretext expanded\" data-qa=\"readMoreText\">\n<div class=\"moretext-teaser\">\n<section class=\"c-full c-inner c-narrow\" data-c=\"stageteasertext\" data-qa=\"stageteasertext-component\">\n<div class=\"container\">\n<div class=\"external-content no-margin\">\n<div class=\"u-position-relative js-moretext-wrapper\">\n<div class=\"moretext js-moretext expanded\" data-qa=\"readMoreText\">\n<div class=\"moretext-teaser\">\n<p><em>Einlass: ab ca. 30min vor Beginn<\/em><br \/>\n<em>Erm\u00e4\u00dfigungsberechtigt: Rentner, Sch\u00fcler, Auszubildende, Studenten und Schwerbesch\u00e4digte<\/em><\/p>\n<\/div>\n<p>&nbsp;<\/p>\n<div class=\"moretext-teaser\">\n<h2 class=\"headline\">Reise in die Vergangenheit mit dem Spirit des Rock'n'Roll<\/h2>\n<p>Nur wenige Tage vor seinem 80. Geburtstag kehrt er auch auf die B\u00fchne des Krystallpalastes zur\u00fcck, denn vor einiger Zeit hat er sich einen lang gehegten Wunsch erf\u00fcllt und tourt in kleiner Besetzung unplugged durchs Land. Mit dabei sind sein alter Mitstreiter der Puhdys, Peter Rasym, an der Gitarre Stefan Schirrmacher, der ebenfalls zu den Besten seiner Zunft in den neuen Bundesl\u00e4ndern geh\u00f6rte und sein langj\u00e4hriger Freund, der Schatten.<\/p>\n<p>Auf diesen Konzerten wird es eine kleine Zeitreise durch das musikalische Leben des Herrn Hertrampf geben, angefangen von den ersten Coversongs von den Kinks, Beatles, Mungo Jerry, Eagles usw. bis hin zur Zeit der Puhdys, mit deren Hits er bekannt wurde. Alles ist handgemacht und wird in neuem Gewand unplugged pr\u00e4sentiert.<\/p>\n<\/div>\n<\/div>\n<\/div>\n<\/div>\n<\/div>\n<\/section>\n<\/div>\n<\/div>\n<\/div>\n<\/div>\n<\/div>\n<\/section>","protected":false},"excerpt":{"rendered":"<p>Get your tickets now!<\/p>","protected":false},"featured_media":46916,"template":"","meta":{"_acf_changed":false,"inline_featured_image":false},"product_brand":[],"product_cat":[31,69,427,922,86,35,6746,6772,21,58],"product_tag":[6209,941,6208,942,2740,3023,951,943,944,947,948],"class_list":{"0":"post-46913","1":"product","2":"type-product","3":"status-publish","4":"has-post-thumbnail","6":"product_cat-events","7":"product_cat-konzert","8":"product_cat-krystallpalast-variete","9":"product_cat-kultur","10":"product_cat-leipzig","11":"product_cat-orte","12":"product_cat-singer-songwriter","13":"product_cat-sonstiges_kultur","14":"product_cat-ticket","15":"product_cat-veranstaltung","16":"product_tag-80-na-und","17":"product_tag-events","18":"product_tag-gastspiel-quaster-and-friends","19":"product_tag-konzert","20":"product_tag-krystallpalast","21":"product_tag-krystallpalast-variete","22":"product_tag-kultur","23":"product_tag-leipzig","24":"product_tag-orte","25":"product_tag-ticket","26":"product_tag-veranstaltung","27":"product_shipping_class-nur_paketversand","28":"pa_discount-ermaessigt","29":"pa_discount-normalpreis","30":"pa_preiskategorie-pk-i","32":"first","33":"instock","34":"taxable","35":"shipping-taxable","36":"purchasable","37":"product-type-variable"},"group_of_quantity":0,"min_quantity":0,"max_quantity":"","exclude_order_quantity_value_rules":"no","exclude_category_quantity_rules":"no","combine_variations":"no","acf":[],"_links":{"self":[{"href":"https:\/\/arena-ticket.com\/en\/wp-json\/wp\/v2\/product\/46913","targetHints":{"allow":["GET"]}}],"collection":[{"href":"https:\/\/arena-ticket.com\/en\/wp-json\/wp\/v2\/product"}],"about":[{"href":"https:\/\/arena-ticket.com\/en\/wp-json\/wp\/v2\/types\/product"}],"wp:featuredmedia":[{"embeddable":true,"href":"https:\/\/arena-ticket.com\/en\/wp-json\/wp\/v2\/media\/46916"}],"wp:attachment":[{"href":"https:\/\/arena-ticket.com\/en\/wp-json\/wp\/v2\/media?parent=46913"}],"wp:term":[{"taxonomy":"product_brand","embeddable":true,"href":"https:\/\/arena-ticket.com\/en\/wp-json\/wp\/v2\/product_brand?post=46913"},{"taxonomy":"product_cat","embeddable":true,"href":"https:\/\/arena-ticket.com\/en\/wp-json\/wp\/v2\/product_cat?post=46913"},{"taxonomy":"product_tag","embeddable":true,"href":"https:\/\/arena-ticket.com\/en\/wp-json\/wp\/v2\/product_tag?post=46913"}],"curies":[{"name":"wp","href":"https:\/\/api.w.org\/{rel}","templated":true}]}}