{"id":47037,"date":"2025-08-14T17:55:10","date_gmt":"2025-08-14T15:55:10","guid":{"rendered":"https:\/\/arena-ticket.com\/?p=47037&#038;post_type=product&#038;preview_id=47037"},"modified":"2026-01-28T15:49:09","modified_gmt":"2026-01-28T14:49:09","slug":"fools-garden-30-jahre-dish-of-the-day-leipzig-kupfersaal-05-03-2026-2000-uhr","status":"publish","type":"product","link":"https:\/\/arena-ticket.com\/en\/product\/fools-garden-30-jahre-dish-of-the-day-leipzig-kupfersaal-05-03-2026-2000-uhr\/","title":{"rendered":"Fools Garden  - 30 Jahre \"Dish of the Day\""},"content":{"rendered":"<p>Was haben ein Taxifahrer im Oman, seine pakistanischen, indischen und deutschen Fahrg\u00e4ste, kolumbianische Englischlehrer, Coverbands auf den Malediven, indonesische TikToker und ca. 300.000 Menschen t\u00e4glich auf Spotify gemeinsam?<\/p>\n<p>Vermutlich k\u00f6nnen sie diese Textzeilen auch mitsingen:<\/p>\n<p>I wonder how<\/p>\n<p>I wonder why<\/p>\n<p>Yesterday you told me 'bout the blue blue sky<\/p>\n<p>And all that I can see is just a yellow lemon-tree<\/p>\n<p>Was die Fools Garden Masterminds Peter Freudenthaler und Volker Hinkel im Jahr 1995 geschaffen haben, ist nicht weniger als einer der ganz wenigen Welthits, die aus Deutschland kommen.<\/p>\n<p>Ob im Radio oder \u00fcber die Streaming-Services, ob live in einer Hotelbar oder zuhause von CD: Dieser Song wird sicherlich mindestens zehnmal pro Sekunde irgendwo auf der Welt gespielt.<\/p>\n<p>Bei so beeindruckenden Superlativen ger\u00e4t leicht in Vergessenheit, dass Fools Garden auch nach dem alles \u00fcberragenden Zitronenbaum seit 1995 weitere f\u00fcnf Singles in die Top 100 der deutschen Charts gebracht, acht Alben ver\u00f6ffentlicht und unz\u00e4hlige erfolgreiche Konzerte weltweit gespielt haben.Diese Konzertausstrahlung ist gleichzeitig so etwas wie der Auftakt eines \u2018Dish Of The Day\u2019-Jahres, markiert 2025 doch den 30sten Geburtstag des Albums, das eben jenen besagten Welthit enth\u00e4lt und im M\u00e4rz des Jahres 1996 die Nummer 1 der deutschen Albumcharts erreichte! Es gibt also viel zu feiern!<\/p>","protected":false},"excerpt":{"rendered":"<p>Don&#039;t miss it!<\/p>","protected":false},"featured_media":47040,"template":"","meta":{"_acf_changed":false,"inline_featured_image":false},"product_brand":[],"product_cat":[31,69,430,86,35,6733,21,58],"product_tag":[6213,941,5643,6212,942,951,968,943,944,958,947,948],"class_list":{"0":"post-47037","1":"product","2":"type-product","3":"status-publish","4":"has-post-thumbnail","6":"product_cat-events","7":"product_cat-konzert","8":"product_cat-kupfersaal","9":"product_cat-leipzig","10":"product_cat-orte","11":"product_cat-pop","12":"product_cat-ticket","13":"product_cat-veranstaltung","14":"product_tag-30-jahre-dish-of-the-day","15":"product_tag-events","16":"product_tag-festival","17":"product_tag-fools-garden","18":"product_tag-konzert","19":"product_tag-kultur","20":"product_tag-kupfersaal","21":"product_tag-leipzig","22":"product_tag-orte","23":"product_tag-show","24":"product_tag-ticket","25":"product_tag-veranstaltung","26":"product_shipping_class-nur_paketversand","27":"pa_discount-ermaessigt","28":"pa_discount-normalpreis","29":"pa_preiskategorie-freie-platzwahl","31":"first","32":"instock","33":"taxable","34":"shipping-taxable","35":"purchasable","36":"product-type-variable"},"group_of_quantity":0,"min_quantity":0,"max_quantity":"","exclude_order_quantity_value_rules":"no","exclude_category_quantity_rules":"no","combine_variations":"no","acf":[],"_links":{"self":[{"href":"https:\/\/arena-ticket.com\/en\/wp-json\/wp\/v2\/product\/47037","targetHints":{"allow":["GET"]}}],"collection":[{"href":"https:\/\/arena-ticket.com\/en\/wp-json\/wp\/v2\/product"}],"about":[{"href":"https:\/\/arena-ticket.com\/en\/wp-json\/wp\/v2\/types\/product"}],"wp:featuredmedia":[{"embeddable":true,"href":"https:\/\/arena-ticket.com\/en\/wp-json\/wp\/v2\/media\/47040"}],"wp:attachment":[{"href":"https:\/\/arena-ticket.com\/en\/wp-json\/wp\/v2\/media?parent=47037"}],"wp:term":[{"taxonomy":"product_brand","embeddable":true,"href":"https:\/\/arena-ticket.com\/en\/wp-json\/wp\/v2\/product_brand?post=47037"},{"taxonomy":"product_cat","embeddable":true,"href":"https:\/\/arena-ticket.com\/en\/wp-json\/wp\/v2\/product_cat?post=47037"},{"taxonomy":"product_tag","embeddable":true,"href":"https:\/\/arena-ticket.com\/en\/wp-json\/wp\/v2\/product_tag?post=47037"}],"curies":[{"name":"wp","href":"https:\/\/api.w.org\/{rel}","templated":true}]}}