{"id":47171,"date":"2025-08-15T15:40:27","date_gmt":"2025-08-15T13:40:27","guid":{"rendered":"https:\/\/arena-ticket.com\/?p=47171&#038;post_type=product&#038;preview_id=47171"},"modified":"2026-02-20T17:48:37","modified_gmt":"2026-02-20T16:48:37","slug":"trinkgeld-darf-auch-knistern-blauer-salon-central-kabarett-leipzig-09-11-2025-1900-uhr","status":"publish","type":"product","link":"https:\/\/arena-ticket.com\/en\/product\/trinkgeld-darf-auch-knistern-blauer-salon-central-kabarett-leipzig-09-11-2025-1900-uhr\/","title":{"rendered":"Trinkgeld darf auch knistern  - Central Kabarett Leipzig"},"content":{"rendered":"<p>Das Trinkgeld gibt\u2019s oben drauf, wenn der Gast zufrieden ist mit der Leistung des Kellners. Der Deutsche scheint hier oft nicht allzu sehr angetan vom Tun seiner Servicekraft und spart lieber f\u00fcr \u2013 ja, wof\u00fcr eigentlich? Vielleicht f\u00fcr die zu erwartende Stromrechnung, oder f\u00fcr die Jahrzehnte w\u00e4hrende Ausbildung seiner Kinder, oder auf eine standesgem\u00e4\u00dfe Grabstelle. Wer wei\u00df.<\/p>\n<p>Im Programm \u201eTrinkgeld darf auch knistern\u201c serviert Anke Gei\u00dfler alias Monika Weingeist - die Kellnerin - ein gefundenes Fressen mit Hybrid-W\u00fcrze, Naturaroma und Knuspervielfalt. Zu Gast sind zahlreiche Figuren, die im Lokal ins Plaudern, Posaunen und Singen kommen, da\u00df es nur so knistert.<\/p>\n<p>Sie werden bestens bedient und erleben Kabarett vom Feinsten.<\/p>\n<p>Texte: Juli Bukowski, Anke Gei\u00dfler, Georg Kreisler<br \/>\nKompositionen: Georg Kreisler, J\u00f6rg Leistner, Enrico Wirth<br \/>\nAm Klavier: Enrico Wirth<\/p>","protected":false},"excerpt":{"rendered":"<p>Sie werden bestens bedient und erleben Kabarett vom Feinsten.<\/p>","protected":false},"featured_media":47200,"template":"","meta":{"_acf_changed":false,"inline_featured_image":false},"product_brand":[],"product_cat":[379,31,95,6726,86,35,21,58],"product_tag":[965,5205,941,942,951,943,944,947,6218,948],"class_list":{"0":"post-47171","1":"product","2":"type-product","3":"status-publish","4":"has-post-thumbnail","6":"product_cat-central-kabarett","7":"product_cat-events","8":"product_cat-humor","9":"product_cat-kabarett","10":"product_cat-leipzig","11":"product_cat-orte","12":"product_cat-ticket","13":"product_cat-veranstaltung","14":"product_tag-central-kabarett","15":"product_tag-central-kabarett-leipzig","16":"product_tag-events","17":"product_tag-konzert","18":"product_tag-kultur","19":"product_tag-leipzig","20":"product_tag-orte","21":"product_tag-ticket","22":"product_tag-trinkgeld-darf-auch-knistern","23":"product_tag-veranstaltung","24":"product_shipping_class-nur_paketversand","25":"pa_discount-ermaessigt","26":"pa_discount-normalpreis","27":"pa_preiskategorie-pk-i","29":"first","30":"instock","31":"taxable","32":"shipping-taxable","33":"purchasable","34":"product-type-variable"},"group_of_quantity":0,"min_quantity":0,"max_quantity":"","exclude_order_quantity_value_rules":"no","exclude_category_quantity_rules":"no","combine_variations":"no","acf":[],"_links":{"self":[{"href":"https:\/\/arena-ticket.com\/en\/wp-json\/wp\/v2\/product\/47171","targetHints":{"allow":["GET"]}}],"collection":[{"href":"https:\/\/arena-ticket.com\/en\/wp-json\/wp\/v2\/product"}],"about":[{"href":"https:\/\/arena-ticket.com\/en\/wp-json\/wp\/v2\/types\/product"}],"wp:featuredmedia":[{"embeddable":true,"href":"https:\/\/arena-ticket.com\/en\/wp-json\/wp\/v2\/media\/47200"}],"wp:attachment":[{"href":"https:\/\/arena-ticket.com\/en\/wp-json\/wp\/v2\/media?parent=47171"}],"wp:term":[{"taxonomy":"product_brand","embeddable":true,"href":"https:\/\/arena-ticket.com\/en\/wp-json\/wp\/v2\/product_brand?post=47171"},{"taxonomy":"product_cat","embeddable":true,"href":"https:\/\/arena-ticket.com\/en\/wp-json\/wp\/v2\/product_cat?post=47171"},{"taxonomy":"product_tag","embeddable":true,"href":"https:\/\/arena-ticket.com\/en\/wp-json\/wp\/v2\/product_tag?post=47171"}],"curies":[{"name":"wp","href":"https:\/\/api.w.org\/{rel}","templated":true}]}}