{"id":47241,"date":"2025-08-15T16:01:42","date_gmt":"2025-08-15T14:01:42","guid":{"rendered":"https:\/\/arena-ticket.com\/?p=47241&#038;post_type=product&#038;preview_id=47241"},"modified":"2025-09-30T18:42:25","modified_gmt":"2025-09-30T16:42:25","slug":"disco-fever-variete-goes-70s-krystallpalast-variete-leipzig-17-10-2025-2000-uhr","status":"publish","type":"product","link":"https:\/\/arena-ticket.com\/en\/product\/disco-fever-variete-goes-70s-krystallpalast-variete-leipzig-17-10-2025-2000-uhr\/","title":{"rendered":"DISCO FEVER - Variet\u00e9 goes 70s"},"content":{"rendered":"<p><em>Admission: 1 hour before show start<\/em><\/p>\n<p><em>Students, pensioners and severely disabled people are entitled to discounts<\/em><\/p>\n<p>&nbsp;<\/p>\n<p>&nbsp;<\/p>\n<div class=\"header text-block__header\" data-ce=\"header\">\n<p class=\"header__title\">Eine Hommage an die schillernde Clubkultur<\/p>\n<\/div>\n<div class=\"text-block__inner\">\n<div class=\"text-block-text\">\n<p><span class=\"text-size-l\">Funkelnde Spiegelkugeln, flirrendes Farblicht, Glitzerstiefel und Discokl\u00e4nge:\u2013 willkommen im schillernden Glitzerkosmos der 1970er! Ohrw\u00fcrmer wie \u2018Boogie Wonderland\u2019, \u2018I Will Survive\u2019 und \u2018Turn the Beat Around\u2019 treiben das Geschehen voran, w\u00e4hrend spektakul\u00e4re Rollschuhartistik und leidenschaftlicher Tanz und Ohrw\u00fcrmern f\u00fcr die Ewigkeit zu einer mitrei\u00dfenden B\u00fchnenshow verschmelzen.<\/span><\/p>\n<p><span class=\"text-size-l\"><strong>Disco Fever<\/strong> ist weit mehr als eine Hommage an die goldene \u00c4ra der Discokultur des Studio 54 \u2013 sie ist ein rauschendes Fest f\u00fcr alle Sinne, bei dem man am liebsten selbst aufspringen und mittanzen m\u00f6chte.<\/span><\/p>\n<\/div>\n<p>&nbsp;<\/p>\n<\/div>","protected":false},"excerpt":{"rendered":"<p>Eine Hommage an die schillernde Clubkultur - DISCO FEVER \u2013 Variet\u00e9 goes 70s - jetzt Tickets sichern!<\/p>","protected":false},"featured_media":50565,"template":"","meta":{"_acf_changed":false,"inline_featured_image":false},"product_brand":[],"product_cat":[31,427,86,64,35,6730,21,58],"product_tag":[6210,941,2740,3023,951,943,958,947,6211,948],"class_list":{"0":"post-47241","1":"product","2":"type-product","3":"status-publish","4":"has-post-thumbnail","6":"product_cat-events","7":"product_cat-krystallpalast-variete","8":"product_cat-leipzig","9":"product_cat-musical-show","10":"product_cat-orte","11":"product_cat-show","12":"product_cat-ticket","13":"product_cat-veranstaltung","14":"product_tag-disco-fever","15":"product_tag-events","16":"product_tag-krystallpalast","17":"product_tag-krystallpalast-variete","18":"product_tag-kultur","19":"product_tag-leipzig","20":"product_tag-show","21":"product_tag-ticket","22":"product_tag-variete-goes-70s","23":"product_tag-veranstaltung","24":"product_shipping_class-nur_paketversand","25":"pa_discount-ermaessigt","26":"pa_discount-kind-bis-14-jahre","27":"pa_discount-normalpreis","28":"pa_preiskategorie-pk-i","29":"pa_preiskategorie-pk-ii","30":"pa_preiskategorie-premium-sitzplatz","32":"first","33":"outofstock","34":"taxable","35":"shipping-taxable","36":"purchasable","37":"product-type-variable"},"group_of_quantity":0,"min_quantity":0,"max_quantity":"","exclude_order_quantity_value_rules":"no","exclude_category_quantity_rules":"no","combine_variations":"no","acf":[],"_links":{"self":[{"href":"https:\/\/arena-ticket.com\/en\/wp-json\/wp\/v2\/product\/47241","targetHints":{"allow":["GET"]}}],"collection":[{"href":"https:\/\/arena-ticket.com\/en\/wp-json\/wp\/v2\/product"}],"about":[{"href":"https:\/\/arena-ticket.com\/en\/wp-json\/wp\/v2\/types\/product"}],"wp:featuredmedia":[{"embeddable":true,"href":"https:\/\/arena-ticket.com\/en\/wp-json\/wp\/v2\/media\/50565"}],"wp:attachment":[{"href":"https:\/\/arena-ticket.com\/en\/wp-json\/wp\/v2\/media?parent=47241"}],"wp:term":[{"taxonomy":"product_brand","embeddable":true,"href":"https:\/\/arena-ticket.com\/en\/wp-json\/wp\/v2\/product_brand?post=47241"},{"taxonomy":"product_cat","embeddable":true,"href":"https:\/\/arena-ticket.com\/en\/wp-json\/wp\/v2\/product_cat?post=47241"},{"taxonomy":"product_tag","embeddable":true,"href":"https:\/\/arena-ticket.com\/en\/wp-json\/wp\/v2\/product_tag?post=47241"}],"curies":[{"name":"wp","href":"https:\/\/api.w.org\/{rel}","templated":true}]}}