{"id":47300,"date":"2025-08-15T17:21:45","date_gmt":"2025-08-15T15:21:45","guid":{"rendered":"https:\/\/arena-ticket.com\/?p=47300&#038;post_type=product&#038;preview_id=47300"},"modified":"2026-02-05T16:50:46","modified_gmt":"2026-02-05T15:50:46","slug":"gastspiel-weitersagen-singt-westernhagen-leipzig-krystallpalast-variete-23-02-2026-1930-uhr","status":"publish","type":"product","link":"https:\/\/arena-ticket.com\/en\/product\/gastspiel-weitersagen-singt-westernhagen-leipzig-krystallpalast-variete-23-02-2026-1930-uhr\/","title":{"rendered":"Gastspiel | Alexander Merk  - Wie ich nicht Zauberer wurde"},"content":{"rendered":"<section class=\"c-full c-inner c-narrow\" data-c=\"stageteasertext\" data-qa=\"stageteasertext-component\">\n<div class=\"container\">\n<div class=\"external-content no-margin\">\n<div class=\"u-position-relative js-moretext-wrapper\">\n<div class=\"moretext js-moretext expanded\" data-qa=\"readMoreText\">\n<div class=\"moretext-teaser\">\n<section class=\"c-full c-inner c-narrow\" data-c=\"stageteasertext\" data-qa=\"stageteasertext-component\">\n<div class=\"container\">\n<div class=\"external-content no-margin\">\n<div class=\"u-position-relative js-moretext-wrapper\">\n<div class=\"moretext js-moretext expanded\" data-qa=\"readMoreText\">\n<div class=\"moretext-teaser\">\n<h2 class=\"headline\"><\/h2>\n<p>Was ist wahr, was Illusion? In seinem Programm \u201eWie ich nicht Zauberer wurde\u201c nimmt Sie Alexander Merk, deutscher Meister der Zauberkunst, mit auf eine humorvolle und magische Reise durch seinen angeblichen Werdegang zum Magier. Doch eines ist sicher: Die Geschichten, die er erz\u00e4hlt, sind genauso unerkl\u00e4rlich wie die Wunder, die er auf der B\u00fchne vollf\u00fchrt.<\/p>\n<p>Von einer geheimnisvollen Lampe aus seiner Elektrikerzeit \u00fcber skurrile Begebenheiten in einem Kramladen bis hin zu einem magischen Getr\u00e4nk aus seiner Barkeeper-Vergangenheit \u2013 jede Episode dieser Show spr\u00fcht vor Zauber und \u00dcberraschung. Alexander l\u00e4sst Gedanken lesen, Dinge verschwinden und erscheinen, und verbindet selbst musikalische Momente mit seiner Zauberkunst.<\/p>\n<p>\u201eWie ich nicht Zauberer wurde\u201c ist eine charmante verr\u00fcckte Mischung aus Geschichten, Magie und Humor. Alexander Merk begeistert mit seiner kreativen Art, fasziniert mit meisterhaften Tricks und l\u00e4sst sein Publikum staunen, lachen und sich fragen: K\u00f6nnte das wirklich passiert sein?<\/p>\n<p>Eine Show voller Magie \u2013 und gut erz\u00e4hlter L\u00fcgen.<\/p>\n<\/div>\n<\/div>\n<\/div>\n<\/div>\n<\/div>\n<\/section>\n<\/div>\n<\/div>\n<\/div>\n<\/div>\n<\/div>\n<\/section>","protected":false},"excerpt":{"rendered":"<p class=\"headline\">Eine Show voller Magie \u2013 und gut erz\u00e4hlter L\u00fcgen - jetzt Tickets sichern!<\/p>","protected":false},"featured_media":64693,"template":"","meta":{"_acf_changed":false,"inline_featured_image":false},"product_brand":[],"product_cat":[31,427,86,64,35,6730,21,58],"product_tag":[941,6992,942,2740,3023,951,943,6773,944,958,6779,947,948,6993],"class_list":{"0":"post-47300","1":"product","2":"type-product","3":"status-publish","4":"has-post-thumbnail","6":"product_cat-events","7":"product_cat-krystallpalast-variete","8":"product_cat-leipzig","9":"product_cat-musical-show","10":"product_cat-orte","11":"product_cat-show","12":"product_cat-ticket","13":"product_cat-veranstaltung","14":"product_tag-events","15":"product_tag-gastspiel-alexander-merk","16":"product_tag-konzert","17":"product_tag-krystallpalast","18":"product_tag-krystallpalast-variete","19":"product_tag-kultur","20":"product_tag-leipzig","21":"product_tag-musical-show","22":"product_tag-orte","23":"product_tag-show","24":"product_tag-sonstiges","25":"product_tag-ticket","26":"product_tag-veranstaltung","27":"product_tag-wie-ich-nicht-zauberer-wurde","28":"product_shipping_class-nur_paketversand","29":"pa_discount-ermaessigt","30":"pa_discount-normalpreis","31":"pa_preiskategorie-pk-i","33":"first","34":"instock","35":"taxable","36":"shipping-taxable","37":"purchasable","38":"product-type-variable"},"group_of_quantity":0,"min_quantity":0,"max_quantity":"","exclude_order_quantity_value_rules":"no","exclude_category_quantity_rules":"no","combine_variations":"no","acf":[],"_links":{"self":[{"href":"https:\/\/arena-ticket.com\/en\/wp-json\/wp\/v2\/product\/47300","targetHints":{"allow":["GET"]}}],"collection":[{"href":"https:\/\/arena-ticket.com\/en\/wp-json\/wp\/v2\/product"}],"about":[{"href":"https:\/\/arena-ticket.com\/en\/wp-json\/wp\/v2\/types\/product"}],"wp:featuredmedia":[{"embeddable":true,"href":"https:\/\/arena-ticket.com\/en\/wp-json\/wp\/v2\/media\/64693"}],"wp:attachment":[{"href":"https:\/\/arena-ticket.com\/en\/wp-json\/wp\/v2\/media?parent=47300"}],"wp:term":[{"taxonomy":"product_brand","embeddable":true,"href":"https:\/\/arena-ticket.com\/en\/wp-json\/wp\/v2\/product_brand?post=47300"},{"taxonomy":"product_cat","embeddable":true,"href":"https:\/\/arena-ticket.com\/en\/wp-json\/wp\/v2\/product_cat?post=47300"},{"taxonomy":"product_tag","embeddable":true,"href":"https:\/\/arena-ticket.com\/en\/wp-json\/wp\/v2\/product_tag?post=47300"}],"curies":[{"name":"wp","href":"https:\/\/api.w.org\/{rel}","templated":true}]}}