{"id":47314,"date":"2025-08-16T14:04:35","date_gmt":"2025-08-16T12:04:35","guid":{"rendered":"https:\/\/arena-ticket.com\/?p=47314&#038;post_type=product&#038;preview_id=47314"},"modified":"2025-08-16T14:25:10","modified_gmt":"2025-08-16T12:25:10","slug":"der-gott-des-gemetzels-silvesterveranstaltung-leipzig-schauspielhaus-31-12-2025-2100-uhr","status":"publish","type":"product","link":"https:\/\/arena-ticket.com\/en\/product\/der-gott-des-gemetzels-silvesterveranstaltung-leipzig-schauspielhaus-31-12-2025-2100-uhr\/","title":{"rendered":"Der Gott des Gemetzels - Silvester 2025 im Schauspielhaus"},"content":{"rendered":"<p>Silvester 2025 im Schauspielhaus<\/p>\n<p>Wir freuen uns sehr, es ank\u00fcndigen zu k\u00f6nnen\u2009\u2014\u2009der Silvester-Abend mit Programm &amp; Party ist zur\u00fcck! Viele haben es nachgefragt und gew\u00fcnscht, und nun ist es wieder so weit: Wir begehen die letzten Stunden des ausgehenden Jahres im Schauspiel Leipzig mit gro\u00dfem Theater auf der Gro\u00dfen B\u00fchne, vielf\u00e4ltigen Buffets, Live-Musik und Tanz bis ins neue Jahr!<\/p>\n<p>Yasmina Rezas bitterb\u00f6se Kom\u00f6die \u201eDer Gott des Gemetzels\u201c ist mittlerweile nicht nur ein moderner Klassiker, sondern geh\u00f6rt auch zu den Klassikern unseres Repertoires. Zu Silvester 2025 feiern wir die 60. Vorstellung dieser Inszenierung. Bettina Schmidt, Anne Cathrin Buhtz, Dirk Lange und Michael Pempelforth als zwei Elternpaare im Streit \u00fcber die Erziehung ihrer Kinder zerlegen noch einmal das Wohnzimmer und das Leben ihrer Figuren mit sowohl h\u00f6chst komischer als auch pr\u00e4ziser Dynamik.<\/p>\n<p>Umrahmt wird die Vorstellung von verschiedenen Buffets in den Foyers des Hauses\u2009\u2014\u2009und von viel Live-Musik mit Theater-Band und DJ. Die gastronomische Begleitung erfolgt durch ENK Leipzig.<\/p>\n<p>Einlass &amp; Buffets in den Foyers ab 19:30 Uhr<\/p>\n<p>21:00 Uhr Vorstellung auf der Gro\u00dfen B\u00fchne: Yasmina Reza, \u201eDer Gott des Gemetzels\u201c (Regie: Enrico L\u00fcbbe)<\/p>\n<p>22:15 Uhr Buffets mit musikalischer Begleitung<\/p>\n<p>23:00 Uhr Konzert mit der Theater-Band BONNIE &amp; amp; KLEIST und dem Ensemble im Garderobenfoyer<\/p>\n<p>Um Mitternacht begr\u00fc\u00dfen wir gemeinsam das Jahr 2026 mit einem Glas Sekt\u2009\u2014\u2009und tanzen danach weiter bis in die Morgenstunden mit Live-DJ.<\/p>","protected":false},"excerpt":{"rendered":"<p>Inklusive Theatervorstellung, Live-Musik, Buffets von ENK Leipzig in den Foyers &amp; Mitternachtssekt; weitere Getr\u00e4nke extra. Das Buffet ist gestaltet als Wandeldinner, Sitzpl\u00e4tze in den Foyers sind an diesem Abend nur sehr begrenzt vorhanden und nicht reservierbar.<\/p>","protected":false},"featured_media":47327,"template":"","meta":{"_acf_changed":false,"inline_featured_image":false},"product_brand":[],"product_cat":[31,922,86,35,535,6767,21,58],"product_tag":[3569,941,951,943,3158,5956,6222,947,948],"class_list":{"0":"post-47314","1":"product","2":"type-product","3":"status-publish","4":"has-post-thumbnail","6":"product_cat-events","7":"product_cat-kultur","8":"product_cat-leipzig","9":"product_cat-orte","10":"product_cat-schauspielhaus-leipzig","11":"product_cat-theater","12":"product_cat-ticket","13":"product_cat-veranstaltung","14":"product_tag-der-gott-des-gemetzels","15":"product_tag-events","16":"product_tag-kultur","17":"product_tag-leipzig","18":"product_tag-schauspielhaus-leipzig","19":"product_tag-silvester","20":"product_tag-silvester-2025-im-schauspielhaus","21":"product_tag-ticket","22":"product_tag-veranstaltung","23":"product_shipping_class-nur_paketversand","24":"pa_discount-normalpreis","25":"pa_preiskategorie-pk-i","26":"pa_preiskategorie-pk-ii","28":"first","29":"instock","30":"taxable","31":"shipping-taxable","32":"purchasable","33":"product-type-variable"},"group_of_quantity":0,"min_quantity":0,"max_quantity":"","exclude_order_quantity_value_rules":"no","exclude_category_quantity_rules":"no","combine_variations":"no","acf":[],"_links":{"self":[{"href":"https:\/\/arena-ticket.com\/en\/wp-json\/wp\/v2\/product\/47314","targetHints":{"allow":["GET"]}}],"collection":[{"href":"https:\/\/arena-ticket.com\/en\/wp-json\/wp\/v2\/product"}],"about":[{"href":"https:\/\/arena-ticket.com\/en\/wp-json\/wp\/v2\/types\/product"}],"wp:featuredmedia":[{"embeddable":true,"href":"https:\/\/arena-ticket.com\/en\/wp-json\/wp\/v2\/media\/47327"}],"wp:attachment":[{"href":"https:\/\/arena-ticket.com\/en\/wp-json\/wp\/v2\/media?parent=47314"}],"wp:term":[{"taxonomy":"product_brand","embeddable":true,"href":"https:\/\/arena-ticket.com\/en\/wp-json\/wp\/v2\/product_brand?post=47314"},{"taxonomy":"product_cat","embeddable":true,"href":"https:\/\/arena-ticket.com\/en\/wp-json\/wp\/v2\/product_cat?post=47314"},{"taxonomy":"product_tag","embeddable":true,"href":"https:\/\/arena-ticket.com\/en\/wp-json\/wp\/v2\/product_tag?post=47314"}],"curies":[{"name":"wp","href":"https:\/\/api.w.org\/{rel}","templated":true}]}}