{"id":47331,"date":"2025-08-16T14:28:26","date_gmt":"2025-08-16T12:28:26","guid":{"rendered":"https:\/\/arena-ticket.com\/?p=47331&#038;post_type=product&#038;preview_id=47331"},"modified":"2025-08-16T15:35:38","modified_gmt":"2025-08-16T13:35:38","slug":"lipsi-lillies-silvester-burlesque-dinnershow-2025-blauer-salon-central-kabarett-leipzig-31-12-2025-2000-uhr","status":"publish","type":"product","link":"https:\/\/arena-ticket.com\/en\/product\/lipsi-lillies-silvester-burlesque-dinnershow-2025-blauer-salon-central-kabarett-leipzig-31-12-2025-2000-uhr\/","title":{"rendered":"Lipsi Lillies Silvester Burlesque Dinnershow 2025 - Die Nacht ist nicht allein zum Schlafen da\u2026"},"content":{"rendered":"<p>Die Nacht ist nicht allein zum Schlafen da\u2026<\/p>\n<p>\u2026die Nacht ist da, dass was geschieht. So sang man schon in einem Filmschlager aus den 30er Jahren. Die Aussage hat heute noch G\u00fcltigkeit, finden die Lipsi Lillies und machen diese Silvesternacht zum Tage. Mit besonders viel Glamour, Glitzer, Witz und Ausgelassenheit tanzen Roxie Heart, Lotti Lieblich, Simone de Boudoir und Mitzi von Sacher gemeinsam dem neuen Jahr entgegen. Getreu dem Motto \u201ewer schl\u00e4ft, s\u00fcndigt nicht und hat deshalb hier nichts verloren\u201c, wird gefeiert bis die Polizei kommt. Oder Boylesque-Hero Mr. Rapido. Er sorgt mit seinem unnachahmlichen Charme und seiner sicheren Pr\u00e4senz daf\u00fcr, dass sich bei dem bunten burlesquen Treiben niemand verletzt und die vier Damen nicht allzu sehr \u00fcber die Str\u00e4nge schlagen. Dass er dank seines atemberaubenden Sex Appeals beim Publikum allerdings Schnappatmung verursacht, dieses Risiko nimmt er in Kauf. Schlie\u00dflich k\u00f6nnen die Lipsi Lillies mit eleganten Federf\u00e4chern und ganz viel Showgirl-Esprit den G\u00e4sten galant Frischluft zuf\u00e4cheln. Und wenn das nichts hilft, dann ergreift Oberschwester Mitzi lebensverl\u00e4ngernde und \u00e4u\u00dfert erotische Ma\u00dfnahmen.<\/p>","protected":false},"excerpt":{"rendered":"<p>Kulinarisch abgerundet wir dieses sinnliche Silvesterspektakel von einem 4-G\u00e4nge-Men\u00fc voller Geschmackserlebnisse und ganz viel Augenschmaus. Freuen Sie sich also auf eine Nacht voller Glanz, Humor und Lebensfreude, in der garantiert niemand schlafen will.<\/p>","protected":false},"featured_media":47333,"template":"","meta":{"_acf_changed":false,"inline_featured_image":false},"product_brand":[],"product_cat":[379,31,86,64,35,6730,21,58],"product_tag":[965,6224,941,942,951,943,6223,944,5956,947,948],"class_list":{"0":"post-47331","1":"product","2":"type-product","3":"status-publish","4":"has-post-thumbnail","6":"product_cat-central-kabarett","7":"product_cat-events","8":"product_cat-leipzig","9":"product_cat-musical-show","10":"product_cat-orte","11":"product_cat-show","12":"product_cat-ticket","13":"product_cat-veranstaltung","14":"product_tag-central-kabarett","15":"product_tag-die-nacht-ist-nicht-allein-zum-schlafen-da","16":"product_tag-events","17":"product_tag-konzert","18":"product_tag-kultur","19":"product_tag-leipzig","20":"product_tag-lipsi-lillies-silvester-burlesque-dinnershow-2025","21":"product_tag-orte","22":"product_tag-silvester","23":"product_tag-ticket","24":"product_tag-veranstaltung","25":"product_shipping_class-nur_paketversand","26":"pa_discount-normalpreis","27":"pa_preiskategorie-pk-i","28":"pa_preiskategorie-pk-ii","30":"first","31":"instock","32":"taxable","33":"shipping-taxable","34":"purchasable","35":"product-type-variable"},"group_of_quantity":0,"min_quantity":0,"max_quantity":"","exclude_order_quantity_value_rules":"no","exclude_category_quantity_rules":"no","combine_variations":"no","acf":[],"_links":{"self":[{"href":"https:\/\/arena-ticket.com\/en\/wp-json\/wp\/v2\/product\/47331","targetHints":{"allow":["GET"]}}],"collection":[{"href":"https:\/\/arena-ticket.com\/en\/wp-json\/wp\/v2\/product"}],"about":[{"href":"https:\/\/arena-ticket.com\/en\/wp-json\/wp\/v2\/types\/product"}],"wp:featuredmedia":[{"embeddable":true,"href":"https:\/\/arena-ticket.com\/en\/wp-json\/wp\/v2\/media\/47333"}],"wp:attachment":[{"href":"https:\/\/arena-ticket.com\/en\/wp-json\/wp\/v2\/media?parent=47331"}],"wp:term":[{"taxonomy":"product_brand","embeddable":true,"href":"https:\/\/arena-ticket.com\/en\/wp-json\/wp\/v2\/product_brand?post=47331"},{"taxonomy":"product_cat","embeddable":true,"href":"https:\/\/arena-ticket.com\/en\/wp-json\/wp\/v2\/product_cat?post=47331"},{"taxonomy":"product_tag","embeddable":true,"href":"https:\/\/arena-ticket.com\/en\/wp-json\/wp\/v2\/product_tag?post=47331"}],"curies":[{"name":"wp","href":"https:\/\/api.w.org\/{rel}","templated":true}]}}