{"id":47337,"date":"2025-08-16T15:32:18","date_gmt":"2025-08-16T13:32:18","guid":{"rendered":"https:\/\/arena-ticket.com\/?p=47337&#038;post_type=product&#038;preview_id=47337"},"modified":"2025-08-16T15:47:00","modified_gmt":"2025-08-16T13:47:00","slug":"laza-hammer-niemals-in-new-york-die-silvester-musikkomoedie-central-kabarett-leipzig-31-12-2025-1930-uhr","status":"publish","type":"product","link":"https:\/\/arena-ticket.com\/en\/product\/laza-hammer-niemals-in-new-york-die-silvester-musikkomoedie-central-kabarett-leipzig-31-12-2025-1930-uhr\/","title":{"rendered":"Laza &amp; Hammer: Niemals in New York  - Die Silvester-Musikkom\u00f6die"},"content":{"rendered":"<p>Mit Vollgas ins neue Jahr!<\/p>\n<p>Niemals in New York \u2013 Die Silvester-Musikkom\u00f6die<\/p>\n<p>Diva trifft Panne \u2013 und der Jahreswechsel wird zum Abenteuer!<\/p>\n<p>Miss Daisy will nach New York. Doch statt Broadway: Autopanne, Verzweiflung und Chaos!<br \/>\nGemeinsam mit ihrem verpeilten Chauffeur Malheur stolpert sie in eine herrlich verr\u00fcckte Achterbahnfahrt voller Witz, Musik und Herz.<\/p>\n<p>Wie h\u00e4lt man eine Diva bei Laune?<br \/>\nWas tun, wenn der Flieger weg ist \u2013 aber das Leben trotzdem abhebt?<\/p>\n<p>Erleben Sie einen Jahresausklang voller spritzigem Humor, mitrei\u00dfenden Liedern und einem Hauch Broadway-Glanz.<\/p>\n<p>Musicalstars Nadine Hammer &amp; Adrian Laza<br \/>\nText und Regie: Roy Reinker<br \/>\n_____________________________________________________________________________________________________________________________________________________________________<\/p>\n<p>Auf den Tischen: Butter | Rote Beete Hummus | Avocado<\/p>\n<p>Vorspeise: Wrap vom R\u00e4ucherlachs | Gurkentatar | Sesam | Microgreen | Tr\u00fcffel-Mayonnaise<\/p>\n<p>Suppe: Karotten-Mango-Suppe | Perl-Couscous | Sakura-Kresse<\/p>\n<p>Hauptgang: Maish\u00e4hnchenbrust |Wacholderjus | Wildkr\u00e4uter | S\u00fc\u00dfkartoffelcurry | Erbsenp\u00fcree | Kartoffelgratin<\/p>\n<p>oder<\/p>\n<p>Vegetarischer Hauptgang: Spinatstrudel | Sour Cream | Wildkr\u00e4uter | S\u00fc\u00dfkartoffelcurry | Erbsenp\u00fcree | Kartoffelgratin<\/p>\n<p>Dessert: Passionsfruchtmousse | Tonkabohne | Macaron | Mango | Green Stone<\/p>","protected":false},"excerpt":{"rendered":"<p>Inclusive 4-G\u00e4nge-Silvester-Men\u00fc - <\/p>\n<p>Freuen Sie sich auf Musik, Comedy &amp; \u00dcberraschungen \u2013 perfekt f\u00fcr alle, die das alte Jahr mit einem lauten Lachen verabschieden und das neue mit einem funkelnden Augenzwinkern begr\u00fc\u00dfen wollen.<\/p>","protected":false},"featured_media":47342,"template":"","meta":{"_acf_changed":false,"inline_featured_image":false},"product_brand":[],"product_cat":[379,31,86,64,35,6730,21,58],"product_tag":[965,6226,941,942,951,6225,943,944,5956,947,948],"class_list":{"0":"post-47337","1":"product","2":"type-product","3":"status-publish","4":"has-post-thumbnail","6":"product_cat-central-kabarett","7":"product_cat-events","8":"product_cat-leipzig","9":"product_cat-musical-show","10":"product_cat-orte","11":"product_cat-show","12":"product_cat-ticket","13":"product_cat-veranstaltung","14":"product_tag-central-kabarett","15":"product_tag-die-silvester-musikkomoedie","16":"product_tag-events","17":"product_tag-konzert","18":"product_tag-kultur","19":"product_tag-laza-hammer-niemals-in-new-york","20":"product_tag-leipzig","21":"product_tag-orte","22":"product_tag-silvester","23":"product_tag-ticket","24":"product_tag-veranstaltung","25":"product_shipping_class-nur_paketversand","26":"pa_discount-normalpreis","27":"pa_preiskategorie-pk-i","28":"pa_preiskategorie-pk-ii","30":"first","31":"instock","32":"taxable","33":"shipping-taxable","34":"purchasable","35":"product-type-variable"},"group_of_quantity":0,"min_quantity":0,"max_quantity":"","exclude_order_quantity_value_rules":"no","exclude_category_quantity_rules":"no","combine_variations":"no","acf":[],"_links":{"self":[{"href":"https:\/\/arena-ticket.com\/en\/wp-json\/wp\/v2\/product\/47337","targetHints":{"allow":["GET"]}}],"collection":[{"href":"https:\/\/arena-ticket.com\/en\/wp-json\/wp\/v2\/product"}],"about":[{"href":"https:\/\/arena-ticket.com\/en\/wp-json\/wp\/v2\/types\/product"}],"wp:featuredmedia":[{"embeddable":true,"href":"https:\/\/arena-ticket.com\/en\/wp-json\/wp\/v2\/media\/47342"}],"wp:attachment":[{"href":"https:\/\/arena-ticket.com\/en\/wp-json\/wp\/v2\/media?parent=47337"}],"wp:term":[{"taxonomy":"product_brand","embeddable":true,"href":"https:\/\/arena-ticket.com\/en\/wp-json\/wp\/v2\/product_brand?post=47337"},{"taxonomy":"product_cat","embeddable":true,"href":"https:\/\/arena-ticket.com\/en\/wp-json\/wp\/v2\/product_cat?post=47337"},{"taxonomy":"product_tag","embeddable":true,"href":"https:\/\/arena-ticket.com\/en\/wp-json\/wp\/v2\/product_tag?post=47337"}],"curies":[{"name":"wp","href":"https:\/\/api.w.org\/{rel}","templated":true}]}}