{"id":47387,"date":"2025-08-18T10:16:38","date_gmt":"2025-08-18T08:16:38","guid":{"rendered":"https:\/\/arena-ticket.com\/?p=47387&#038;post_type=product&#038;preview_id=47387"},"modified":"2026-03-27T18:03:37","modified_gmt":"2026-03-27T17:03:37","slug":"clueso-deja-vu-tour-2026-leipzig-quarterback-immobilien-arena-27-03-2026-2000-uhr","status":"publish","type":"product","link":"https:\/\/arena-ticket.com\/en\/product\/clueso-deja-vu-tour-2026-leipzig-quarterback-immobilien-arena-27-03-2026-2000-uhr\/","title":{"rendered":"Clueso - DEJA-VU"},"content":{"rendered":"<p>Clueso geht 2026 mit seiner spektakul\u00e4ren \u201eDEJA-VU TOUR\u201c auf gro\u00dfe Arena-Tournee und bringt seine Hits in die gr\u00f6\u00dften Hallen Deutschlands. Mit neuen Songs, frischen Arrangements und einer beeindruckenden B\u00fchnenshow verspricht die Tour unvergessliche Abende voller Emotionen, Energie und Live-Musik, gemeinsam mit seiner Band. Mit 20 Jahren B\u00fchnenerfahrung verbindet Clueso auf einzigartige Weise Pop, Hip-Hop und Singer-Songwriter-Elemente. Bei der \u201eDEJA-VU TOUR\u201c d\u00fcrfen sich Fans nicht nur auf seine gr\u00f6\u00dften Hits wie \u201eChicago\u201c, \u201eCello\u201c und \u201eFlugmodus\u201c freuen, sondern auch auf brandneue Songs und jede Menge Live-Highlights. Clueso: \"Ich freue mich sehr, endlich meine neuen Songs mit Euch zu teilen \u2013 und vor allem 2026 in den gro\u00dfen Hallen! Unsere Klassiker sind selbstverst\u00e4ndlich wieder mit dabei. Es bleibt vertraut und neu zugleich.\" Von Stuttgart \u00fcber Hamburg, Berlin und Frankfurt bis nach Wien \u2013 ab M\u00e4rz 2026 macht Clueso Halt in den angesagtesten Arenen. Seine Songs ber\u00fchren Generationen und bleiben dabei stets authentisch. Gold- und Platin-Alben, ausverkaufte Hallen und eine treue Fanbase sprechen f\u00fcr sich. Wer Clueso live erlebt, wei\u00df: seine Konzerte sind pure Emotion! 2026 gibt es die n\u00e4chste Gelegenheit, unvergessliche Abende mit ihm zu erleben \u2013 bei 10 exklusiven Shows.<\/p>\n<p>&nbsp;<\/p>","protected":false},"excerpt":{"rendered":"<p>&nbsp;<\/p>\n<p>&nbsp;<\/p>","protected":false},"featured_media":49223,"template":"","meta":{"_acf_changed":false,"inline_featured_image":false},"product_brand":[],"product_cat":[31,69,86,35,6733,37,21,22,58],"product_tag":[4108,6227,941,942,943,944,2506,945,947,973,948],"class_list":{"0":"post-47387","1":"product","2":"type-product","3":"status-publish","4":"has-post-thumbnail","6":"product_cat-events","7":"product_cat-konzert","8":"product_cat-leipzig","9":"product_cat-orte","10":"product_cat-pop","11":"product_cat-quarterback-immobilien-arena","12":"product_cat-ticket","13":"product_cat-ticketupgrades-zusatzleistungen","14":"product_cat-veranstaltung","15":"product_tag-clueso","16":"product_tag-deja-vu","17":"product_tag-events","18":"product_tag-konzert","19":"product_tag-leipzig","20":"product_tag-orte","21":"product_tag-pop","22":"product_tag-quarterback-immobilien-arena","23":"product_tag-ticket","24":"product_tag-ticketupgrades-zusatzleistungen","25":"product_tag-veranstaltung","26":"product_shipping_class-abholung_paketversand","27":"pa_discount-lzig-eds","28":"pa_discount-lzig-ees","29":"pa_discount-inklusive-begleitperson","30":"pa_discount-normalpreis","31":"pa_discount-vip-sitzplatz","32":"pa_preiskategorie-front-of-stage-stehplatz","33":"pa_preiskategorie-ggv-up","34":"pa_preiskategorie-livezig-up","35":"pa_preiskategorie-pgv-up","36":"pa_preiskategorie-pk-i","37":"pa_preiskategorie-pk-ii","38":"pa_preiskategorie-pk-iii","39":"pa_preiskategorie-pk3-stehplatz","40":"pa_preiskategorie-pk-iv","41":"pa_preiskategorie-pk-v","42":"pa_preiskategorie-pk-vi","43":"pa_preiskategorie-pk-vii","44":"pa_preiskategorie-rollstuhlfahrer","45":"pa_preiskategorie-vip-package-backstage-club","46":"pa_preiskategorie-vipu-up","48":"first","49":"instock","50":"taxable","51":"shipping-taxable","52":"purchasable","53":"product-type-variable"},"group_of_quantity":0,"min_quantity":0,"max_quantity":"","exclude_order_quantity_value_rules":"no","exclude_category_quantity_rules":"no","combine_variations":"no","acf":[],"_links":{"self":[{"href":"https:\/\/arena-ticket.com\/en\/wp-json\/wp\/v2\/product\/47387","targetHints":{"allow":["GET"]}}],"collection":[{"href":"https:\/\/arena-ticket.com\/en\/wp-json\/wp\/v2\/product"}],"about":[{"href":"https:\/\/arena-ticket.com\/en\/wp-json\/wp\/v2\/types\/product"}],"wp:featuredmedia":[{"embeddable":true,"href":"https:\/\/arena-ticket.com\/en\/wp-json\/wp\/v2\/media\/49223"}],"wp:attachment":[{"href":"https:\/\/arena-ticket.com\/en\/wp-json\/wp\/v2\/media?parent=47387"}],"wp:term":[{"taxonomy":"product_brand","embeddable":true,"href":"https:\/\/arena-ticket.com\/en\/wp-json\/wp\/v2\/product_brand?post=47387"},{"taxonomy":"product_cat","embeddable":true,"href":"https:\/\/arena-ticket.com\/en\/wp-json\/wp\/v2\/product_cat?post=47387"},{"taxonomy":"product_tag","embeddable":true,"href":"https:\/\/arena-ticket.com\/en\/wp-json\/wp\/v2\/product_tag?post=47387"}],"curies":[{"name":"wp","href":"https:\/\/api.w.org\/{rel}","templated":true}]}}