{"id":47411,"date":"2025-08-18T13:16:58","date_gmt":"2025-08-18T11:16:58","guid":{"rendered":"https:\/\/arena-ticket.com\/?p=47411&#038;post_type=product&#038;preview_id=47411"},"modified":"2026-04-10T12:02:43","modified_gmt":"2026-04-10T10:02:43","slug":"semino-rossi-muttertagskonzert-2026-kulturpalast-dresden-10-05-2026-1900-uhr","status":"publish","type":"product","link":"https:\/\/arena-ticket.com\/en\/product\/semino-rossi-muttertagskonzert-2026-kulturpalast-dresden-10-05-2026-1900-uhr\/","title":{"rendered":"Semino Rossi  - Muttertagskonzert 2026"},"content":{"rendered":"<div class=\"moretext js-moretext expanded\" data-qa=\"readMoreText\">\n<div class=\"moretext-teaser\">\n<p>Mit seinen Konzerten ist er innerhalb der letzten Jahre zum gl\u00e4nzenden Stern am Schlager-Himmel aufgestiegen. Jedes neue Album ist ein Hit und spiegelt seinen ganz pers\u00f6nlichen Stil wieder. Ob \u201eSymphonie des Lebens\u201c oder \u201eRot sind die Rosen\u201c \u2013 Semino Rossi ist das perfekte Synonym f\u00fcr Charme, Romantik und tiefgehende Texte zum dahinschmelzen.<\/p>\n<p>Der urspr\u00fcnglich aus Argentinien stammende S\u00e4nger kam 1985 nach \u00d6sterreich und ging seiner Liebe zur Musik zun\u00e4chst als Stra\u00dfenmusiker nach. Sein Durchbruch in Deutschland gelang ihm 2004 beim Winterfest der Volksmusik. Seitdem begeistert er mit Schlagermusik, die seine ganz pers\u00f6nliche Note tr\u00e4gt: Lateinamerikanische Rhythmen, internationaler Pop, und Schlager, der zum Tanzen und Mitklatschen einl\u00e4dt \u2013 genau das Richtige f\u00fcr echte Fans der Schlager-Musik!<\/p>\n<p>Dass Semino Rossi sich nicht nur als gutaussehender Frauenschwarm einen Namen gemacht hat, zeigen seine zahlreichen Auszeichnungen. Er darf unter anderem einen Echo, drei Amadeus Awards, zahlreiche goldene Schallplatten und zwei Mal die Krone der Volksmusik sein Eigen nennen. Lassen auch Sie sich vom einzigartigen Rossi-Stil und seinen neuen Ausdrucksformen begeistern!<\/p>\n<\/div>\n<\/div>\n<div class=\"link moretext-toggle\"><\/div>","protected":false},"excerpt":{"rendered":"<p>Secure your tickets!<\/p>","protected":false},"featured_media":52319,"template":"","meta":{"_acf_changed":false,"inline_featured_image":false},"product_brand":[],"product_cat":[87,31,345,936,69,428,86,35,6734,21,58],"product_tag":[940,941,956,957,942,3423,3435,943,6230,944,2568,4758,947,948],"class_list":{"0":"post-47411","1":"product","2":"type-product","3":"status-publish","4":"has-post-thumbnail","6":"product_cat-dresden","7":"product_cat-events","8":"product_cat-gewandhaus","9":"product_cat-grosser-saal","10":"product_cat-konzert","11":"product_cat-kulturpalalst","12":"product_cat-leipzig","13":"product_cat-orte","14":"product_cat-schlager","15":"product_cat-ticket","16":"product_cat-veranstaltung","17":"product_tag-dresden","18":"product_tag-events","19":"product_tag-gewandhaus","20":"product_tag-grosser-saal","21":"product_tag-konzert","22":"product_tag-kulturpalalst","23":"product_tag-kulturpalast-dresden","24":"product_tag-leipzig","25":"product_tag-muttertagskonzert-2026","26":"product_tag-orte","27":"product_tag-schlager","28":"product_tag-semino-rossi","29":"product_tag-ticket","30":"product_tag-veranstaltung","31":"product_shipping_class-nur_paketversand","32":"pa_discount-normalpreis","33":"pa_preiskategorie-pk-i","34":"pa_preiskategorie-pk-ii","35":"pa_preiskategorie-pk-iii","36":"pa_preiskategorie-pk-iv","37":"pa_preiskategorie-pk-v","39":"first","40":"instock","41":"taxable","42":"shipping-taxable","43":"purchasable","44":"product-type-variable"},"group_of_quantity":0,"min_quantity":0,"max_quantity":"","exclude_order_quantity_value_rules":"no","exclude_category_quantity_rules":"no","combine_variations":"no","acf":[],"_links":{"self":[{"href":"https:\/\/arena-ticket.com\/en\/wp-json\/wp\/v2\/product\/47411","targetHints":{"allow":["GET"]}}],"collection":[{"href":"https:\/\/arena-ticket.com\/en\/wp-json\/wp\/v2\/product"}],"about":[{"href":"https:\/\/arena-ticket.com\/en\/wp-json\/wp\/v2\/types\/product"}],"wp:featuredmedia":[{"embeddable":true,"href":"https:\/\/arena-ticket.com\/en\/wp-json\/wp\/v2\/media\/52319"}],"wp:attachment":[{"href":"https:\/\/arena-ticket.com\/en\/wp-json\/wp\/v2\/media?parent=47411"}],"wp:term":[{"taxonomy":"product_brand","embeddable":true,"href":"https:\/\/arena-ticket.com\/en\/wp-json\/wp\/v2\/product_brand?post=47411"},{"taxonomy":"product_cat","embeddable":true,"href":"https:\/\/arena-ticket.com\/en\/wp-json\/wp\/v2\/product_cat?post=47411"},{"taxonomy":"product_tag","embeddable":true,"href":"https:\/\/arena-ticket.com\/en\/wp-json\/wp\/v2\/product_tag?post=47411"}],"curies":[{"name":"wp","href":"https:\/\/api.w.org\/{rel}","templated":true}]}}