{"id":47528,"date":"2025-08-19T17:26:09","date_gmt":"2025-08-19T15:26:09","guid":{"rendered":"https:\/\/arena-ticket.com\/?p=47528&#038;post_type=product&#038;preview_id=47528"},"modified":"2025-08-19T17:45:05","modified_gmt":"2025-08-19T15:45:05","slug":"paula-carolina-ich-war-hier-tour-2026-felsenkeller-leipzig-01-05-2026-2000-uhr","status":"publish","type":"product","link":"https:\/\/arena-ticket.com\/en\/product\/paula-carolina-ich-war-hier-tour-2026-felsenkeller-leipzig-01-05-2026-2000-uhr\/","title":{"rendered":"Paula Carolina  - Ich war hier - Tour 2026"},"content":{"rendered":"<p>\/\/\/ \"ICH WAR HIER\u201c - und geh nicht mehr weg \u2013 Paula Carolina geht wieder live!<\/p>\n<p>Nach \u00fcber zwei Jahren auf der \u00dcberholspur, zahllosen Festivals und zwei gefeierten Headline-Touren ist klar: Das muss nochmal wiederholt werden. Im Fr\u00fchjahr 2026 geht Paula Carolina deshalb auf \u201eICH WAR HIER - TOUR 2026\u201c\u2013 ein Manifest, ein Stempel, eine Ansage.<\/p>\n<p>2024 hat Paula Carolina ihr neues Album ver\u00f6ffentlicht \u2013 ein selbstbewusstes Ausrufezeichen, das in Sound und Aussage nichts zur\u00fcckh\u00e4lt. Auch \u00e4ltere Tracks wie \u201eTroph\u00e4e\u201c machen deutlich: Sie sammelt keine Preise \u2013 sie hinterl\u00e4sst Spuren. Mit Millionen Streams, ausverkauften Shows in Deutschland, \u00d6sterreich und der Schweiz und einer stetig wachsenden Fangemeinde macht sie klar: Sie ist gekommen, um zu bleiben!<\/p>\n<p>Eine Paula Carolina Show ist dabei kein einfaches Konzert. Es ist ein Aufruhr, eine Explosion mit moshpitkompatiblen Basslines und rebellischem Indie-Pop, bei dem Tanzwut auf Haltung trifft. Paula springt, schreit, strahlt. Und mit ihr eine Crowd, die jede Zeile zur\u00fcckwirft wie ein kollektiver Mittelfinger ans System. Es wird laut. Es wird politisch. Es wird Paula Carolina.<\/p>","protected":false},"excerpt":{"rendered":"<p>Get your tickets here now!<\/p>","protected":false},"featured_media":47530,"template":"","meta":{"_acf_changed":false,"inline_featured_image":false},"product_brand":[],"product_cat":[31,348,69,86,35,6733,21,58],"product_tag":[941,1476,6233,942,943,944,2751,947,948],"class_list":{"0":"post-47528","1":"product","2":"type-product","3":"status-publish","4":"has-post-thumbnail","6":"product_cat-events","7":"product_cat-felsenkeller","8":"product_cat-konzert","9":"product_cat-leipzig","10":"product_cat-orte","11":"product_cat-pop","12":"product_cat-ticket","13":"product_cat-veranstaltung","14":"product_tag-events","15":"product_tag-felsenkeller","16":"product_tag-ich-war-hier-tour-2026","17":"product_tag-konzert","18":"product_tag-leipzig","19":"product_tag-orte","20":"product_tag-paula-carolina","21":"product_tag-ticket","22":"product_tag-veranstaltung","23":"product_shipping_class-nur_paketversand","24":"pa_discount-normalpreis","25":"pa_preiskategorie-stehplatz","27":"first","28":"instock","29":"taxable","30":"shipping-taxable","31":"purchasable","32":"product-type-variable"},"group_of_quantity":0,"min_quantity":0,"max_quantity":"","exclude_order_quantity_value_rules":"no","exclude_category_quantity_rules":"no","combine_variations":"no","acf":[],"_links":{"self":[{"href":"https:\/\/arena-ticket.com\/en\/wp-json\/wp\/v2\/product\/47528","targetHints":{"allow":["GET"]}}],"collection":[{"href":"https:\/\/arena-ticket.com\/en\/wp-json\/wp\/v2\/product"}],"about":[{"href":"https:\/\/arena-ticket.com\/en\/wp-json\/wp\/v2\/types\/product"}],"wp:featuredmedia":[{"embeddable":true,"href":"https:\/\/arena-ticket.com\/en\/wp-json\/wp\/v2\/media\/47530"}],"wp:attachment":[{"href":"https:\/\/arena-ticket.com\/en\/wp-json\/wp\/v2\/media?parent=47528"}],"wp:term":[{"taxonomy":"product_brand","embeddable":true,"href":"https:\/\/arena-ticket.com\/en\/wp-json\/wp\/v2\/product_brand?post=47528"},{"taxonomy":"product_cat","embeddable":true,"href":"https:\/\/arena-ticket.com\/en\/wp-json\/wp\/v2\/product_cat?post=47528"},{"taxonomy":"product_tag","embeddable":true,"href":"https:\/\/arena-ticket.com\/en\/wp-json\/wp\/v2\/product_tag?post=47528"}],"curies":[{"name":"wp","href":"https:\/\/api.w.org\/{rel}","templated":true}]}}