{"id":47531,"date":"2025-08-19T17:32:52","date_gmt":"2025-08-19T15:32:52","guid":{"rendered":"https:\/\/arena-ticket.com\/?p=47531&#038;post_type=product&#038;preview_id=47531"},"modified":"2025-11-13T20:39:20","modified_gmt":"2025-11-13T19:39:20","slug":"the-oreillys-and-the-paddyhats-wings-gloves-jubilaeums-tour-2026-der-anker-leipzig-03-10-2026-2000-uhr","status":"publish","type":"product","link":"https:\/\/arena-ticket.com\/en\/product\/the-oreillys-and-the-paddyhats-wings-gloves-jubilaeums-tour-2026-der-anker-leipzig-03-10-2026-2000-uhr\/","title":{"rendered":"THE O\u2019REILLYS AND THE PADDYHATS  - Wings &amp; Gloves \u2013 Jubil\u00e4ums-Tour 2026"},"content":{"rendered":"<p>Was vor 15 Jahren in kleinen Kneipen begann, klingt heute durch Clubs, Hallen und \u00fcber Festivalwiesen in ganz Europa: The O\u2019Reillys and the Paddyhats feiern Jubil\u00e4um \u2013 und laden zur gro\u00dfen \u201eWings &amp; Gloves\u201c-Tour 2026 ein.<\/p>\n<p>Fl\u00fcgel und F\u00e4uste, Freiheit und Kampfgeist. Mit Banjo, Geige, Punkattit\u00fcde und jeder Menge Herz haben sich die Paddyhats ihr eigenes Revier in der Szene erspielt \u2013 zwischen Pub-Feeling und Festivalflutlicht, zwischen Lagerfeuer und Moshpit, Tradition und Eskalation.<\/p>\n<p>Sechs M\u00e4nner und eine Frau, die zwar nicht aus Irland stammen, aber dieses Lebensgef\u00fchl so authentisch zum Klingen bringen, als h\u00e4tten sie es im Blut statt im Reisepass: ein kollektiver Rausch aus Whiskey, Schwei\u00df, klebrigem Clubboden und den Ch\u00f6ren der Gemeinschaft. Zusammen ergeben sie eine Band mit echter Haltung, die so unversch\u00e4mt lebendig klingt wie ein Festival, das nicht schlafen will.<\/p>\n<p>Freut euch auf die \u201eWings &amp; Gloves\u201c Liveshow - mit Songs aus allen Bandphasen, neuen Brettern und der unverwechselbaren Paddyhats-Magie. Hier wird die B\u00fchne zum Pub, der Saal zur Familie und die Nacht zur Legende.<\/p>\n<p>15 Jahre, unz\u00e4hlige Shows \u2013 und almost Irish!<\/p>\n<p>The O\u2019Reillys and the Paddyhats \u2013 live 2026.<\/p>","protected":false},"excerpt":{"rendered":"<p>Get your tickets here now!<\/p>","protected":false},"featured_media":54681,"template":"","meta":{"_acf_changed":false,"inline_featured_image":false},"product_brand":[],"product_cat":[388,31,69,86,35,6745,21,58],"product_tag":[971,2859,941,942,943,944,6234,947,948,6235],"class_list":{"0":"post-47531","1":"product","2":"type-product","3":"status-publish","4":"has-post-thumbnail","6":"product_cat-anker","7":"product_cat-events","8":"product_cat-konzert","9":"product_cat-leipzig","10":"product_cat-orte","11":"product_cat-punk-punkrock","12":"product_cat-ticket","13":"product_cat-veranstaltung","14":"product_tag-anker","15":"product_tag-der-anker","16":"product_tag-events","17":"product_tag-konzert","18":"product_tag-leipzig","19":"product_tag-orte","20":"product_tag-the-oreillys-and-the-paddyhats","21":"product_tag-ticket","22":"product_tag-veranstaltung","23":"product_tag-wings-gloves-jubilaeums-tour-2026","24":"product_shipping_class-nur_paketversand","25":"pa_discount-normalpreis","26":"pa_preiskategorie-stehplatz","28":"first","29":"instock","30":"taxable","31":"shipping-taxable","32":"purchasable","33":"product-type-variable"},"group_of_quantity":0,"min_quantity":0,"max_quantity":"","exclude_order_quantity_value_rules":"no","exclude_category_quantity_rules":"no","combine_variations":"no","acf":[],"_links":{"self":[{"href":"https:\/\/arena-ticket.com\/en\/wp-json\/wp\/v2\/product\/47531","targetHints":{"allow":["GET"]}}],"collection":[{"href":"https:\/\/arena-ticket.com\/en\/wp-json\/wp\/v2\/product"}],"about":[{"href":"https:\/\/arena-ticket.com\/en\/wp-json\/wp\/v2\/types\/product"}],"wp:featuredmedia":[{"embeddable":true,"href":"https:\/\/arena-ticket.com\/en\/wp-json\/wp\/v2\/media\/54681"}],"wp:attachment":[{"href":"https:\/\/arena-ticket.com\/en\/wp-json\/wp\/v2\/media?parent=47531"}],"wp:term":[{"taxonomy":"product_brand","embeddable":true,"href":"https:\/\/arena-ticket.com\/en\/wp-json\/wp\/v2\/product_brand?post=47531"},{"taxonomy":"product_cat","embeddable":true,"href":"https:\/\/arena-ticket.com\/en\/wp-json\/wp\/v2\/product_cat?post=47531"},{"taxonomy":"product_tag","embeddable":true,"href":"https:\/\/arena-ticket.com\/en\/wp-json\/wp\/v2\/product_tag?post=47531"}],"curies":[{"name":"wp","href":"https:\/\/api.w.org\/{rel}","templated":true}]}}