{"id":47542,"date":"2025-08-19T18:28:15","date_gmt":"2025-08-19T16:28:15","guid":{"rendered":"https:\/\/arena-ticket.com\/?p=47542&#038;post_type=product&#038;preview_id=47542"},"modified":"2026-02-21T13:47:40","modified_gmt":"2026-02-21T12:47:40","slug":"taylor-mania-a-taylor-swift-eras-tour-tribute-show-leipzig-haus-auensee-30-04-2026-1930-uhr","status":"publish","type":"product","link":"https:\/\/arena-ticket.com\/en\/product\/taylor-mania-a-taylor-swift-eras-tour-tribute-show-leipzig-haus-auensee-30-04-2026-1930-uhr\/","title":{"rendered":"Taylor Mania  - A Taylor Swift Eras Tour Tribute Show"},"content":{"rendered":"<p>Sie ist das Ph\u00e4nomen des 21. Jahrhunderts: 14 Grammy Awards, 40 American Music Awards, 29 Billboard Music Awards, 23 MTV Video Music Awards und ein Emmy, dazu Auszeichnungen als \u201ePerson des Jahres\u201c und \u201eFrau des Jahrzehnts\u201c. Die US-amerikanische Ausnahme-K\u00fcnstlerin Taylor Swift brach in den letzten 20 Jahren alle Rekorde und erreichte, was noch keinen anderen InterpretInnen vor ihr gelang. Mit mehr als 200 Millionen verkauften Tontr\u00e4gern ist sie die mit Abstand erfolgreichste Musikerin weltweit und steht unangefochten an der Spitze der Pop- Industrie. Ihre \u201eEras Tour\u201c war mit 149 Konzerten in \u00fcber 50 St\u00e4dten auf f\u00fcnf Kontinenten und insgesamt \u00fcber zehn Millionen BesucherInnen die erfolgreichste Tournee aller Zeiten und setzte neue Ma\u00dfst\u00e4be im Live-Gesch\u00e4ft. \u201eTAYLOR MANIA \u2013 A TAYLOR SWIFT ERAS TRIBUTE SHOW\u201c von und mit \u201eUK\u2019s finest Taylor-tribute\u201c Katy Ellis bringt den Zauber und das Lebensgef\u00fchl von \u201eTay Tay\u201c auf unnachahmliche Weise auf die B\u00fchne und geht 2026 erstmals auf Tournee durch Deutschland und \u00d6sterreich.<\/p>\n<p>Taylor Swift, geboren am 13. Dezember 1989 in Reading, Pennsylvania, entwickelte sich im Laufe ihrer Karriere zur Pop-Ikone und zum Idol einer ganzen Generation. Bereits mit ihrem Deb\u00fctalbum \u201eTaylor Swift\u201c, das in den Vereinigten Staaten 2006 beim Label Big Machine Records erschien, verzeichnete sie gro\u00dfe Erfolge in den USA, ehe mit dem zweiten Album \u201eFearless\u201c 2008 der internationale Durchbruch gelang. Nachdem sie sich von der Country-Musik dem Pop-Genre zuwandte folgten viele weitere Nr.1-Alben wie \u201e1989\u201c (2014), \u201eReputation\u201c (2017), \u201eFolklore\u201c (2020) und \u201eMidnights\u201c (2022). Auf ihrer bahnbrechenden \u201eEras Tour\u201c pr\u00e4sentierte sie eine retrospektive Performance mit \u00fcber 40 Songs aus all ihren Studioalben, dargestellt in zehn thematischen \u201eEras\u201c bei einer Konzertdauer von 3,5 Stunden.<\/p>\n<p><b>TAYLOR MANIA \u2013 Das erfolgreichste Taylor Swift Tribute aus Gro\u00dfbritannien<\/b><br \/>\nMit einer hochkar\u00e4tigen Liveband, professionellen T\u00e4nzerinnen und T\u00e4nzern und mehr als zehn originalgetreu nachempfundenen B\u00fchnenoutfits nimmt die preisgekr\u00f6nte britische Erfolgs- Produktion \u201eTAYLOR MANIA\u201c das Publikum mit auf eine Reise durch 20 Jahre Musik-Geschichte von Taylor Swift. Mit Liebe zum Detail produziert und mit Stolz und Hochachtung umgesetzt garantiert die umjubelte Show ein B\u00fchnenfeuerwerk der Extraklasse. Mehr als 100 ausverkaufte Shows pro Jahr allein in Gro\u00dfbritannien mit hunderttausenden begeisterten BesucherInnen zeugen von der wohl erfolgreichsten und authentischsten Taylor-Tribute-Show weltweit. \u00dcber zwei Stunden lang tauchen Fans jeden Alters in die Welt ihrer Lieblingssongs ein und erleben eine Live-Performance, die den Anschein erweckt, Taylor Swift leibhaftig auf der B\u00fchne zu erleben. Denn \u201eTAYLOR MANIA\u201c ist mehr als nur ein Konzert: Es ist eine leidenschaftliche W\u00fcrdigung einer K\u00fcnstlerin, die mit ihrer Musik Generationen verbindet und rund um den Globus Herzen bewegt.<\/p>\n<p><b>Katy Ellis \u2013 UK\u2019s finest Taylor-tribute<\/b><br \/>\nHinter dem B\u00fchnen-Zauber steckt die britische Star-S\u00e4ngerin Katy Ellis. Neben ihrem Aussehen und der beeindruckenden stimmlichen N\u00e4he zu Taylor Swift teilt sie sich auch das Geburtsjahr mit ihrem Idol: 1989. Gesangs- und Klavierunterricht im Kindesalter und die Ausbildung an der Italia Conti Academy in London machten sie zur professionellen Musikerin. Direkt im Anschluss sammelte sie Erfahrungen in verschiedenen Musicals und Konzert-Produktionen im renommierten Londoner West End. Von sich selbst sagt Ellis: \u201eIch bin ein absoluter Perfektionist und achte immer darauf, dass jeder Aspekt der Show so gut wie m\u00f6glich ist, von den Kost\u00fcmen \u00fcber die T\u00e4nzerInnen bis hin zur Musik. Mein Motto ist: Wenn du etwas machst, dann mach\u2018 es richtig oder gar nicht.\u201c Sie selbst ist ein riesiger Swiftie und kennt die Texte aller Songs auf jedem Album in- und auswendig. Mit \u201eTAYLOR MANIA\u201c erf\u00fcllt sie sich ihren Traum und verk\u00f6rpert ihre Lieblingsk\u00fcnstlerin wie keine Andere. Dabei meistert sie nicht nur die stimmliche Bandbreite Taylors, sondern auch ihre B\u00fchnenpr\u00e4senz, ihr einzigartiges Charisma und die unvergleichbare N\u00e4he zum Publikum.<\/p>\n<p><b>Von Swifties f\u00fcr Swifties: Die Show mit Herzblut, Hingabe und viel Liebe zur Musik<\/b><br \/>\nWas \u201eTAYLOR MANIA\u201c so besonders macht, ist die N\u00e4he zur Fan-Community. Das gesamte Kreativ-Team, von der musikalischen Leitung \u00fcber Kost\u00fcm-Design bis hin zur B\u00fchnengestaltung, teilt die Begeisterung f\u00fcr Taylor Swift und bringt diese mit h\u00f6chster Professionalit\u00e4t und k\u00fcnstlerischem Anspruch auf die B\u00fchne. Angef\u00fchrt von der einzigartigen Katy Ellis werden die gr\u00f6\u00dften Hits aus allen musikalischen Phasen der Weltk\u00fcnstlerin zelebriert. Jede Choreografie, jedes Detail der Inszenierung, jede Interaktion mit dem Publikum bringt die Magie eines echten Swift-Konzerts zur\u00fcck. Britische Zeitungen titeln: \u201eKaty Ellis legt mit einer unglaublichen Live-Band und T\u00e4nzern eine ph\u00e4nomenale Vorstellung hin. Originalgetreue Outfits, kniehohe Glitzerstiefel. Jeder Besucher kreischt unaufh\u00f6rlich, wenn Katy die B\u00fchne betritt und verl\u00e4sst. Ein Riesenvergn\u00fcgen!\u201c<\/p>","protected":false},"excerpt":{"rendered":"<p>Das erfolgreichste Taylor Swift Tribute aus UK geht endlich auf Tour im deutschsprachigen Raum!<\/p>","protected":false},"featured_media":63268,"template":"","meta":{"_acf_changed":false,"inline_featured_image":false},"product_brand":[],"product_cat":[344,86,35,21],"product_tag":[6241,941,962,943,944,958,6240,947,948],"class_list":{"0":"post-47542","1":"product","2":"type-product","3":"status-publish","4":"has-post-thumbnail","6":"product_cat-haus-auensee","7":"product_cat-leipzig","8":"product_cat-orte","9":"product_cat-ticket","10":"product_tag-a-taylor-swift-eras-tour-tribute-show","11":"product_tag-events","12":"product_tag-haus-auensee","13":"product_tag-leipzig","14":"product_tag-orte","15":"product_tag-show","16":"product_tag-taylor-mania","17":"product_tag-ticket","18":"product_tag-veranstaltung","19":"product_shipping_class-nur_paketversand","20":"pa_discount-normalpreis","21":"pa_preiskategorie-stehplatz","23":"first","24":"outofstock","25":"taxable","26":"shipping-taxable","27":"purchasable","28":"product-type-variable","29":"has-default-attributes"},"group_of_quantity":0,"min_quantity":0,"max_quantity":"","exclude_order_quantity_value_rules":"no","exclude_category_quantity_rules":"no","combine_variations":"no","acf":[],"_links":{"self":[{"href":"https:\/\/arena-ticket.com\/en\/wp-json\/wp\/v2\/product\/47542","targetHints":{"allow":["GET"]}}],"collection":[{"href":"https:\/\/arena-ticket.com\/en\/wp-json\/wp\/v2\/product"}],"about":[{"href":"https:\/\/arena-ticket.com\/en\/wp-json\/wp\/v2\/types\/product"}],"wp:featuredmedia":[{"embeddable":true,"href":"https:\/\/arena-ticket.com\/en\/wp-json\/wp\/v2\/media\/63268"}],"wp:attachment":[{"href":"https:\/\/arena-ticket.com\/en\/wp-json\/wp\/v2\/media?parent=47542"}],"wp:term":[{"taxonomy":"product_brand","embeddable":true,"href":"https:\/\/arena-ticket.com\/en\/wp-json\/wp\/v2\/product_brand?post=47542"},{"taxonomy":"product_cat","embeddable":true,"href":"https:\/\/arena-ticket.com\/en\/wp-json\/wp\/v2\/product_cat?post=47542"},{"taxonomy":"product_tag","embeddable":true,"href":"https:\/\/arena-ticket.com\/en\/wp-json\/wp\/v2\/product_tag?post=47542"}],"curies":[{"name":"wp","href":"https:\/\/api.w.org\/{rel}","templated":true}]}}