{"id":47598,"date":"2025-08-20T14:33:25","date_gmt":"2025-08-20T12:33:25","guid":{"rendered":"https:\/\/arena-ticket.com\/?p=47598&#038;post_type=product&#038;preview_id=47598"},"modified":"2026-02-04T18:47:33","modified_gmt":"2026-02-04T17:47:33","slug":"rosmarin-rosmarin-live-2026-dresden-groovestation-27-02-2026-1930-uhr","status":"publish","type":"product","link":"https:\/\/arena-ticket.com\/en\/product\/rosmarin-rosmarin-live-2026-dresden-groovestation-27-02-2026-1930-uhr\/","title":{"rendered":"rosmarin -  rosmarin live 2026"},"content":{"rendered":"<p>Mal mitrei\u00dfend, mal ganz sanft: Die Indie-Funk Band rosmarin aus Kassel ist auf dem besten Wege, die deutsche Pop-Landschaft zu erobern. Mit ihrer Mischung aus warmen Synths und treibenden Beats schaffen die Jugendfreunde eine Atmosph\u00e4re, die gleichzeitig zum Tanzen und Tr\u00e4umen einl\u00e4dt. Nun kommen rosmarin im Februar und M\u00e4rz 2026 auf ihre bisher gr\u00f6\u00dfte Tour.<\/p>\n<p>Nach einer unglaublich turbulenten Festivalsaison diesen Sommer mit unter anderem Auftritten auf dem DEICHBRAND oder Highfield Festival fehlt von Erm\u00fcdung allerdings jede Spur! Im Gegenteil: nach der ausverkauften Heimatshow im Kulturzelt Kassel sagt S\u00e4nger Silas ?Unsere Musik kommt live noch viel besser r\u00fcber als aufgenommen ? das spornt uns an. Daf\u00fcr sind wir im Proberaum auch richtig perfektionistisch und basteln ewig an Details, damit auf der B\u00fchne alles sitzt?.<\/p>\n<p>Nicht nur im Proberaum, auch im Studio haben die F\u00fcnf harte Arbeit geleistet und an neuen Songs und ihrem Sound get\u00fcftelt ? etwas erwachsener klingt das Ganze und mit sehr vielen funkigen Einfl\u00fcssen gespickt. Mit diesen neuen Werken im Gep\u00e4ck und Bock auf gute Vibes und Disco touren rosmarin somit an 21 Terminen durch Deutschland, \u00d6sterreich und die Schweiz!<\/p>","protected":false},"excerpt":{"rendered":"<p>Get your tickets here now!<\/p>","protected":false},"featured_media":47600,"template":"","meta":{"_acf_changed":false,"inline_featured_image":false},"product_brand":[],"product_cat":[87,31,411,6748,69,35,21,58],"product_tag":[940,941,3029,2723,942,6242,6243,947,948],"class_list":{"0":"post-47598","1":"product","2":"type-product","3":"status-publish","4":"has-post-thumbnail","6":"product_cat-dresden","7":"product_cat-events","8":"product_cat-groove-station","9":"product_cat-indie","10":"product_cat-konzert","11":"product_cat-orte","12":"product_cat-ticket","13":"product_cat-veranstaltung","14":"product_tag-dresden","15":"product_tag-events","16":"product_tag-groove-station","17":"product_tag-groovestation","18":"product_tag-konzert","19":"product_tag-rosmarin","20":"product_tag-rosmarin-live-2026","21":"product_tag-ticket","22":"product_tag-veranstaltung","23":"product_shipping_class-nur_paketversand","24":"pa_discount-normalpreis","25":"pa_preiskategorie-stehplatz","27":"first","28":"instock","29":"taxable","30":"shipping-taxable","31":"purchasable","32":"product-type-variable","33":"has-default-attributes"},"group_of_quantity":0,"min_quantity":0,"max_quantity":"","exclude_order_quantity_value_rules":"no","exclude_category_quantity_rules":"no","combine_variations":"no","acf":[],"_links":{"self":[{"href":"https:\/\/arena-ticket.com\/en\/wp-json\/wp\/v2\/product\/47598","targetHints":{"allow":["GET"]}}],"collection":[{"href":"https:\/\/arena-ticket.com\/en\/wp-json\/wp\/v2\/product"}],"about":[{"href":"https:\/\/arena-ticket.com\/en\/wp-json\/wp\/v2\/types\/product"}],"wp:featuredmedia":[{"embeddable":true,"href":"https:\/\/arena-ticket.com\/en\/wp-json\/wp\/v2\/media\/47600"}],"wp:attachment":[{"href":"https:\/\/arena-ticket.com\/en\/wp-json\/wp\/v2\/media?parent=47598"}],"wp:term":[{"taxonomy":"product_brand","embeddable":true,"href":"https:\/\/arena-ticket.com\/en\/wp-json\/wp\/v2\/product_brand?post=47598"},{"taxonomy":"product_cat","embeddable":true,"href":"https:\/\/arena-ticket.com\/en\/wp-json\/wp\/v2\/product_cat?post=47598"},{"taxonomy":"product_tag","embeddable":true,"href":"https:\/\/arena-ticket.com\/en\/wp-json\/wp\/v2\/product_tag?post=47598"}],"curies":[{"name":"wp","href":"https:\/\/api.w.org\/{rel}","templated":true}]}}