{"id":47611,"date":"2025-08-20T15:17:39","date_gmt":"2025-08-20T13:17:39","guid":{"rendered":"https:\/\/arena-ticket.com\/?p=47611&#038;post_type=product&#038;preview_id=47611"},"modified":"2025-11-26T19:40:16","modified_gmt":"2025-11-26T18:40:16","slug":"guido-cantz-komische-zeiten-dresden-filmtheater-schauburg-03-12-2026-2000-uhr","status":"publish","type":"product","link":"https:\/\/arena-ticket.com\/en\/product\/guido-cantz-komische-zeiten-dresden-filmtheater-schauburg-03-12-2026-2000-uhr\/","title":{"rendered":"Guido Cantz  - Komische Zeiten"},"content":{"rendered":"<p>&nbsp;<\/p>\n<div class=\"col-lg-5\">\n<p class=\"programmtext\">Klimawandel. K\u00fcnstliche Intelligenz. Legales Kiffen. Political Correctness. Rechtsruck. Vegane Hotdogs. Waffenverbotszonen. Und dazu noch Friedrich Merz, ein Bundeskanzler zweiter Wahl\u2026 es ist nicht zu bestreiten: Wir leben in komischen Zeiten. Die Frage ist: Kann man diesen komischen Zeiten trotz aller Unsicherheiten und berechtigten Sorgen auch lustige Seiten abgewinnen? Kann man. Zumindest, wenn Top-Comedian Guido Cantz die B\u00fchne betritt.<\/p>\n<p>Der blonde Entertainer begeistert seine Fans seit 34 Jahren mit unverwechselbaren Humor und treffsicheren Gags. Ob als Moderator, schlagfertiger Gast in zahlreichen Fernsehshows oder als Redner im K\u00f6lner Karneval: Wenn Cantz kommt, gibt\u2019s garantiert was zu lachen!<\/p>\n<p>Das gilt selbstverst\u00e4ndlich auch f\u00fcr seine gefeierten Solo-Abende auf Deutschlands B\u00fchnen. Mit seinem sechsten Programm \u201eKomische Zeiten\u201c wagt Guido Cantz den humorvollen Blick auf eine Welt, die aus den Angeln zu geraten scheint. Aufhalten kann auch er den ganzen Wahnsinn nicht \u2013 aber der Comedy-Star ist \u00fcberzeugt: Mit einem Lachen ist das Ganze definitiv besser zu ertragen!<\/p>\n<p>In seinem aktuellen Programm pr\u00e4sentiert Guido Cantz seinen ganz eigenen Blick auf die komischen Zeiten, die wir aktuell erleben: Er treibt mit seinem nat\u00fcrlichen Witz die k\u00fcnstliche Intelligenz an ihre Grenzen, begegnet seinem eigenen Avatar und erkl\u00e4rt, warum ein Messerverbot eigentlich nur an einem einzigen Ort sinnvoll ist: auf der H\u00fcpfburg.<\/p>\n<p>Gleichzeitig erz\u00e4hlt er von den komischen Zeiten, die er mit seiner eigenen Familie erlebt und erkl\u00e4rt, warum es eine explosive Mischung ist, wenn Midlife-Crisis, Wechseljahre und Pubert\u00e4t zeitgleich aufeinandertreffen \u2013 ein Krisenherd, der in den News zwar so gut wie keine Beachtung findet. Daf\u00fcr aber umso mehr (und umso komischer) im neuen B\u00fchnenprogramm von Guido Cantz!<\/p>\n<p>Nach seinen Erfolgs-Shows \u201eCantz sch\u00f6n frech\u201c, \u201eIch will ein Kind von Dir\u201c, \u201eCantz sch\u00f6n clever\u201c, \u201eBlondil\u00e4um\u201c und \u201eDas volle Programm\u201c gibt Deutschlands blondester Entertainer wieder richtig Gas. Er verspricht seinen Fans: Komischen Zeiten begegnen sie zwar auch in den Tagesthemen und bei TikTok, aber nirgendwo sind sie SO komisch wie bei Guido Cantz!<\/p>\n<div class=\"pressebox\">\n<ul class=\"textlinks\">\n<li style=\"list-style-type: none\"><\/li>\n<\/ul>\n<p>&nbsp;<\/p>\n<p>&nbsp;<\/p>\n<\/div>\n<\/div>\n<div class=\"col-lg-3\"><\/div>\n<p>&nbsp;<\/p>","protected":false},"excerpt":{"rendered":"<p>Jetzt Tickets f\u00fcr diesen Abend sichern!<\/p>","protected":false},"featured_media":47613,"template":"","meta":{"_acf_changed":false,"inline_featured_image":false},"product_brand":[],"product_cat":[6725,87,31,401,95,35,21,58],"product_tag":[954,940,941,2783,6247,6257,6248,944,958,947,948],"class_list":{"0":"post-47611","1":"product","2":"type-product","3":"status-publish","4":"has-post-thumbnail","6":"product_cat-comedy","7":"product_cat-dresden","8":"product_cat-events","9":"product_cat-filmtheater-schauburg","10":"product_cat-humor","11":"product_cat-orte","12":"product_cat-ticket","13":"product_cat-veranstaltung","14":"product_tag-comedy","15":"product_tag-dresden","16":"product_tag-events","17":"product_tag-filmtheater-schauburg","18":"product_tag-guido-cantz","19":"product_tag-guidooo-cantz","20":"product_tag-komische-zeiten","21":"product_tag-orte","22":"product_tag-show","23":"product_tag-ticket","24":"product_tag-veranstaltung","25":"product_shipping_class-nur_paketversand","26":"pa_discount-normalpreis","27":"pa_preiskategorie-freie-platzwahl","29":"first","30":"instock","31":"taxable","32":"shipping-taxable","33":"purchasable","34":"product-type-variable"},"group_of_quantity":0,"min_quantity":0,"max_quantity":"","exclude_order_quantity_value_rules":"no","exclude_category_quantity_rules":"no","combine_variations":"no","acf":[],"_links":{"self":[{"href":"https:\/\/arena-ticket.com\/en\/wp-json\/wp\/v2\/product\/47611","targetHints":{"allow":["GET"]}}],"collection":[{"href":"https:\/\/arena-ticket.com\/en\/wp-json\/wp\/v2\/product"}],"about":[{"href":"https:\/\/arena-ticket.com\/en\/wp-json\/wp\/v2\/types\/product"}],"wp:featuredmedia":[{"embeddable":true,"href":"https:\/\/arena-ticket.com\/en\/wp-json\/wp\/v2\/media\/47613"}],"wp:attachment":[{"href":"https:\/\/arena-ticket.com\/en\/wp-json\/wp\/v2\/media?parent=47611"}],"wp:term":[{"taxonomy":"product_brand","embeddable":true,"href":"https:\/\/arena-ticket.com\/en\/wp-json\/wp\/v2\/product_brand?post=47611"},{"taxonomy":"product_cat","embeddable":true,"href":"https:\/\/arena-ticket.com\/en\/wp-json\/wp\/v2\/product_cat?post=47611"},{"taxonomy":"product_tag","embeddable":true,"href":"https:\/\/arena-ticket.com\/en\/wp-json\/wp\/v2\/product_tag?post=47611"}],"curies":[{"name":"wp","href":"https:\/\/api.w.org\/{rel}","templated":true}]}}