{"id":47692,"date":"2025-08-22T12:37:53","date_gmt":"2025-08-22T10:37:53","guid":{"rendered":"https:\/\/arena-ticket.com\/?p=47692&#038;post_type=product&#038;preview_id=47692"},"modified":"2025-10-25T16:18:35","modified_gmt":"2025-10-25T14:18:35","slug":"the-icon-league-matchday-07-26-10-2025-1745-uhr-qia-leipzig","status":"publish","type":"product","link":"https:\/\/arena-ticket.com\/en\/product\/the-icon-league-matchday-07-26-10-2025-1745-uhr-qia-leipzig\/","title":{"rendered":"The Icon League - Matchday 07"},"content":{"rendered":"<p>The ICON League ist ein Fu\u00dfballformat, das klassische Regeln \u00fcber den Haufen wirft und Entertainment auf den Rasen bringt.<\/p>\n<p>Gegr\u00fcndet von Weltmeister Toni Kroos und Twitch-Star Elias Nerlich, vereint die ICON League alles, was Fu\u00dfball braucht: Technik, Tempo, Emotion und zus\u00e4tzlich die ein oder andere \u00dcberraschung am Matchday.<\/p>\n<p>Auf dem Feld: f\u00fcnf Spieler pro Team und Rulebreaker, die \u00a0den Spielverlauf jederzeit komplett ver\u00e4ndern k\u00f6nnen. Das Ergebnis: ein hoch intensives Fu\u00dfballerlebnis mit Showfaktor, das in die dritte Season geht. Hier geht\u2019s neben Taktik jede Woche auch um Drama, Skills und Momente, \u00fcber die das Netz spricht - und das in unterschiedlichen St\u00e4dten im DACH-Raum.<\/p>\n<p>Du willst dabei sein, wenn\u2019s live auf dem Platz zur Sache geht?<\/p>\n<p>Dann hol dir jetzt deine Tickets und erlebe Fu\u00dfball zum Mitfiebern - nah dran an deinen Stars.<\/p>\n<p>Hinweis f\u00fcr Menschen mit Behinderung:<\/p>\n<p>Rollstuhlpl\u00e4tze beinhalten eine kostenlose Begleitperson, schwerbehinderte Personen mit g\u00fcltigem Ausweis erhalten 50% Erm\u00e4\u00dfigung; Buchung telefonisch unter +49 (0) 221 300 843 11 oder per E-Mail an support@ticket.io<\/p>","protected":false},"excerpt":{"rendered":"<p>Ticket jetzt hier sichern!<\/p>","protected":false},"featured_media":50501,"template":"","meta":{"_acf_changed":false,"inline_featured_image":false},"product_brand":[],"product_cat":[31,6751,86,35,37,32,21,22,58],"product_tag":[941,943,6250,944,945,5642,6249,947,973],"class_list":{"0":"post-47692","1":"product","2":"type-product","3":"status-publish","4":"has-post-thumbnail","6":"product_cat-events","7":"product_cat-fussball","8":"product_cat-leipzig","9":"product_cat-orte","10":"product_cat-quarterback-immobilien-arena","11":"product_cat-sport","12":"product_cat-ticket","13":"product_cat-ticketupgrades-zusatzleistungen","14":"product_cat-veranstaltung","15":"product_tag-events","16":"product_tag-leipzig","17":"product_tag-matchday-07","18":"product_tag-orte","19":"product_tag-quarterback-immobilien-arena","20":"product_tag-sport","21":"product_tag-the-icon-league","22":"product_tag-ticket","23":"product_tag-ticketupgrades-zusatzleistungen","24":"product_shipping_class-abholung_paketversand","25":"pa_discount-ermaessigt","26":"pa_discount-familienticket","27":"pa_discount-inklusive-begleitperson","28":"pa_discount-kind","29":"pa_discount-normalpreis","30":"pa_preiskategorie-gaestebereich","31":"pa_preiskategorie-pk-i","32":"pa_preiskategorie-pk-ii","33":"pa_preiskategorie-pk-iii","34":"pa_preiskategorie-pk3-stehplatz","35":"pa_preiskategorie-pk-iv","36":"pa_preiskategorie-rollstuhlfahrer","38":"first","39":"instock","40":"taxable","41":"shipping-taxable","42":"purchasable","43":"product-type-variable"},"group_of_quantity":0,"min_quantity":0,"max_quantity":"","exclude_order_quantity_value_rules":"no","exclude_category_quantity_rules":"no","combine_variations":"no","acf":[],"_links":{"self":[{"href":"https:\/\/arena-ticket.com\/en\/wp-json\/wp\/v2\/product\/47692","targetHints":{"allow":["GET"]}}],"collection":[{"href":"https:\/\/arena-ticket.com\/en\/wp-json\/wp\/v2\/product"}],"about":[{"href":"https:\/\/arena-ticket.com\/en\/wp-json\/wp\/v2\/types\/product"}],"wp:featuredmedia":[{"embeddable":true,"href":"https:\/\/arena-ticket.com\/en\/wp-json\/wp\/v2\/media\/50501"}],"wp:attachment":[{"href":"https:\/\/arena-ticket.com\/en\/wp-json\/wp\/v2\/media?parent=47692"}],"wp:term":[{"taxonomy":"product_brand","embeddable":true,"href":"https:\/\/arena-ticket.com\/en\/wp-json\/wp\/v2\/product_brand?post=47692"},{"taxonomy":"product_cat","embeddable":true,"href":"https:\/\/arena-ticket.com\/en\/wp-json\/wp\/v2\/product_cat?post=47692"},{"taxonomy":"product_tag","embeddable":true,"href":"https:\/\/arena-ticket.com\/en\/wp-json\/wp\/v2\/product_tag?post=47692"}],"curies":[{"name":"wp","href":"https:\/\/api.w.org\/{rel}","templated":true}]}}