{"id":47758,"date":"2025-08-23T15:11:38","date_gmt":"2025-08-23T13:11:38","guid":{"rendered":"https:\/\/arena-ticket.com\/?p=47758&#038;post_type=product&#038;preview_id=47758"},"modified":"2025-08-23T15:48:26","modified_gmt":"2025-08-23T13:48:26","slug":"der-sachsendreier-lift-stern-combo-meissen-und-karussell-steintor-variete-halle-saale-03-10-2025-1900-uhr","status":"publish","type":"product","link":"https:\/\/arena-ticket.com\/en\/product\/der-sachsendreier-lift-stern-combo-meissen-und-karussell-steintor-variete-halle-saale-03-10-2025-1900-uhr\/","title":{"rendered":"Der Sachsendreier  - Lift, Stern-Combo Mei\u00dfen und Karussell"},"content":{"rendered":"<div class=\"c-compact-info__event-text\">\n<p><strong>Lift, Stern Combo Mei\u00dfen und Karussell<\/strong><\/p>\n<p>Vielleicht mehr denn je. Mit dem \u201eSachsendreier\" gehen in diesem Sommer gleich drei Ostbands gemeinsam auf gro\u00dfe Tour durch den sch\u00f6nsten Teil der Republik. Das Bandprojekt \u201eSachsendreier\" wurde bereits 1997 aus der Taufe gehoben. Beteiligt waren damals Electra, Lift und die Stern-Combo Mei\u00dfen. Sie feierten gemeinsam \u00fcberragende Erfolge: Die Massen str\u00f6mten und huldigten den einstigen Gr\u00f6\u00dfen des Art-Rocks der siebziger Jahre. Vierzehn Vollblutmusiker und deren \u00fcberragende S\u00e4nger holten ein verloren geglaubtes Lebensgef\u00fchl zur\u00fcck: mit Vokalkunst par excellence und virtuosen Kl\u00e4ngen und Texten voller Identifikationsmomente f\u00fcr ihre Fans.<\/p>\n<p>After Electra&#039;s farewell tour in 2015, the time of the Sachsendreier was over for the time being. For now. Because now the Sachsendreier is back in style! And since it takes three bands to make a trio, the cult rockers from Karussell are now joining Lift and Stern Meissen on stage.<\/p>\n<\/div>\n<div class=\"c-compact-info__venue-info\">\n<div class=\"c-venue-info\"><\/div>\n<\/div>","protected":false},"excerpt":{"rendered":"<p>Don&#039;t miss it!<\/p>","protected":false},"featured_media":47763,"template":"","meta":{"_acf_changed":false,"inline_featured_image":false},"product_brand":[],"product_cat":[31,102,69,35,6732,496,21,58],"product_tag":[2786,941,999,942,2789,2787,944,2788,2790,947,948],"class_list":{"0":"post-47758","1":"product","2":"type-product","3":"status-publish","4":"has-post-thumbnail","6":"product_cat-events","7":"product_cat-halle","8":"product_cat-konzert","9":"product_cat-orte","10":"product_cat-rock-hard-rock","11":"product_cat-steintor-variete","12":"product_cat-ticket","13":"product_cat-veranstaltung","14":"product_tag-der-sachsendreier","15":"product_tag-events","16":"product_tag-halle","17":"product_tag-konzert","18":"product_tag-lift","19":"product_tag-lift-stern-combo-meissen-und-karussell","20":"product_tag-orte","21":"product_tag-steintor-variete","22":"product_tag-stern-combo-meissen-und-karussell","23":"product_tag-ticket","24":"product_tag-veranstaltung","25":"product_shipping_class-nur_paketversand","26":"pa_discount-ermaessigt","27":"pa_discount-normalpreis","28":"pa_preiskategorie-pk-i","29":"pa_preiskategorie-pk-ii","30":"pa_preiskategorie-pk-iii","31":"pa_preiskategorie-pk-iv","33":"first","34":"instock","35":"taxable","36":"shipping-taxable","37":"purchasable","38":"product-type-variable","39":"has-default-attributes"},"group_of_quantity":0,"min_quantity":0,"max_quantity":"","exclude_order_quantity_value_rules":"no","exclude_category_quantity_rules":"no","combine_variations":"no","acf":[],"_links":{"self":[{"href":"https:\/\/arena-ticket.com\/en\/wp-json\/wp\/v2\/product\/47758","targetHints":{"allow":["GET"]}}],"collection":[{"href":"https:\/\/arena-ticket.com\/en\/wp-json\/wp\/v2\/product"}],"about":[{"href":"https:\/\/arena-ticket.com\/en\/wp-json\/wp\/v2\/types\/product"}],"wp:featuredmedia":[{"embeddable":true,"href":"https:\/\/arena-ticket.com\/en\/wp-json\/wp\/v2\/media\/47763"}],"wp:attachment":[{"href":"https:\/\/arena-ticket.com\/en\/wp-json\/wp\/v2\/media?parent=47758"}],"wp:term":[{"taxonomy":"product_brand","embeddable":true,"href":"https:\/\/arena-ticket.com\/en\/wp-json\/wp\/v2\/product_brand?post=47758"},{"taxonomy":"product_cat","embeddable":true,"href":"https:\/\/arena-ticket.com\/en\/wp-json\/wp\/v2\/product_cat?post=47758"},{"taxonomy":"product_tag","embeddable":true,"href":"https:\/\/arena-ticket.com\/en\/wp-json\/wp\/v2\/product_tag?post=47758"}],"curies":[{"name":"wp","href":"https:\/\/api.w.org\/{rel}","templated":true}]}}