{"id":47849,"date":"2025-08-26T10:44:07","date_gmt":"2025-08-26T08:44:07","guid":{"rendered":"https:\/\/arena-ticket.com\/?post_type=product&#038;p=47849"},"modified":"2026-02-28T11:49:25","modified_gmt":"2026-02-28T10:49:25","slug":"santiano-die-grosse-arena-tour-2026-getec-arena-magdeburg-25-04-2026-2000-uhr","status":"publish","type":"product","link":"https:\/\/arena-ticket.com\/en\/product\/santiano-die-grosse-arena-tour-2026-getec-arena-magdeburg-25-04-2026-2000-uhr\/","title":{"rendered":"Santiano - Die gro\u00dfe Arena Tour"},"content":{"rendered":"<p>Gro\u00dfe Stimmen, ein Sound, geballte Energie! SANTIANO ist leidenschaftlich, wild, laut und intensiv. Mit ihrer ein Millionenpublikum anziehenden Energie und dem unverwechselbaren Sound ist SANTIANO mehr als einfach nur eine Band.<\/p>\n<p>SANTIANO ist eine echte Naturgewalt, die vor allem live bei ihren einzigartigen Shows deutlich sp\u00fcrbar auch den letzten Zuschauer packt und noch Stunden nach dem Konzert hochgradige Wirkung zeigt. 2026 wird ein \u00fcberragendes Jahr f\u00fcr alle SANTIANO-Fans, denn die charismatischen Shanty-Rocker werden mit ihrem neuen aufregenden Programm und ihrem neuen am 24. Oktober 2025 erscheinenden Album auf eine ausgedehnte Arena-Tournee gehen.<\/p>\n<p>Schnell offenbart sich - bei SANTIANO wird nicht einfach nur performt, hier wird die Musik gelebt. Authentisch, tiefgr\u00fcndig, mitrei\u00dfend. Das, was SANTIANO auf der B\u00fchne darbietet, ist Musik mit Haltung - sind Songs voller Botschaften mit Gewicht und Aussagekraft. Der \u00fcberw\u00e4ltigende, mittlerweile \u00fcber zw\u00f6lf Jahre andauernde Erfolg gibt ihnen Recht. Sieben aufeinanderfolgende Top 1-Alben, mehr als 5,5 Millionen verkaufte Tontr\u00e4ger, \u00fcber eine Milliarde Album-Streams, Gold-, Platin- und Diamant-Awards sowie mehr als 1,5 Millionen verkaufte Tickets ihrer bis dato mehr als 500 gespielten Konzerte.<\/p>\n<p>Eines ist sicher \u2013 wenn SANTIANO 2026 wieder auf ihre gro\u00dfe Arena-Tournee geht, dann k\u00f6nnen sich die Fans auf elektrisierende Gitarren, pulsierende Drums, eing\u00e4ngige Pop-Rock-Melodien und die unmittelbare, ja nahezu magisch wirkende Pr\u00e4senz der norddeutschen Band freuen.<\/p>","protected":false},"excerpt":{"rendered":"<p>Eines ist sicher \u2013 wenn SANTIANO 2026 wieder auf gro\u00dfe Arena-Tournee gehen, dann k\u00f6nnen sich Fans auf die magische Pr\u00e4senz der Band freuen!<\/p>","protected":false},"featured_media":52398,"template":"","meta":{"_acf_changed":false,"inline_featured_image":false},"product_brand":[],"product_cat":[31,4267,69,319,35,6732,21,58],"product_tag":[5458,941,4268,942,4060,944,6804,1300,947,976,948],"class_list":{"0":"post-47849","1":"product","2":"type-product","3":"status-publish","4":"has-post-thumbnail","6":"product_cat-events","7":"product_cat-getec-arena","8":"product_cat-konzert","9":"product_cat-magdeburg","10":"product_cat-orte","11":"product_cat-rock-hard-rock","12":"product_cat-ticket","13":"product_cat-veranstaltung","14":"product_tag-die-grosse-arena-tour","15":"product_tag-events","16":"product_tag-getec-arena","17":"product_tag-konzert","18":"product_tag-magdeburg","19":"product_tag-orte","20":"product_tag-rock-hard-rock","21":"product_tag-santiano","22":"product_tag-ticket","23":"product_tag-unkategorisiert","24":"product_tag-veranstaltung","25":"product_shipping_class-nur_paketversand","26":"pa_discount-inklusive-begleitperson","27":"pa_discount-kind","28":"pa_discount-normalpreis","29":"pa_preiskategorie-pk-i","30":"pa_preiskategorie-pk-ii","31":"pa_preiskategorie-pk-iii","32":"pa_preiskategorie-pk-iv","33":"pa_preiskategorie-pk5-stehplatz","34":"pa_preiskategorie-rollstuhlfahrer","36":"first","37":"outofstock","38":"taxable","39":"shipping-taxable","40":"purchasable","41":"product-type-variable"},"group_of_quantity":0,"min_quantity":0,"max_quantity":"","exclude_order_quantity_value_rules":"no","exclude_category_quantity_rules":"no","combine_variations":"no","acf":[],"_links":{"self":[{"href":"https:\/\/arena-ticket.com\/en\/wp-json\/wp\/v2\/product\/47849","targetHints":{"allow":["GET"]}}],"collection":[{"href":"https:\/\/arena-ticket.com\/en\/wp-json\/wp\/v2\/product"}],"about":[{"href":"https:\/\/arena-ticket.com\/en\/wp-json\/wp\/v2\/types\/product"}],"wp:featuredmedia":[{"embeddable":true,"href":"https:\/\/arena-ticket.com\/en\/wp-json\/wp\/v2\/media\/52398"}],"wp:attachment":[{"href":"https:\/\/arena-ticket.com\/en\/wp-json\/wp\/v2\/media?parent=47849"}],"wp:term":[{"taxonomy":"product_brand","embeddable":true,"href":"https:\/\/arena-ticket.com\/en\/wp-json\/wp\/v2\/product_brand?post=47849"},{"taxonomy":"product_cat","embeddable":true,"href":"https:\/\/arena-ticket.com\/en\/wp-json\/wp\/v2\/product_cat?post=47849"},{"taxonomy":"product_tag","embeddable":true,"href":"https:\/\/arena-ticket.com\/en\/wp-json\/wp\/v2\/product_tag?post=47849"}],"curies":[{"name":"wp","href":"https:\/\/api.w.org\/{rel}","templated":true}]}}