{"id":47917,"date":"2025-08-26T15:33:08","date_gmt":"2025-08-26T13:33:08","guid":{"rendered":"https:\/\/arena-ticket.com\/?p=47917&#038;post_type=product&#038;preview_id=47917"},"modified":"2026-02-28T11:20:33","modified_gmt":"2026-02-28T10:20:33","slug":"dirty-dancing-in-concert-tour-2026-erfurt-messehalle-erfurt-24-04-2026-1930-uhr","status":"publish","type":"product","link":"https:\/\/arena-ticket.com\/en\/product\/dirty-dancing-in-concert-tour-2026-erfurt-messehalle-erfurt-24-04-2026-1930-uhr\/","title":{"rendered":"Dirty Dancing in Concert  - Tour 2026"},"content":{"rendered":"<section class=\"cc_outer cc_text_media\" data-columns=\"1\" data-container-size=\"md\">\n<div class=\"container\">\n<div class=\"row\">\n<div class=\"column\">\n<div class=\"cc_content_block cc_textmedia cc_media_above\">\n<div class=\"cc_content_wrap\">\n<div class=\"cc_content\" data-text-columns=\"2\">\n<section class=\"cc_outer cc_text_media\" data-columns=\"1\" data-container-size=\"md\">\n<div class=\"container\">\n<div class=\"row\">\n<div class=\"column\">\n<div class=\"cc_content_block cc_textmedia cc_media_above\">\n<div class=\"cc_content_wrap\">\n<div class=\"cc_content\" data-text-columns=\"2\">\n<div><strong>Das mitrei\u00dfende Film-Konzert feiert den Kultfilm mit einem Fan-Erlebnis der Extraklasse.<\/strong><\/div>\n<div><\/div>\n<div>Zum 38-j\u00e4hrigen Erscheinungsjubil\u00e4um des legend\u00e4ren, mit einem Oscar pr\u00e4mierten, Films, kehrt\u00a0<strong>\u201eDirty Dancing in Concert\u201c<\/strong>\u00a02026 mit einer Welttournee durch mehr als 100 St\u00e4dte nach Europa und Nordamerika zur\u00fcck. Der globale Content-Marktf\u00fchrer Lionsgate und GEA Live pr\u00e4sentieren gemeinsam mit Semmel Concerts<strong>\u00a0\u201eDirty Dancing in Concert\u201c<\/strong>\u00a0im April 2026 in Deutschland. Das Publikum kann sich auf unvergessliche Momente freuen und sich von dem romantischen Charme des beliebten Klassikers verzaubern lassen! Fast eine Viertelmillion Tickets wurde bisher f\u00fcr das mitrei\u00dfende Live-Filmkonzert verkauft, dessen mehrfach mit Platin ausgezeichneter Soundtrack eine ganze Generation gepr\u00e4gt hat.<\/div>\n<div><\/div>\n<div><strong>\u201eDirty Dancing in Concert\u201c<\/strong>\u00a0ist ein einzigartiges Erlebnis, das die unvergessliche Liebesgeschichte von Baby und Johnny wieder aufleben l\u00e4sst. W\u00e4hrend der digital \u00fcberarbeitete Film auf der gro\u00dfen Leinwand l\u00e4uft, performt eine Live-Band mit mehreren S\u00e4ngerinnen und S\u00e4ngern die Hits synchron dazu.<\/div>\n<div><\/div>\n<div>Im Anschluss findet eine fantastische Aftershow-Party statt.\u00a0Dort gibt es ein Medley der Lieblingssongs aus dem Film - perfekt zum Mitsingen und Tanzen.\u00a0Das Publikum kann dabei noch einmal die sch\u00f6nsten Momente des Films erleben, begleitet von der Live-Musik der Band.<\/div>\n<div><\/div>\n<div>\u201eDirty Dancing hat sich l\u00e4ngst zu einem kulturellen Ph\u00e4nomen entwickelt, das \u00fcber Generationen hinweg fortlebt\u201c, sagt Floris Douwes, Produzent und Gesch\u00e4ftsf\u00fchrer bei GEA Live. \u201eWir freuen uns riesig, dass wir das gro\u00dfartige Filmkonzert mit dem Zauber des Originalfilms und der Energie eines Konzerterlebnisses nun wieder Zuschauern auf der ganzen Welt pr\u00e4sentieren k\u00f6nnen. Ob zum ersten Mal oder zum f\u00fcnfzigsten Mal \u2013 Fans werden sich bei diesem Erlebnis ganz neu in Baby und Johnny verlieben. Und bis zum Morgengrauen tanzen.\u201c<\/div>\n<div><\/div>\n<div>Mit seinem unvergesslichen Soundtrack und legend\u00e4ren Tanzszenen erz\u00e4hlt der zeitlose Klassiker \u201eDirty Dancing\u201c von Lionsgate die Geschichte einer Sommerromanze. Der Film kam 1987 in die Kinos und wurde schnell zu einem internationalen Kassenschlager. Regie f\u00fchrte Emile Ardolino, das Drehbuch schrieb Eleanor Bergstein und produziert wurde der Film von Linda Gottlieb. Neben Patrick Swayze und Jennifer Grey in den Hauptrollen wirkten auch Jerry Orbach, Cynthia Rhodes und Kelly Bishop mit. Aus dem Soundtrack gingen zwei Alben mit mehreren Platin-Auszeichnungen und zahlreiche Singles hervor, darunter der mit dem Oscar f\u00fcr den besten Originalsong pr\u00e4mierte Titel \u201e(I've Had) The Time of My Life\u201d. Mit einem weltweiten Kassenerfolg von \u00fcber 214 Millionen Dollar eroberte \u201eDirty Dancing\u201c das Publikum auf der ganzen Welt. Aus dem Film entstanden eine Fernsehserie, mehrere Reality-Wettbewerbsshows, ein Vorl\u00e4uferfilm, eine weltweit ausverkaufte B\u00fchnenproduktion, eine Musical-Adaption f\u00fcrs Fernsehen und ein Fortsetzungsfilm, der aktuell von Lionsgate produziert wird.<\/div>\n<\/div>\n<\/div>\n<\/div>\n<\/div>\n<\/div>\n<\/div>\n<\/section>\n<\/div>\n<\/div>\n<\/div>\n<\/div>\n<\/div>\n<\/div>\n<\/section>","protected":false},"excerpt":{"rendered":"<p class=\"h1\">Secure your tickets!<\/p>","protected":false},"featured_media":49345,"template":"","meta":{"_acf_changed":false,"inline_featured_image":false},"product_brand":[],"product_cat":[167,31,3126,64,35,6730,21,58],"product_tag":[6258,3127,941,3130,963,6773,944,958,947,4188,948],"class_list":{"0":"post-47917","1":"product","2":"type-product","3":"status-publish","4":"has-post-thumbnail","6":"product_cat-erfurt","7":"product_cat-events","8":"product_cat-messehalle-erfurt","9":"product_cat-musical-show","10":"product_cat-orte","11":"product_cat-show","12":"product_cat-ticket","13":"product_cat-veranstaltung","14":"product_tag-dirty-dancing-in-concert","15":"product_tag-erfurt","16":"product_tag-events","17":"product_tag-messehalle-erfurt","18":"product_tag-musical","19":"product_tag-musical-show","20":"product_tag-orte","21":"product_tag-show","22":"product_tag-ticket","23":"product_tag-tour-2026","24":"product_tag-veranstaltung","25":"product_shipping_class-nur_paketversand","26":"pa_discount-inklusive-begleitperson","27":"pa_discount-normalpreis","28":"pa_preiskategorie-pk-i","29":"pa_preiskategorie-pk-ii","30":"pa_preiskategorie-pk-iii","31":"pa_preiskategorie-pk-iv","32":"pa_preiskategorie-pk-v","34":"first","35":"instock","36":"taxable","37":"shipping-taxable","38":"purchasable","39":"product-type-variable"},"group_of_quantity":0,"min_quantity":0,"max_quantity":"","exclude_order_quantity_value_rules":"no","exclude_category_quantity_rules":"no","combine_variations":"no","acf":[],"_links":{"self":[{"href":"https:\/\/arena-ticket.com\/en\/wp-json\/wp\/v2\/product\/47917","targetHints":{"allow":["GET"]}}],"collection":[{"href":"https:\/\/arena-ticket.com\/en\/wp-json\/wp\/v2\/product"}],"about":[{"href":"https:\/\/arena-ticket.com\/en\/wp-json\/wp\/v2\/types\/product"}],"wp:featuredmedia":[{"embeddable":true,"href":"https:\/\/arena-ticket.com\/en\/wp-json\/wp\/v2\/media\/49345"}],"wp:attachment":[{"href":"https:\/\/arena-ticket.com\/en\/wp-json\/wp\/v2\/media?parent=47917"}],"wp:term":[{"taxonomy":"product_brand","embeddable":true,"href":"https:\/\/arena-ticket.com\/en\/wp-json\/wp\/v2\/product_brand?post=47917"},{"taxonomy":"product_cat","embeddable":true,"href":"https:\/\/arena-ticket.com\/en\/wp-json\/wp\/v2\/product_cat?post=47917"},{"taxonomy":"product_tag","embeddable":true,"href":"https:\/\/arena-ticket.com\/en\/wp-json\/wp\/v2\/product_tag?post=47917"}],"curies":[{"name":"wp","href":"https:\/\/api.w.org\/{rel}","templated":true}]}}