{"id":47932,"date":"2025-08-26T17:35:13","date_gmt":"2025-08-26T15:35:13","guid":{"rendered":"https:\/\/arena-ticket.com\/?p=47932&#038;post_type=product&#038;preview_id=47932"},"modified":"2025-09-23T17:20:35","modified_gmt":"2025-09-23T15:20:35","slug":"dick-brave-back-for-good-tour-2026-taeubchenthal-leipzig-02-05-2026-2000-uhr","status":"publish","type":"product","link":"https:\/\/arena-ticket.com\/en\/product\/dick-brave-back-for-good-tour-2026-taeubchenthal-leipzig-02-05-2026-2000-uhr\/","title":{"rendered":"Dick Brave - Back For Good  - Tour 2026"},"content":{"rendered":"<p>Pomade rein, Petticoats raus: Dick Brave ist zur\u00fcck! Die charismatische Rockabilly-Legende bringt wieder s\u00e4mtliche B\u00fchnen zum Beben, Fan-Herzen zum Schmelzen und ist dabei lauter, cooler und legend\u00e4rer denn je! Mit seiner mitrei\u00dfenden Mischung aus Rock \u2019n\u2019 Roll, Retro-Charme und schwei\u00dftreibender Live-Energie hat Dick Brave schon fr\u00fch Kultstatus erlangt und ist nun bereit f\u00fcr sein fulminantes Comeback. Vor \u00fcber zwei Jahrzehnten eroberte er bereits wie aus dem Nichts die B\u00fchnen, die Charts und die Herzen seiner Fans, bis er ebenso pl\u00f6tzlich wieder verschwand. Jetzt kehrt das kanadische Kult-Ph\u00e4nomen erneut zur\u00fcck, und zwar genau dorthin, wo Rock \u2019n\u2019 Roll hingeh\u00f6rt: live auf die legend\u00e4rsten Club-B\u00fchnen. Begleitet von einer furiosen Band, hat er mitrei\u00dfende Songs und sein neues Album \u201eBack for Good\u201c im Gep\u00e4ck. Mit den gr\u00f6\u00dften Comeback-Hits aller Zeiten \u2013 f\u00fcr sein gr\u00f6\u00dftes Comeback aller Zeiten!<\/p>\n<p>Ab dem Fr\u00fchjahr 2026 l\u00e4sst Dick Brave es in insgesamt 13 deutschen Clubs im Rahmen seiner \u201eBack for Good\u201c-Clubtour krachen. Jeder Abend verspricht eine fulminante Zeitreise zwischen Pomade und Powerchords, H\u00fcftschwung und Herzschlag. Die Tour ist ein donnerndes Versprechen an alle Fans der 50er und 60er. Die Pomade sitzt, die Stimmb\u00e4nder sind ge\u00f6lt und Dick Brave is ready for Rock \u2019n\u2019 Roll!<\/p>","protected":false},"excerpt":{"rendered":"<p>Die Pomade sitzt, die Stimmb\u00e4nder sind ge\u00f6lt und Dick Brave is ready for Rock \u2019n\u2019 Roll!<\/p>","protected":false},"featured_media":49878,"template":"","meta":{"_acf_changed":false,"inline_featured_image":false},"product_brand":[],"product_cat":[31,69,86,35,6733,499,21,58],"product_tag":[6263,941,942,943,6187,944,967,947,2981,4188,948],"class_list":{"0":"post-47932","1":"product","2":"type-product","3":"status-publish","4":"has-post-thumbnail","6":"product_cat-events","7":"product_cat-konzert","8":"product_cat-leipzig","9":"product_cat-orte","10":"product_cat-pop","11":"product_cat-taeubchenthal","12":"product_cat-ticket","13":"product_cat-veranstaltung","14":"product_tag-dick-brave-back-for-good","15":"product_tag-events","16":"product_tag-konzert","17":"product_tag-leipzig","18":"product_tag-ness-leben-ueberleben","19":"product_tag-orte","20":"product_tag-taeubchenthal","21":"product_tag-ticket","22":"product_tag-tour-2025","23":"product_tag-tour-2026","24":"product_tag-veranstaltung","25":"product_shipping_class-nur_paketversand","26":"pa_discount-normalpreis","27":"pa_preiskategorie-stehplatz","29":"first","30":"outofstock","31":"taxable","32":"shipping-taxable","33":"purchasable","34":"product-type-variable"},"group_of_quantity":0,"min_quantity":0,"max_quantity":"","exclude_order_quantity_value_rules":"no","exclude_category_quantity_rules":"no","combine_variations":"no","acf":[],"_links":{"self":[{"href":"https:\/\/arena-ticket.com\/en\/wp-json\/wp\/v2\/product\/47932","targetHints":{"allow":["GET"]}}],"collection":[{"href":"https:\/\/arena-ticket.com\/en\/wp-json\/wp\/v2\/product"}],"about":[{"href":"https:\/\/arena-ticket.com\/en\/wp-json\/wp\/v2\/types\/product"}],"wp:featuredmedia":[{"embeddable":true,"href":"https:\/\/arena-ticket.com\/en\/wp-json\/wp\/v2\/media\/49878"}],"wp:attachment":[{"href":"https:\/\/arena-ticket.com\/en\/wp-json\/wp\/v2\/media?parent=47932"}],"wp:term":[{"taxonomy":"product_brand","embeddable":true,"href":"https:\/\/arena-ticket.com\/en\/wp-json\/wp\/v2\/product_brand?post=47932"},{"taxonomy":"product_cat","embeddable":true,"href":"https:\/\/arena-ticket.com\/en\/wp-json\/wp\/v2\/product_cat?post=47932"},{"taxonomy":"product_tag","embeddable":true,"href":"https:\/\/arena-ticket.com\/en\/wp-json\/wp\/v2\/product_tag?post=47932"}],"curies":[{"name":"wp","href":"https:\/\/api.w.org\/{rel}","templated":true}]}}