{"id":47977,"date":"2025-08-27T14:43:30","date_gmt":"2025-08-27T12:43:30","guid":{"rendered":"https:\/\/arena-ticket.com\/?p=47977&#038;post_type=product&#038;preview_id=47977"},"modified":"2026-03-05T12:05:53","modified_gmt":"2026-03-05T11:05:53","slug":"die-nacht-der-musicals-2026-haus-auensee-leipzig-15-02-2026-2000-uhr","status":"publish","type":"product","link":"https:\/\/arena-ticket.com\/en\/product\/die-nacht-der-musicals-2026-haus-auensee-leipzig-15-02-2026-2000-uhr\/","title":{"rendered":"Die Nacht der Musicals 2026"},"content":{"rendered":"<p>In einer rund zweieinhalbst\u00fcndigen Gala z\u00fcnden keine geringeren als die Stars der Originalproduktionen ein fulminantes Hitfeuerwerk der Musicalwelt. Wie es sich f\u00fcr eine \u201eNacht der Musicals\u201d geh\u00f6rt, geht es auf der B\u00fchne immer wieder um dramatische Ereignisse und gro\u00dfe Emotionen, um Liebe und Freundschaft, um das Leben und den Tod. So etwa bei \u201eElisabeth\u201d, das vom tragischen Schicksal der \u00f6sterreichischen Kaiserin erz\u00e4hlt, oder bei der anr\u00fchrenden in Paris spielenden Liebesgeschichte \u201eDas Phantom der Oper\u201d. Es sind die tief bewegenden, gef\u00fchlvoll vorgetragenen Balladen, die Fans an diesen Musicals sch\u00e4tzen. Ebenso wenig fehlen d\u00fcrfen nat\u00fcrlich jene schmissigen, humorvollen Nummern, bei denen man am liebsten vom Sitz aufspringen und mittanzen m\u00f6chte. Wer kann bei den ABBA-Hits aus \u201eMamma Mia\u201d oder bei \u201eWe Will Rock You\u201d schon die F\u00fc\u00dfe stillhalten?!<\/p>\n<p>\u201eDie Nacht der Musicals\u201d ist ein Abend, wie er bunter und abwechslungsreicher nicht sein k\u00f6nnte. Jedes Musical bringt eine neue Atmosph\u00e4re mit sich, mit neuen Darstellern, anderen Kost\u00fcmen und wechselndem Licht. Die Zuschauer erleben eine spannende Reise, die sie von einer Traumwelt in die n\u00e4chste f\u00fchrt: von den glitzernden Eislandschaften aus \u201eFrozen\u201d, in den afrikanischen Dschungel zu \u201eDer K\u00f6nig der L\u00f6wen\u201d sowie nach Philadelphia, wo das Musical \u201eRocky\u201d spielt. Und das sind nur einige wenige Beispiele.<\/p>\n<p>Neben zahlreichen unsterblichen Klassikern sind auch modernere St\u00fccke aus j\u00fcngeren Produktionen vertreten. \u201eMemories\u201d aus \u201eCats\u201d \u2013 einer der gr\u00f6\u00dften Musicalhits aller Zeiten \u2013 ist ebenso zu h\u00f6ren wie \u201eLet it Go\u201d aus dem megaerfolgreichen Disney-Musical \u201eFrozen\u201d, das auf dem Film \u201eDie Eisk\u00f6nigin \u2013 V\u00f6llig unverfroren\u201d aus dem Jahr 2013 basiert. Die \u00fcberaus gelungene Zusammenstellung der Lieder macht \u201eDie Nacht der Musicals\u201d zu einem unvergleichlichen Potpourri aus herzergreifenden Balladen, fetzigen Rocknummern, beschwingten Disco-Hits und zeitlosen Superhits der Musikgeschichte.<\/p>\n<p>Gemeinsam mit einem Ensemble aus hochtalentierten T\u00e4nzern versetzen die Hauptdarsteller die hiesigen S\u00e4le samt Publikum in die Musicalhochburgen des New Yorker Broadways und des Londoner West Ends. Denn was bei dieser Musicalgala geboten wird, ist ganz gro\u00dfe Unterhaltungskunst. Zuschauer, die bereits in den Genuss dieser Revue der Musicalgeschichte gekommen sind, zeigen sich restlos begeistert von diesem Erlebnis. Wer Musicals liebt, wird an diesem Event seine helle Freude haben. So viele gro\u00dfartige Lieder, so viele tolle Kost\u00fcme, so viel Gef\u00fchl und Action auf der B\u00fchne \u2013 egal, wie viele Produktionen man schon gesehen hat.<\/p>","protected":false},"excerpt":{"rendered":"<p> \u201eDie Nacht der Musicals\u201d ist ein Muss f\u00fcr jeden Musicalliebhaber.<\/p>","protected":false},"featured_media":47986,"template":"","meta":{"_acf_changed":false,"inline_featured_image":false},"product_brand":[],"product_cat":[31,344,86,6729,64,35,21,58],"product_tag":[6264,941,962,943,963,944,947,948],"class_list":{"0":"post-47977","1":"product","2":"type-product","3":"status-publish","4":"has-post-thumbnail","6":"product_cat-events","7":"product_cat-haus-auensee","8":"product_cat-leipzig","9":"product_cat-musical","10":"product_cat-musical-show","11":"product_cat-orte","12":"product_cat-ticket","13":"product_cat-veranstaltung","14":"product_tag-die-nacht-der-musicals-2026","15":"product_tag-events","16":"product_tag-haus-auensee","17":"product_tag-leipzig","18":"product_tag-musical","19":"product_tag-orte","20":"product_tag-ticket","21":"product_tag-veranstaltung","22":"product_shipping_class-nur_paketversand","23":"pa_discount-inklusive-begleitperson","24":"pa_discount-kind","25":"pa_discount-normalpreis","26":"pa_preiskategorie-pk-i","27":"pa_preiskategorie-pk-ii","28":"pa_preiskategorie-pk-iii","29":"pa_preiskategorie-pk-iv","30":"pa_preiskategorie-rollstuhlfahrer","31":"pa_preiskategorie-schwerbeschaedigt","33":"first","34":"instock","35":"taxable","36":"shipping-taxable","37":"purchasable","38":"product-type-variable"},"group_of_quantity":0,"min_quantity":0,"max_quantity":"","exclude_order_quantity_value_rules":"no","exclude_category_quantity_rules":"no","combine_variations":"no","acf":[],"_links":{"self":[{"href":"https:\/\/arena-ticket.com\/en\/wp-json\/wp\/v2\/product\/47977","targetHints":{"allow":["GET"]}}],"collection":[{"href":"https:\/\/arena-ticket.com\/en\/wp-json\/wp\/v2\/product"}],"about":[{"href":"https:\/\/arena-ticket.com\/en\/wp-json\/wp\/v2\/types\/product"}],"wp:featuredmedia":[{"embeddable":true,"href":"https:\/\/arena-ticket.com\/en\/wp-json\/wp\/v2\/media\/47986"}],"wp:attachment":[{"href":"https:\/\/arena-ticket.com\/en\/wp-json\/wp\/v2\/media?parent=47977"}],"wp:term":[{"taxonomy":"product_brand","embeddable":true,"href":"https:\/\/arena-ticket.com\/en\/wp-json\/wp\/v2\/product_brand?post=47977"},{"taxonomy":"product_cat","embeddable":true,"href":"https:\/\/arena-ticket.com\/en\/wp-json\/wp\/v2\/product_cat?post=47977"},{"taxonomy":"product_tag","embeddable":true,"href":"https:\/\/arena-ticket.com\/en\/wp-json\/wp\/v2\/product_tag?post=47977"}],"curies":[{"name":"wp","href":"https:\/\/api.w.org\/{rel}","templated":true}]}}