{"id":47988,"date":"2025-08-27T15:07:25","date_gmt":"2025-08-27T13:07:25","guid":{"rendered":"https:\/\/arena-ticket.com\/?p=47988&#038;post_type=product&#038;preview_id=47988"},"modified":"2025-09-12T17:48:42","modified_gmt":"2025-09-12T15:48:42","slug":"duo-stiehler-lucaciu-open-air-familienkonzert-leipzig-parkbuehne-geyserhaus-22-08-2026-1900-uhr","status":"publish","type":"product","link":"https:\/\/arena-ticket.com\/en\/product\/duo-stiehler-lucaciu-open-air-familienkonzert-leipzig-parkbuehne-geyserhaus-22-08-2026-1900-uhr\/","title":{"rendered":"Duo Stiehler\/Lucaciu  - Open Air Familienkonzert"},"content":{"rendered":"<p>Sascha Stiehler - Klavier, Synthesizer<br \/>\nAntonio Lucaciu - Saxofon, Gesang<br \/>\nDominique \u201eGaga\u201c Ehlert - Drums<\/p>\n<p>Weihnachten, eine Zeit der Traditionen: Weihnachtslieder, Weihnachtsb\u00e4ume und die Weihnachtskonzerte des Duo Stiehler\/Lucaciu.Dieses Jahr ist es wieder so weit, denn p\u00fcnktlich zur Adventszeit gehen Sascha Stiehler (Klavier, Synthesizer, Drums) und Antonio Lucaciu (Saxofon, Gesang) auf Konzertreise und haben ihr neues Weihnachtsalbum mit im Gep\u00e4ck.<\/p>\n<p>Die beiden Leipziger sind zwei der renommiertesten Musiker der Deutschen Szene, spielten mit Musik-Gr\u00f6\u00dfen wie Clueso, Max Prosa, Daniel Hope, G\u00fcnther \u201eBaby\u201c Sommer, Elif oder Sarah Lesch und traten in zahlreichen TV Formaten wie den Tagesthemen, Ina\u2019s Nacht oder Late Night Berlin auf. Duo Stiehler\/Lucaciu stehen f\u00fcr eine einzigartige Fusion aus Klassik, Pop und Jazz - Musik zwischen dem Mut zum Augenschlie\u00dfen und Durchdrehen im Sitzen.<\/p>","protected":false},"excerpt":{"rendered":"<p>Get your tickets here now!<\/p>","protected":false},"featured_media":47991,"template":"","meta":{"_acf_changed":false,"inline_featured_image":false},"product_brand":[],"product_cat":[86,35,461],"product_tag":[6265,941,943,6266,944,969,958,948],"class_list":{"0":"post-47988","1":"product","2":"type-product","3":"status-publish","4":"has-post-thumbnail","6":"product_cat-leipzig","7":"product_cat-orte","8":"product_cat-parkbuehne-geyserhaus","9":"product_tag-duo-stiehler-lucaciu","10":"product_tag-events","11":"product_tag-leipzig","12":"product_tag-open-air-familienkonzert","13":"product_tag-orte","14":"product_tag-parkbuehne-geyserhaus","15":"product_tag-show","16":"product_tag-veranstaltung","17":"product_shipping_class-nur_paketversand","18":"pa_discount-kind","19":"pa_discount-normalpreis","20":"pa_preiskategorie-freie-platzwahl","22":"first","23":"instock","24":"taxable","25":"shipping-taxable","26":"purchasable","27":"product-type-variable"},"group_of_quantity":0,"min_quantity":0,"max_quantity":"","exclude_order_quantity_value_rules":"no","exclude_category_quantity_rules":"no","combine_variations":"no","acf":[],"_links":{"self":[{"href":"https:\/\/arena-ticket.com\/en\/wp-json\/wp\/v2\/product\/47988","targetHints":{"allow":["GET"]}}],"collection":[{"href":"https:\/\/arena-ticket.com\/en\/wp-json\/wp\/v2\/product"}],"about":[{"href":"https:\/\/arena-ticket.com\/en\/wp-json\/wp\/v2\/types\/product"}],"wp:featuredmedia":[{"embeddable":true,"href":"https:\/\/arena-ticket.com\/en\/wp-json\/wp\/v2\/media\/47991"}],"wp:attachment":[{"href":"https:\/\/arena-ticket.com\/en\/wp-json\/wp\/v2\/media?parent=47988"}],"wp:term":[{"taxonomy":"product_brand","embeddable":true,"href":"https:\/\/arena-ticket.com\/en\/wp-json\/wp\/v2\/product_brand?post=47988"},{"taxonomy":"product_cat","embeddable":true,"href":"https:\/\/arena-ticket.com\/en\/wp-json\/wp\/v2\/product_cat?post=47988"},{"taxonomy":"product_tag","embeddable":true,"href":"https:\/\/arena-ticket.com\/en\/wp-json\/wp\/v2\/product_tag?post=47988"}],"curies":[{"name":"wp","href":"https:\/\/api.w.org\/{rel}","templated":true}]}}