{"id":47992,"date":"2025-08-27T15:17:11","date_gmt":"2025-08-27T13:17:11","guid":{"rendered":"https:\/\/arena-ticket.com\/?p=47992&#038;post_type=product&#038;preview_id=47992"},"modified":"2026-02-21T09:44:19","modified_gmt":"2026-02-21T08:44:19","slug":"santa-maria-das-musical-insel-wie-aus-traeumen-geboren-open-air-zwickau-freilichtbuehne-25-07-2026-1800-uhr","status":"publish","type":"product","link":"https:\/\/arena-ticket.com\/en\/product\/santa-maria-das-musical-insel-wie-aus-traeumen-geboren-open-air-zwickau-freilichtbuehne-25-07-2026-1800-uhr\/","title":{"rendered":"Santa Maria  - Das Musical: Insel wie aus Tr\u00e4umen geboren - Open Air"},"content":{"rendered":"<p>Santa Maria - Insel wie aus Tr\u00e4umen geboren...<\/p>\n<p>Ein charmant witziges Musical mit den Hits von Roland Kaiser.<\/p>\n<p>Autor(en):<br \/>\nHammerschmidt, Norbert<br \/>\nKaiser, Roland<br \/>\nHerrmann, Isabel<\/p>\n<p>F\u00fcnf Freunde, die alle gemeinsam Abi gemacht haben, fliegen nach 20 Jahren noch einmal in Erinnerung an alte Zeiten auf die Insel Santa Maria. W\u00e4hrend Evelin zur Aufbesserung ihres Geldbeutels gleich einen Job als Aushilfe an der Hotelbar annimmt, versucht ihre Schwester Charlotte wieder mehr Aufmerksam ihres Mannes Thomas auf sich zu ziehen, was gr\u00fcndlich misslingt, da dieser nur mit seinen B\u00f6rsengesch\u00e4ften besch\u00e4ftigt ist und sich vor dem Auffliegen einer Steuer CD f\u00fcrchtet.<\/p>\n<p>Der Pilot Harry kommt Charlotte da gerade recht, um ihren Mann eifers\u00fcchtig zu machen, und ihre Rechnung geht wunderbar auf. Derweil verlieben sich Andreas und Eveline und beschlie\u00dfen, ihr weiteres Leben fortan gemeinsam zu verbringen.<\/p>\n<p>Der aus Deutschland stammende Juan hat sich schon vor vielen Jahren auf der Insel niedergelassen und zieht viel Aufmerksamkeit durch seine vielen Lebensweisheiten auf sich.<\/p>\n<p>Pepe und Pepita, die das Hotel gemeinsam betreiben, k\u00fcmmern sich um das Wohl der G\u00e4ste und organisieren zum Abschied eine gro\u00dfe Party, bei der die Verlobung von Eveline und Andreas gefeiert wird und endlich auch Charlotte und Thomas wieder zueinander finden.<\/p>","protected":false},"excerpt":{"rendered":"<p>Get your tickets here now!<\/p>","protected":false},"featured_media":48003,"template":"","meta":{"_acf_changed":false,"inline_featured_image":false},"product_brand":[],"product_cat":[31,4433,6729,64,35,58,4432],"product_tag":[6268,941,4439,942,2772,6267,948,4440],"class_list":{"0":"post-47992","1":"product","2":"type-product","3":"status-publish","4":"has-post-thumbnail","6":"product_cat-events","7":"product_cat-freilichtbuehne-zwickau","8":"product_cat-musical","9":"product_cat-musical-show","10":"product_cat-orte","11":"product_cat-veranstaltung","12":"product_cat-zwickau","13":"product_tag-das-musical-insel-wie-aus-traeumen-geboren-open-air","14":"product_tag-events","15":"product_tag-freilichtbuehne-zwickau","16":"product_tag-konzert","17":"product_tag-roland-kaiser","18":"product_tag-santa-maria","19":"product_tag-veranstaltung","20":"product_tag-zwickau","21":"product_shipping_class-nur_paketversand","22":"pa_discount-normalpreis","23":"pa_preiskategorie-pk-i","24":"pa_preiskategorie-pk-ii","25":"pa_preiskategorie-pk-iii","26":"pa_preiskategorie-pk-iv","28":"first","29":"instock","30":"taxable","31":"shipping-taxable","32":"purchasable","33":"product-type-variable"},"group_of_quantity":0,"min_quantity":0,"max_quantity":"","exclude_order_quantity_value_rules":"no","exclude_category_quantity_rules":"no","combine_variations":"no","acf":[],"_links":{"self":[{"href":"https:\/\/arena-ticket.com\/en\/wp-json\/wp\/v2\/product\/47992","targetHints":{"allow":["GET"]}}],"collection":[{"href":"https:\/\/arena-ticket.com\/en\/wp-json\/wp\/v2\/product"}],"about":[{"href":"https:\/\/arena-ticket.com\/en\/wp-json\/wp\/v2\/types\/product"}],"wp:featuredmedia":[{"embeddable":true,"href":"https:\/\/arena-ticket.com\/en\/wp-json\/wp\/v2\/media\/48003"}],"wp:attachment":[{"href":"https:\/\/arena-ticket.com\/en\/wp-json\/wp\/v2\/media?parent=47992"}],"wp:term":[{"taxonomy":"product_brand","embeddable":true,"href":"https:\/\/arena-ticket.com\/en\/wp-json\/wp\/v2\/product_brand?post=47992"},{"taxonomy":"product_cat","embeddable":true,"href":"https:\/\/arena-ticket.com\/en\/wp-json\/wp\/v2\/product_cat?post=47992"},{"taxonomy":"product_tag","embeddable":true,"href":"https:\/\/arena-ticket.com\/en\/wp-json\/wp\/v2\/product_tag?post=47992"}],"curies":[{"name":"wp","href":"https:\/\/api.w.org\/{rel}","templated":true}]}}