{"id":47997,"date":"2025-08-27T15:48:59","date_gmt":"2025-08-27T13:48:59","guid":{"rendered":"https:\/\/arena-ticket.com\/?p=47997&#038;post_type=product&#038;preview_id=47997"},"modified":"2025-09-15T16:58:18","modified_gmt":"2025-09-15T14:58:18","slug":"forced-to-mode-a-tribute-to-depeche-mode-chemnitz-wasserschloss-klaffenbach-21-06-2026-2100-uhr","status":"publish","type":"product","link":"https:\/\/arena-ticket.com\/en\/product\/forced-to-mode-a-tribute-to-depeche-mode-chemnitz-wasserschloss-klaffenbach-21-06-2026-2100-uhr\/","title":{"rendered":"Forced To Mode  - A Tribute To Depeche Mode"},"content":{"rendered":"<div id=\"content\">\n<section class=\"c-full c-inner c-narrow \" data-c=\"stageteasertext\" data-qa=\"stageteasertext-component\">\n<div class=\"container\">\n<div class=\"external-content no-margin\">\n<div class=\"u-position-relative js-moretext-wrapper\">\n<div class=\"moretext js-moretext expanded\" data-qa=\"readMoreText\">\n<div class=\"moretext-teaser\">\n<p>FORCED TO MODE gilt als die \u201eweltbeste Depeche Mode-Coverband\" (Sonic Seducer, depechemode.de, Monkeypress...), deren Shows bereits in 15 L\u00e4ndern quer durch Europa begeisterten Anklang fanden.<\/p>\n<div>\n<p>Die Reaktionen des Publikums und der Presse sowie die vielen Konzert-Videos und Live-CDs der Band sprechen hier eine ganz eindeutige Sprache und titulieren die F2M-Shows als Tribute-Konzerte einer \u201eganz eigenen Liga\u201c. Auch die Fanbase, die sich um\u00a0<a role=\"link\" href=\"https:\/\/www.facebook.com\/ForcedToModeOfficial?__cft__[0]=AZV5jRefT5yjnID4lipt9gZt6-Le_hJRQXYrAglin53y7L77TsUTRtWkw140S4YnJ2ghiwAfmaPVEIWd0v9W4G4AHbAlUT-tvFhJ2JLdCqyZAgkRAvOGzPBs_5SNzcdl9OBH51bmOs1cMS28bsrCyWKJYBL7P-iPrjmB2ywY4hhuWOPoAuBy3I-WDQXvnpZjiJAoj-nlGQVXa6T3deB-ffL3mkIsypRty5_UC4bSkuBAtw&amp;__tn__=-]K-R\" rel=\"nofollow noopener\" target=\"_blank\">Forced To Mode<\/a>\u00a0herum aufgebaut hat, ist beachtlich: keine andere Band - au\u00dfer Depeche Mode selbst - hat im gr\u00f6\u00dften deutschsprachigen DM-Forum mehr Aufrufe oder Posts. Forced To Modes eigener YouTube-Kanal hat \u00fcber 4 Millionen Video-Aufrufe.<\/p>\n<\/div>\n<div>\n<p>Doch es bleibt vor allem die sehr energetische Live-Performance, die \u201eganz-nah-am-Original-Stimmen\u201c und die perfektionistische Liebe zum Sound-Detail, die die Tribute-Shows F2Ms so einzigartig und unvergesslich machen! Forced To Mode lassen den Spirit der fr\u00fcheren, ikonischen Depeche Mode-Epochen wieder auferstehen und bringen diesen absolut gekonnt, mit viel Raffinesse in Show und Sound zur\u00fcck auf die gro\u00dfe B\u00fchne. Dabei z\u00e4hlen stetig wechselnde Setlists sowie selten, bisweilen noch nie live gespielte DM-Songs zum gro\u00dfen Credo der Band. Auch mit ihren Motto-Shows (B-Seiten-Konzerte, Tour- oder Albenspecials, Shows mit Sinfonieorchester oder Streicherquartett uvm.) haben sich F2M tief in die Herzen der Depeche Mode-Fans gespielt.<\/p>\n<div>Seit 2011 haben F2M \u00fcber 500 Konzerte, 3 \"acoustic\" oder \"string-tours\" und diverse Jubil\u00e4ums- und Special-Shows absolviert. Das Repertoire der 3 Musiker aus Berlin umfasst inzwischen \u00fcber 130 Depeche Mode Songs und ein Ende ist noch lange nicht in Sicht...<\/div>\n<\/div>\n<\/div>\n<\/div>\n<div class=\"link moretext-toggle\"><\/div>\n<\/div>\n<\/div>\n<\/div>\n<\/section>\n<section class=\"c container\" data-c=\"eviwidget\" data-qa=\"evi-widget\">\n<div class=\"js-evi-wrapper theme-element-border evi-wrapper\">\n<div class=\"js-evi-box\" data-evi-widget-version=\"3.19.0\">\n<div id=\"evi-widget-rule-11e8fcb5-8a5e-aaee-e6eb-996adb054c48\" class=\"evi-widget evi-widget evi-widget-type-ticket-alarm-single\"><\/div>\n<\/div>\n<\/div>\n<\/section>\n<\/div>\n<div id=\"menu\">\n<div id=\"innerMenue\"><\/div>\n<\/div>\n","protected":false},"excerpt":{"rendered":"<div class=\"event__header\" data-v-331ed750=\"\">Forced To Mode go on &quot;The Devotional Tribute To Depeche Mode&quot; tour!<\/div>","protected":false},"featured_media":47999,"template":"","meta":{"_acf_changed":false,"inline_featured_image":false},"product_brand":[],"product_cat":[103,31,64,35,6730,58,512],"product_tag":[3778,992,941,3777,942,948,993],"class_list":{"0":"post-47997","1":"product","2":"type-product","3":"status-publish","4":"has-post-thumbnail","6":"product_cat-chemnitz","7":"product_cat-events","8":"product_cat-musical-show","9":"product_cat-orte","10":"product_cat-show","11":"product_cat-veranstaltung","12":"product_cat-wasserschloss-klaffenbach","13":"product_tag-a-tribute-to-depeche-mode","14":"product_tag-chemnitz","15":"product_tag-events","16":"product_tag-forced-to-mode","17":"product_tag-konzert","18":"product_tag-veranstaltung","19":"product_tag-wasserschloss-klaffenbach","20":"product_shipping_class-nur_paketversand","21":"pa_discount-normalpreis","22":"pa_preiskategorie-stehplatz","24":"first","25":"instock","26":"taxable","27":"shipping-taxable","28":"purchasable","29":"product-type-variable"},"group_of_quantity":0,"min_quantity":0,"max_quantity":"","exclude_order_quantity_value_rules":"no","exclude_category_quantity_rules":"no","combine_variations":"no","acf":[],"_links":{"self":[{"href":"https:\/\/arena-ticket.com\/en\/wp-json\/wp\/v2\/product\/47997","targetHints":{"allow":["GET"]}}],"collection":[{"href":"https:\/\/arena-ticket.com\/en\/wp-json\/wp\/v2\/product"}],"about":[{"href":"https:\/\/arena-ticket.com\/en\/wp-json\/wp\/v2\/types\/product"}],"wp:featuredmedia":[{"embeddable":true,"href":"https:\/\/arena-ticket.com\/en\/wp-json\/wp\/v2\/media\/47999"}],"wp:attachment":[{"href":"https:\/\/arena-ticket.com\/en\/wp-json\/wp\/v2\/media?parent=47997"}],"wp:term":[{"taxonomy":"product_brand","embeddable":true,"href":"https:\/\/arena-ticket.com\/en\/wp-json\/wp\/v2\/product_brand?post=47997"},{"taxonomy":"product_cat","embeddable":true,"href":"https:\/\/arena-ticket.com\/en\/wp-json\/wp\/v2\/product_cat?post=47997"},{"taxonomy":"product_tag","embeddable":true,"href":"https:\/\/arena-ticket.com\/en\/wp-json\/wp\/v2\/product_tag?post=47997"}],"curies":[{"name":"wp","href":"https:\/\/api.w.org\/{rel}","templated":true}]}}