{"id":48004,"date":"2025-08-27T17:45:43","date_gmt":"2025-08-27T15:45:43","guid":{"rendered":"https:\/\/arena-ticket.com\/?p=48004&#038;post_type=product&#038;preview_id=48004"},"modified":"2025-10-06T15:50:48","modified_gmt":"2025-10-06T13:50:48","slug":"philipp-poisel-wind-in-den-haaren-tour-zwickau-freilichtbuehne-06-09-2025-1930-uhr","status":"publish","type":"product","link":"https:\/\/arena-ticket.com\/en\/product\/philipp-poisel-wind-in-den-haaren-tour-zwickau-freilichtbuehne-06-09-2025-1930-uhr\/","title":{"rendered":"Philipp Poisel  - Wind in den Haaren - Tour"},"content":{"rendered":"<p>Der Sommer spannt die Segel - und der Musiker seine Gitarrensaiten und sein B\u00fcndel. Philipp Poisel auf Sommer Tour, das klingt und riecht f\u00f6rmlich nach lauen Sommerabenden, nach Lagerfeuer, Tannenrauschen und nach leisen T\u00f6nen, die von einer Sommerbrise durchs Land ge-tragen werden. Zugegeben, das klingt vielleicht etwas sehr romantisch, aber wenn es so ist, was soll man da machen?<\/p>\n<p>Philipp Poisel packt also seine, wenn \u00fcberhaupt, \u201e7 Sachen\u201c und geht im Sommer 2025 Solo auf Tour. In Burgen, H\u00f6fen, G\u00e4rten, oder auch Konzerth\u00e4usern pr\u00e4sentiert Philipp Poisel seine Songs, deren Thema immer schon der Sommer, die Reise, das Fernweh und die unb\u00e4ndige Lust aufs Le-ben war. \u201eWo f\u00e4ngt dein Himmel an\u201c, \u201eBis nach Toulouse\u201c, \u201eIm Garten von Gettis\u201c sind somit auch 2025 der Soundtrack des Sommers.<\/p>\n<p>\u201e\u00dcber uns der Himmel, und um uns herum der Sommer, so sollen die Konzerte sich anf\u00fchlen. Ein-fach gemeinsam auf der Reise sein. Ich freue mich f\u00fcr und mit euch gemeinsam an wundersch\u00f6-nen Locations zu singen und hoffe Euch bei der Tour zu sehen.\u201c<br \/>\nDer Sommer 2025 wird ganz besonders, zumindest wenn man dann mit etwas Sand in den Schu-hen, und vielleicht sogar Salz auf der Haut, und auf jeden Fall \u201eWind in den Haaren\u201c nach Hause kommt.<\/p>","protected":false},"excerpt":{"rendered":"<p>Get your tickets here now!<\/p>","protected":false},"featured_media":50116,"template":"","meta":{"_acf_changed":false,"inline_featured_image":false},"product_brand":[],"product_cat":[31,4433,69,35,6733,58,4432],"product_tag":[941,4439,942,6270,948,6271,4440],"class_list":{"0":"post-48004","1":"product","2":"type-product","3":"status-publish","4":"has-post-thumbnail","6":"product_cat-events","7":"product_cat-freilichtbuehne-zwickau","8":"product_cat-konzert","9":"product_cat-orte","10":"product_cat-pop","11":"product_cat-veranstaltung","12":"product_cat-zwickau","13":"product_tag-events","14":"product_tag-freilichtbuehne-zwickau","15":"product_tag-konzert","16":"product_tag-philipp-poisel","17":"product_tag-veranstaltung","18":"product_tag-wind-in-den-haaren-tour","19":"product_tag-zwickau","20":"product_shipping_class-nur_paketversand","21":"pa_discount-normalpreis","22":"pa_preiskategorie-pk-i","23":"pa_preiskategorie-pk-ii","24":"pa_preiskategorie-pk-iii","25":"pa_preiskategorie-pk-iv","27":"first","28":"instock","29":"taxable","30":"shipping-taxable","31":"purchasable","32":"product-type-variable"},"group_of_quantity":0,"min_quantity":0,"max_quantity":"","exclude_order_quantity_value_rules":"no","exclude_category_quantity_rules":"no","combine_variations":"no","acf":[],"_links":{"self":[{"href":"https:\/\/arena-ticket.com\/en\/wp-json\/wp\/v2\/product\/48004","targetHints":{"allow":["GET"]}}],"collection":[{"href":"https:\/\/arena-ticket.com\/en\/wp-json\/wp\/v2\/product"}],"about":[{"href":"https:\/\/arena-ticket.com\/en\/wp-json\/wp\/v2\/types\/product"}],"wp:featuredmedia":[{"embeddable":true,"href":"https:\/\/arena-ticket.com\/en\/wp-json\/wp\/v2\/media\/50116"}],"wp:attachment":[{"href":"https:\/\/arena-ticket.com\/en\/wp-json\/wp\/v2\/media?parent=48004"}],"wp:term":[{"taxonomy":"product_brand","embeddable":true,"href":"https:\/\/arena-ticket.com\/en\/wp-json\/wp\/v2\/product_brand?post=48004"},{"taxonomy":"product_cat","embeddable":true,"href":"https:\/\/arena-ticket.com\/en\/wp-json\/wp\/v2\/product_cat?post=48004"},{"taxonomy":"product_tag","embeddable":true,"href":"https:\/\/arena-ticket.com\/en\/wp-json\/wp\/v2\/product_tag?post=48004"}],"curies":[{"name":"wp","href":"https:\/\/api.w.org\/{rel}","templated":true}]}}