{"id":48016,"date":"2025-08-27T18:33:10","date_gmt":"2025-08-27T16:33:10","guid":{"rendered":"https:\/\/arena-ticket.com\/?p=48016&#038;post_type=product&#038;preview_id=48016"},"modified":"2025-09-12T16:03:03","modified_gmt":"2025-09-12T14:03:03","slug":"welt-im-sucher-2025-alle-an-bord-weltreise-leipzig-kupfersaal-28-12-2025-1400-uhr-reservix","status":"publish","type":"product","link":"https:\/\/arena-ticket.com\/en\/product\/welt-im-sucher-2025-alle-an-bord-weltreise-leipzig-kupfersaal-28-12-2025-1400-uhr-reservix\/","title":{"rendered":"Welt im Sucher 2025 Alle an Bord  - Weltreise"},"content":{"rendered":"<p>Paul und Hansen Hoepner diesmal nicht zu zweit und als Junggesellen, sondern gemeinsam mit Pauls Partnerin Anna K\u00f6nig, ihrer gemeinsamen, damals sieben Monate alten Tochter Momo sowie Hansens wei\u00dfem Sch\u00e4ferhund Ronny: Mit \u201eAlle an Bord?\u201c wagten sich diese f\u00fcnf Abenteurer:innen auf neues, allen bis dahin fremdes Terrain. Ein Element, auf dem sie noch nicht unterwegs waren: die Wasserstra\u00dfen und Meere Europas.<br \/>\nVorgenommen haben sie sich 10.000 km. Die Route soll sie von Berlin \u00fcber den Rhein, den Main, die Donau, das Schwarze Meer, das Mittelmeer und via Frankreich zur\u00fcck nach Berlin f\u00fchren \u2013 alles CO2-neutral. Dazu haben sie ein altes Segelboot elektrisch umger\u00fcstet und mit riesigen, satelliten\u00e4hnlichen Sonnensegeln ausgestattet \u2013 alles wie immer \u201eMarke Eigenbau\u201c.<\/p>","protected":false},"excerpt":{"rendered":"<p>Get your tickets here now!<\/p>","protected":false},"featured_media":48916,"template":"","meta":{"_acf_changed":false,"inline_featured_image":false},"product_brand":[],"product_cat":[31,922,430,86,6764,35,21,58],"product_tag":[941,951,968,943,944,947,948,6275,6276],"class_list":{"0":"post-48016","1":"product","2":"type-product","3":"status-publish","4":"has-post-thumbnail","6":"product_cat-events","7":"product_cat-kultur","8":"product_cat-kupfersaal","9":"product_cat-leipzig","10":"product_cat-lesung","11":"product_cat-orte","12":"product_cat-ticket","13":"product_cat-veranstaltung","14":"product_tag-events","15":"product_tag-kultur","16":"product_tag-kupfersaal","17":"product_tag-leipzig","18":"product_tag-orte","19":"product_tag-ticket","20":"product_tag-veranstaltung","21":"product_tag-welt-im-sucher-2025-alle-an-bord","22":"product_tag-weltreise","23":"product_shipping_class-nur_paketversand","24":"pa_discount-ermaessigt","25":"pa_discount-normalpreis","26":"pa_preiskategorie-freie-platzwahl","28":"first","29":"instock","30":"taxable","31":"shipping-taxable","32":"purchasable","33":"product-type-variable"},"group_of_quantity":0,"min_quantity":0,"max_quantity":"","exclude_order_quantity_value_rules":"no","exclude_category_quantity_rules":"no","combine_variations":"no","acf":[],"_links":{"self":[{"href":"https:\/\/arena-ticket.com\/en\/wp-json\/wp\/v2\/product\/48016","targetHints":{"allow":["GET"]}}],"collection":[{"href":"https:\/\/arena-ticket.com\/en\/wp-json\/wp\/v2\/product"}],"about":[{"href":"https:\/\/arena-ticket.com\/en\/wp-json\/wp\/v2\/types\/product"}],"wp:featuredmedia":[{"embeddable":true,"href":"https:\/\/arena-ticket.com\/en\/wp-json\/wp\/v2\/media\/48916"}],"wp:attachment":[{"href":"https:\/\/arena-ticket.com\/en\/wp-json\/wp\/v2\/media?parent=48016"}],"wp:term":[{"taxonomy":"product_brand","embeddable":true,"href":"https:\/\/arena-ticket.com\/en\/wp-json\/wp\/v2\/product_brand?post=48016"},{"taxonomy":"product_cat","embeddable":true,"href":"https:\/\/arena-ticket.com\/en\/wp-json\/wp\/v2\/product_cat?post=48016"},{"taxonomy":"product_tag","embeddable":true,"href":"https:\/\/arena-ticket.com\/en\/wp-json\/wp\/v2\/product_tag?post=48016"}],"curies":[{"name":"wp","href":"https:\/\/api.w.org\/{rel}","templated":true}]}}