{"id":48019,"date":"2025-08-27T18:52:50","date_gmt":"2025-08-27T16:52:50","guid":{"rendered":"https:\/\/arena-ticket.com\/?p=48019&#038;post_type=product&#038;preview_id=48019"},"modified":"2026-01-28T16:53:59","modified_gmt":"2026-01-28T15:53:59","slug":"welt-im-sucher-2025-972-breakdowns-auf-dem-landweg-nach-new-york-leipzig-kupfersaal-28-12-2025-1800-uhr-reservix","status":"publish","type":"product","link":"https:\/\/arena-ticket.com\/en\/product\/welt-im-sucher-2025-972-breakdowns-auf-dem-landweg-nach-new-york-leipzig-kupfersaal-28-12-2025-1800-uhr-reservix\/","title":{"rendered":"Welt im Sucher 2025 972 Breakdowns  - Auf dem Landweg nach New York"},"content":{"rendered":"<p>Die f\u00fcnf kreativen K\u00f6pfe von LeavingHomeFunktion versetzten ihren gesamten Hausrat und kauften sich alte Ural-Motorr\u00e4der. In ihrem Vortrag \"Auf dem Landweg nach New York\" erz\u00e4hlen sie von ihrer zweieinhalb Jahre langen Reise in Richtung Osten. 40.000 Kilometer tuckerten sie \u00fcber feinsten Teer, endlose Holperstra\u00dfen und w\u00fcste Waldwege. Unterwegs k\u00e4mpften sie sich \u00fcber Berge, durch Fl\u00fcsse ohne Br\u00fccken, W\u00fcsten und S\u00fcmpfe. Die sowjetischen Maschinen sorgten f\u00fcr ein gem\u00e4chliches Vorankommen und zahllose Pannen \u2013 beste Voraussetzungen, um mit Land und Leuten intensiv in Kontakt zu kommen und atemberaubende Geschichten zu erleben. Bei jedem Stopp, jeder Panne gab es Einladungen zum Gespr\u00e4ch, zum Tee, zum Bleiben. Die Menschen \u00f6ffneten ihre Garagen und Hinterhof-Werkst\u00e4tten, um nach Ersatzteilen zu suchen und gemeinsam an der Reparatur zu t\u00fcfteln. Den entlegenen Fluss Kolyma im fernen Osten Russlands befuhren sie bis zur M\u00fcndung in den Arktischen Ozean per Flo\u00df \u2013 angetrieben von den Teufelsmotoren der 650iger Ural Maschinen. Auf der anderen Seite der Beringstra\u00dfe ging es durch Alaska und Kanada nach Los Angeles und schlie\u00dflich nach New York City zu einem gro\u00dfartigen Grande Finale.<\/p>","protected":false},"excerpt":{"rendered":"<p>Get your tickets here now!<\/p>","protected":false},"featured_media":48911,"template":"","meta":{"_acf_changed":false,"inline_featured_image":false},"product_brand":[],"product_cat":[31,922,430,86,6764,35,21,58],"product_tag":[6278,941,951,968,943,944,947,948,6277],"class_list":{"0":"post-48019","1":"product","2":"type-product","3":"status-publish","4":"has-post-thumbnail","6":"product_cat-events","7":"product_cat-kultur","8":"product_cat-kupfersaal","9":"product_cat-leipzig","10":"product_cat-lesung","11":"product_cat-orte","12":"product_cat-ticket","13":"product_cat-veranstaltung","14":"product_tag-auf-dem-landweg-nach-new-york","15":"product_tag-events","16":"product_tag-kultur","17":"product_tag-kupfersaal","18":"product_tag-leipzig","19":"product_tag-orte","20":"product_tag-ticket","21":"product_tag-veranstaltung","22":"product_tag-welt-im-sucher-2025-972-breakdowns","23":"product_shipping_class-nur_paketversand","24":"pa_discount-ermaessigt","25":"pa_discount-normalpreis","26":"pa_preiskategorie-freie-platzwahl","28":"first","29":"instock","30":"taxable","31":"shipping-taxable","32":"purchasable","33":"product-type-variable"},"group_of_quantity":0,"min_quantity":0,"max_quantity":"","exclude_order_quantity_value_rules":"no","exclude_category_quantity_rules":"no","combine_variations":"no","acf":[],"_links":{"self":[{"href":"https:\/\/arena-ticket.com\/en\/wp-json\/wp\/v2\/product\/48019","targetHints":{"allow":["GET"]}}],"collection":[{"href":"https:\/\/arena-ticket.com\/en\/wp-json\/wp\/v2\/product"}],"about":[{"href":"https:\/\/arena-ticket.com\/en\/wp-json\/wp\/v2\/types\/product"}],"wp:featuredmedia":[{"embeddable":true,"href":"https:\/\/arena-ticket.com\/en\/wp-json\/wp\/v2\/media\/48911"}],"wp:attachment":[{"href":"https:\/\/arena-ticket.com\/en\/wp-json\/wp\/v2\/media?parent=48019"}],"wp:term":[{"taxonomy":"product_brand","embeddable":true,"href":"https:\/\/arena-ticket.com\/en\/wp-json\/wp\/v2\/product_brand?post=48019"},{"taxonomy":"product_cat","embeddable":true,"href":"https:\/\/arena-ticket.com\/en\/wp-json\/wp\/v2\/product_cat?post=48019"},{"taxonomy":"product_tag","embeddable":true,"href":"https:\/\/arena-ticket.com\/en\/wp-json\/wp\/v2\/product_tag?post=48019"}],"curies":[{"name":"wp","href":"https:\/\/api.w.org\/{rel}","templated":true}]}}