{"id":48230,"date":"2025-09-02T14:12:14","date_gmt":"2025-09-02T12:12:14","guid":{"rendered":"https:\/\/arena-ticket.com\/?p=48230&#038;post_type=product&#038;preview_id=48230"},"modified":"2026-02-17T10:59:05","modified_gmt":"2026-02-17T09:59:05","slug":"ennio-haifischbecken-tour-2026-felsenkeller-leipzig-08-05-2026-2000-uhr","status":"publish","type":"product","link":"https:\/\/arena-ticket.com\/en\/product\/ennio-haifischbecken-tour-2026-felsenkeller-leipzig-08-05-2026-2000-uhr\/","title":{"rendered":"ENNIO - \"HAIFISCHBECKEN\" Tour 2026"},"content":{"rendered":"<p>ENNIO ver\u00f6ffentlicht mit \"Haifischbecken\" nicht nur einen neuen Song, sondern leitet damit auch eine neue eigene \u00c4ra ein. Mit der neuen Single k\u00fcndigt er au\u00dferdem die \"HAIFISCHBECKEN\" TOUR 2026 f\u00fcr n\u00e4chstes Fr\u00fchjahr an.<\/p>\n<p>Er ist nicht mehr nur Singer\/Songwriter, er ist auch Labelchef und will damit die ganze Branche aufmischen. Das Haifischbecken ist eine Kritik an der Industrie, die an schnellem Profit und dem Umsetzen eigener Vorteile interessiert ist. In der die Haie sich gegenseitig fressen, in der Gier und Ignoranz zu \u00fcberteuerten Tickets und falscher Wertsch\u00e4tzung f\u00fchrt. In \"Haifischbecken\" spricht ENNIO \u00fcber seine Erfahrungen, die er in diesem Kontext als K\u00fcnstler gemacht hat und wie er aus diesen ausbricht. Er setzt einen Appell und den Auftakt f\u00fcr eine Bewegung, in der K\u00fcnstler*innen wieder Individuen mit eigenen Regeln sein d\u00fcrfen und sprengt das altert\u00fcmliche Korsett der Musikindustrie. Jetzt bei\u00dft ENNIO zur\u00fcck.<\/p>\n<p>Seit seinem Durchbruch mit \"Blaulicht\" 2021 kn\u00fcpfte ENNIO nahtlos daran an - ausverkaufte Konzerte, zahlreiche Festivalshows und eigene Open Airs im letzten Sommer. Nach seinem Deb\u00fctalbum \"Nirvana\", dem Tape \"Rimini\" und seinem zweiten Album \"Schlaraffenland\" gibt es nun neue Musik von ENNIO. Ab April geht es damit auf Tour durch Deutschland, \u00d6sterreich und die Schweiz!<\/p>","protected":false},"excerpt":{"rendered":"<p>Get your tickets here now!<\/p>","protected":false},"featured_media":48232,"template":"","meta":{"_acf_changed":false,"inline_featured_image":false},"product_brand":[],"product_cat":[31,348,69,86,35,6733,21,58],"product_tag":[6289,1921,6294,941,1476,942,943,6180,944,2506,947,4188,948],"class_list":{"0":"post-48230","1":"product","2":"type-product","3":"status-publish","4":"has-post-thumbnail","6":"product_cat-events","7":"product_cat-felsenkeller","8":"product_cat-konzert","9":"product_cat-leipzig","10":"product_cat-orte","11":"product_cat-pop","12":"product_cat-ticket","13":"product_cat-veranstaltung","14":"product_tag-haifischbecken-tour-2026","15":"product_tag-ennio","16":"product_tag-ennioo","17":"product_tag-events","18":"product_tag-felsenkeller","19":"product_tag-konzert","20":"product_tag-leipzig","21":"product_tag-luvre47","22":"product_tag-orte","23":"product_tag-pop","24":"product_tag-ticket","25":"product_tag-tour-2026","26":"product_tag-veranstaltung","27":"product_shipping_class-nur_paketversand","28":"pa_discount-normalpreis","29":"pa_preiskategorie-stehplatz","31":"first","32":"outofstock","33":"taxable","34":"shipping-taxable","35":"purchasable","36":"product-type-variable"},"group_of_quantity":0,"min_quantity":0,"max_quantity":"","exclude_order_quantity_value_rules":"no","exclude_category_quantity_rules":"no","combine_variations":"no","acf":[],"_links":{"self":[{"href":"https:\/\/arena-ticket.com\/en\/wp-json\/wp\/v2\/product\/48230","targetHints":{"allow":["GET"]}}],"collection":[{"href":"https:\/\/arena-ticket.com\/en\/wp-json\/wp\/v2\/product"}],"about":[{"href":"https:\/\/arena-ticket.com\/en\/wp-json\/wp\/v2\/types\/product"}],"wp:featuredmedia":[{"embeddable":true,"href":"https:\/\/arena-ticket.com\/en\/wp-json\/wp\/v2\/media\/48232"}],"wp:attachment":[{"href":"https:\/\/arena-ticket.com\/en\/wp-json\/wp\/v2\/media?parent=48230"}],"wp:term":[{"taxonomy":"product_brand","embeddable":true,"href":"https:\/\/arena-ticket.com\/en\/wp-json\/wp\/v2\/product_brand?post=48230"},{"taxonomy":"product_cat","embeddable":true,"href":"https:\/\/arena-ticket.com\/en\/wp-json\/wp\/v2\/product_cat?post=48230"},{"taxonomy":"product_tag","embeddable":true,"href":"https:\/\/arena-ticket.com\/en\/wp-json\/wp\/v2\/product_tag?post=48230"}],"curies":[{"name":"wp","href":"https:\/\/api.w.org\/{rel}","templated":true}]}}