{"id":48350,"date":"2025-09-04T16:24:49","date_gmt":"2025-09-04T14:24:49","guid":{"rendered":"https:\/\/arena-ticket.com\/?p=48350&#038;post_type=product&#038;preview_id=48350"},"modified":"2026-01-30T13:33:04","modified_gmt":"2026-01-30T12:33:04","slug":"gala-zum-jahreswechsel-oper-leipzig-01-01-2026-1700-uhr","status":"publish","type":"product","link":"https:\/\/arena-ticket.com\/en\/product\/gala-zum-jahreswechsel-oper-leipzig-01-01-2026-1700-uhr\/","title":{"rendered":"Gala zum Jahreswechsel - Oper Leipzig"},"content":{"rendered":"<p>Unser Gala-Express bringt Sie p\u00fcnktlich und rasend schnell an Orte, die zum Schwelgen, Tanzen und Tr\u00e4umen einladen: Es erwarten Sie Kostbarkeiten der Opern- und Operettenliteratur. Sch\u00f6ner kann ein Jahreswechsel nicht sein! Begleiten Sie das S\u00e4ngerensemble der Oper Leipzig auf dieser spannenden Reise zwischen glitzernden Metropolen, schneebedeckten Berggipfeln und atemberaubenden Weiten. Das Gewandhausorchester unter der musikalischen Leitung der Ersten Kapellmeisterin Yura Yang und der Chor der Oper Leipzig unter der Leitung von Thomas Eitler de Lint warten bereits am Gleis auf Sie! Ihr Reiseleiter ist Star-Moderator Malte Arkona: \u00bbBitte alle einsteigen!\u00ab<\/p>","protected":false},"excerpt":{"rendered":"<p>Get your tickets here now!<\/p>","protected":false},"featured_media":49961,"template":"","meta":{"_acf_changed":false,"inline_featured_image":false},"product_brand":[],"product_cat":[31,922,86,346,6770,35,21,58],"product_tag":[941,6306,951,943,961,947,948],"class_list":{"0":"post-48350","1":"product","2":"type-product","3":"status-publish","4":"has-post-thumbnail","6":"product_cat-events","7":"product_cat-kultur","8":"product_cat-leipzig","9":"product_cat-oper-leipzig","10":"product_cat-oper-operette","11":"product_cat-orte","12":"product_cat-ticket","13":"product_cat-veranstaltung","14":"product_tag-events","15":"product_tag-gala-zum-jahreswechsel","16":"product_tag-kultur","17":"product_tag-leipzig","18":"product_tag-oper-leipzig","19":"product_tag-ticket","20":"product_tag-veranstaltung","21":"product_shipping_class-nur_paketversand","22":"pa_discount-ermaessigt","23":"pa_discount-kind-bis-14-jahre","24":"pa_discount-normalpreis","25":"pa_discount-schueler-student","26":"pa_discount-schwerbeschaedigt","27":"pa_preiskategorie-pk-i","28":"pa_preiskategorie-pk-ii","29":"pa_preiskategorie-pk-iii","30":"pa_preiskategorie-pk-iv","31":"pa_preiskategorie-pk-v","32":"pa_preiskategorie-pk-vi","34":"first","35":"instock","36":"taxable","37":"shipping-taxable","38":"purchasable","39":"product-type-variable"},"group_of_quantity":0,"min_quantity":0,"max_quantity":"","exclude_order_quantity_value_rules":"no","exclude_category_quantity_rules":"no","combine_variations":"no","acf":[],"_links":{"self":[{"href":"https:\/\/arena-ticket.com\/en\/wp-json\/wp\/v2\/product\/48350","targetHints":{"allow":["GET"]}}],"collection":[{"href":"https:\/\/arena-ticket.com\/en\/wp-json\/wp\/v2\/product"}],"about":[{"href":"https:\/\/arena-ticket.com\/en\/wp-json\/wp\/v2\/types\/product"}],"wp:featuredmedia":[{"embeddable":true,"href":"https:\/\/arena-ticket.com\/en\/wp-json\/wp\/v2\/media\/49961"}],"wp:attachment":[{"href":"https:\/\/arena-ticket.com\/en\/wp-json\/wp\/v2\/media?parent=48350"}],"wp:term":[{"taxonomy":"product_brand","embeddable":true,"href":"https:\/\/arena-ticket.com\/en\/wp-json\/wp\/v2\/product_brand?post=48350"},{"taxonomy":"product_cat","embeddable":true,"href":"https:\/\/arena-ticket.com\/en\/wp-json\/wp\/v2\/product_cat?post=48350"},{"taxonomy":"product_tag","embeddable":true,"href":"https:\/\/arena-ticket.com\/en\/wp-json\/wp\/v2\/product_tag?post=48350"}],"curies":[{"name":"wp","href":"https:\/\/api.w.org\/{rel}","templated":true}]}}