{"id":48388,"date":"2025-09-05T12:10:03","date_gmt":"2025-09-05T10:10:03","guid":{"rendered":"https:\/\/arena-ticket.com\/?p=48388&#038;post_type=product&#038;preview_id=48388"},"modified":"2026-02-27T15:09:54","modified_gmt":"2026-02-27T14:09:54","slug":"till-broenner-italia-live-2026-gewandhaus-zu-leipzig-grosser-saal-20-04-2026-2000-uhr","status":"publish","type":"product","link":"https:\/\/arena-ticket.com\/en\/product\/till-broenner-italia-live-2026-gewandhaus-zu-leipzig-grosser-saal-20-04-2026-2000-uhr\/","title":{"rendered":"Till Br\u00f6nner  - Italia Live 2026"},"content":{"rendered":"<p>Mit seinem neuen Album \u201eITALIA\u201c widmet sich Till Br\u00f6nner der italienischen Musik der 60er- bis fr\u00fchen 80er-Jahre \u2013 einer Zeit, in der Italien mit unvergesslichen Liedern, Filmkompositionen und gro\u00dfem Lebensgef\u00fchl europaweit den Ton angab. Die Auswahl reicht von Paolo Conte und Lucio Battisti bis hin zu Ennio Morricone und Tony Renis und verbindet musikalische Sch\u00e4tze, Rarit\u00e4ten und Eigenkompositionen. F\u00fcr Br\u00f6nner ist es zugleich eine sehr pers\u00f6nliche Reise zur\u00fcck in seine Kindheit in Rom, die ihn tief gepr\u00e4gt hat.<br \/>\nAb dem 31. M\u00e4rz 2026 bringt der sechsfache ECHO-Preistr\u00e4ger dieses Lebensgef\u00fchl live auf die B\u00fchne: Die \u201eITALIA Tour 2026\u201c startet im Dortmunder Konzerthaus und f\u00fchrt durch ganz Deutschland. Gespielt wird in den sch\u00f6nsten Konzerth\u00e4usern und ausgew\u00e4hlten Veranstaltungsst\u00e4tten des Landes \u2013 ein Konzerterlebnis voller Eleganz, Herz und Dolce Vita.<\/p>","protected":false},"excerpt":{"rendered":"<p>Get your tickets here now!<\/p>","protected":false},"featured_media":52461,"template":"","meta":{"_acf_changed":false,"inline_featured_image":false},"product_brand":[],"product_cat":[31,345,936,6741,69,86,35,21,58],"product_tag":[941,956,2832,957,6308,2504,942,943,944,947,3757,948],"class_list":{"0":"post-48388","1":"product","2":"type-product","3":"status-publish","4":"has-post-thumbnail","6":"product_cat-events","7":"product_cat-gewandhaus","8":"product_cat-grosser-saal","9":"product_cat-klassik","10":"product_cat-konzert","11":"product_cat-leipzig","12":"product_cat-orte","13":"product_cat-ticket","14":"product_cat-veranstaltung","15":"product_tag-events","16":"product_tag-gewandhaus","17":"product_tag-gewandhaus-grosser-saal","18":"product_tag-grosser-saal","19":"product_tag-italia-live-2026","20":"product_tag-klassik","21":"product_tag-konzert","22":"product_tag-leipzig","23":"product_tag-orte","24":"product_tag-ticket","25":"product_tag-till-broenner","26":"product_tag-veranstaltung","27":"product_shipping_class-nur_paketversand","28":"pa_discount-ermaessigt","29":"pa_discount-normalpreis","30":"pa_preiskategorie-pk-i","31":"pa_preiskategorie-pk-ii","32":"pa_preiskategorie-pk-iii","33":"pa_preiskategorie-pk-iv","34":"pa_preiskategorie-pk-v","36":"first","37":"instock","38":"taxable","39":"shipping-taxable","40":"purchasable","41":"product-type-variable"},"group_of_quantity":0,"min_quantity":0,"max_quantity":"","exclude_order_quantity_value_rules":"no","exclude_category_quantity_rules":"no","combine_variations":"no","acf":[],"_links":{"self":[{"href":"https:\/\/arena-ticket.com\/en\/wp-json\/wp\/v2\/product\/48388","targetHints":{"allow":["GET"]}}],"collection":[{"href":"https:\/\/arena-ticket.com\/en\/wp-json\/wp\/v2\/product"}],"about":[{"href":"https:\/\/arena-ticket.com\/en\/wp-json\/wp\/v2\/types\/product"}],"wp:featuredmedia":[{"embeddable":true,"href":"https:\/\/arena-ticket.com\/en\/wp-json\/wp\/v2\/media\/52461"}],"wp:attachment":[{"href":"https:\/\/arena-ticket.com\/en\/wp-json\/wp\/v2\/media?parent=48388"}],"wp:term":[{"taxonomy":"product_brand","embeddable":true,"href":"https:\/\/arena-ticket.com\/en\/wp-json\/wp\/v2\/product_brand?post=48388"},{"taxonomy":"product_cat","embeddable":true,"href":"https:\/\/arena-ticket.com\/en\/wp-json\/wp\/v2\/product_cat?post=48388"},{"taxonomy":"product_tag","embeddable":true,"href":"https:\/\/arena-ticket.com\/en\/wp-json\/wp\/v2\/product_tag?post=48388"}],"curies":[{"name":"wp","href":"https:\/\/api.w.org\/{rel}","templated":true}]}}