{"id":48402,"date":"2025-09-05T15:24:36","date_gmt":"2025-09-05T13:24:36","guid":{"rendered":"https:\/\/arena-ticket.com\/?p=48402&#038;post_type=product&#038;preview_id=48402"},"modified":"2025-09-30T17:31:54","modified_gmt":"2025-09-30T15:31:54","slug":"heaven-can-wait-chor-steintor-variete-halle-saale-04-10-2025-1900-uhr","status":"publish","type":"product","link":"https:\/\/arena-ticket.com\/en\/product\/heaven-can-wait-chor-steintor-variete-halle-saale-04-10-2025-1900-uhr\/","title":{"rendered":"Heaven Can Wait Chor"},"content":{"rendered":"<p>This is not about the 1978 film of the same name, nor about the song by Michael Jackson. The blueprint may have come from Jan Josef Liefers, who in the TV film \u201cDie Sp\u00e4tz\u00fcnder\u201d has to do community service in a retirement home and there he founds the pensioner band Rocco und die Herzschrittmacher.<\/p>\n<p>What was fiction back then has now been put into practice by three dozen people of the 70+ generation in Hamburg: They have discovered for themselves that singing keeps you young.<\/p>\n<p>Wer nun aber erwartet, hier w\u00fcrden Lieder von Hans Albers und Freddy Quinn und Frank Sch\u00f6bel erklingen, irrt gewaltig: Heaven Can Wait feiern eine ausgelassene Party mit der Musik der Enkel, eine wilde Mischung aus Hits von Sarah Connor und Mark Forster, von Fettes Brot und Deichkind.Chorleiter Jan-Christof Scheibe trifft die Liedauswahl: \u201eF\u00fcr mich ist das ganz spannend, weil ich immer auf der Suche nach Liedern bin, die aus dem Mund eines \u00e4lteren Menschen eine neue Bedeutung bekommen. Sie ist weg von den Fantastischen Vier passt super zu einem \u00e4lteren Menschen, weil du eben auf einmal Sachen assoziierst, die du mit einem 25-J\u00e4hrigen nie assoziieren w\u00fcrdest. Das Thema Tod zum Beispiel.\u201c<\/p>\n<p>The Heaven can Wait choir is unrivalled. Nobody could have imagined that the impressive and successful documentary would trigger such a hype and that thousands of people between the ages of 35 and 65 would storm the concerts in the north of the country.<\/p>","protected":false},"excerpt":{"rendered":"<p>Get your tickets here now!<\/p>","protected":false},"featured_media":48409,"template":"","meta":{"_acf_changed":false,"inline_featured_image":false},"product_brand":[],"product_cat":[31,345,936,102,6741,69,86,35,496,21,58],"product_tag":[941,956,957,999,3866,942,943,944,2788,947,948],"class_list":{"0":"post-48402","1":"product","2":"type-product","3":"status-publish","4":"has-post-thumbnail","6":"product_cat-events","7":"product_cat-gewandhaus","8":"product_cat-grosser-saal","9":"product_cat-halle","10":"product_cat-klassik","11":"product_cat-konzert","12":"product_cat-leipzig","13":"product_cat-orte","14":"product_cat-steintor-variete","15":"product_cat-ticket","16":"product_cat-veranstaltung","17":"product_tag-events","18":"product_tag-gewandhaus","19":"product_tag-grosser-saal","20":"product_tag-halle","21":"product_tag-heaven-can-wait-chor","22":"product_tag-konzert","23":"product_tag-leipzig","24":"product_tag-orte","25":"product_tag-steintor-variete","26":"product_tag-ticket","27":"product_tag-veranstaltung","28":"product_shipping_class-nur_paketversand","29":"pa_discount-ermaessigt","30":"pa_discount-normalpreis","31":"pa_preiskategorie-pk-i","32":"pa_preiskategorie-pk-ii","33":"pa_preiskategorie-pk-iii","34":"pa_preiskategorie-pk-iv","35":"pa_preiskategorie-pk-v","37":"first","38":"instock","39":"taxable","40":"shipping-taxable","41":"purchasable","42":"product-type-variable"},"group_of_quantity":0,"min_quantity":0,"max_quantity":"","exclude_order_quantity_value_rules":"no","exclude_category_quantity_rules":"no","combine_variations":"no","acf":[],"_links":{"self":[{"href":"https:\/\/arena-ticket.com\/en\/wp-json\/wp\/v2\/product\/48402","targetHints":{"allow":["GET"]}}],"collection":[{"href":"https:\/\/arena-ticket.com\/en\/wp-json\/wp\/v2\/product"}],"about":[{"href":"https:\/\/arena-ticket.com\/en\/wp-json\/wp\/v2\/types\/product"}],"wp:featuredmedia":[{"embeddable":true,"href":"https:\/\/arena-ticket.com\/en\/wp-json\/wp\/v2\/media\/48409"}],"wp:attachment":[{"href":"https:\/\/arena-ticket.com\/en\/wp-json\/wp\/v2\/media?parent=48402"}],"wp:term":[{"taxonomy":"product_brand","embeddable":true,"href":"https:\/\/arena-ticket.com\/en\/wp-json\/wp\/v2\/product_brand?post=48402"},{"taxonomy":"product_cat","embeddable":true,"href":"https:\/\/arena-ticket.com\/en\/wp-json\/wp\/v2\/product_cat?post=48402"},{"taxonomy":"product_tag","embeddable":true,"href":"https:\/\/arena-ticket.com\/en\/wp-json\/wp\/v2\/product_tag?post=48402"}],"curies":[{"name":"wp","href":"https:\/\/api.w.org\/{rel}","templated":true}]}}