{"id":48465,"date":"2025-09-05T17:39:27","date_gmt":"2025-09-05T15:39:27","guid":{"rendered":"https:\/\/arena-ticket.com\/?p=48465&#038;post_type=product&#038;preview_id=48465"},"modified":"2025-09-05T17:41:51","modified_gmt":"2025-09-05T15:41:51","slug":"orgelstunde-leipzig-gewandhaus-zu-leipzig-grosser-saal-22-02-2026-1600-uhr","status":"publish","type":"product","link":"https:\/\/arena-ticket.com\/en\/product\/orgelstunde-leipzig-gewandhaus-zu-leipzig-grosser-saal-22-02-2026-1600-uhr\/","title":{"rendered":"Orgelstunde"},"content":{"rendered":"<p class=\"h-color-highlight-primary h-no-margin-bottom\">Von der Choralpartita zur Choralfantasie<\/p>\n<h1 class=\"h-h2 h-margin-top-small\">Michael Beauty<\/h1>\n<div class=\"h-no-margin-bottom-for-last-child | js-event-teaser-details-level-1\">\n<p>Johann Sebastian Bach \u2014 Partita diverse sopra \"Sei gegr\u00fc\u00dfet, Jesu g\u00fctig\" BWV 768<\/p>\n<p>Felix Mendelssohn Bartholdy \u2014 Sonate f\u00fcr Orgel d-Moll op. 65\/6 MWV W 61 (\"Vater unser\")<\/p>\n<p>Johann Gottlob T\u00f6pfer \u2014 Grosse Concert-Fantasie \u00fcber die Choralmelodie \"Mache dich, mein Geist, bereit\"<\/p>\n<p>Max Reger \u2014 Choralfantasie \"Ein feste Burg ist unser Gott\" op. 27<\/p>\n<\/div>","protected":false},"excerpt":{"rendered":"<p>Jetzt Tickets hier f\u00fcr die Orgelstunde kaufen!<\/p>","protected":false},"featured_media":2180,"template":"","meta":{"_acf_changed":false,"inline_featured_image":false},"product_brand":[],"product_cat":[31,345,936,6741,69,86,35,21,58],"product_tag":[941,956,2832,957,942,943,6313,947,948],"class_list":{"0":"post-48465","1":"product","2":"type-product","3":"status-publish","4":"has-post-thumbnail","6":"product_cat-events","7":"product_cat-gewandhaus","8":"product_cat-grosser-saal","9":"product_cat-klassik","10":"product_cat-konzert","11":"product_cat-leipzig","12":"product_cat-orte","13":"product_cat-ticket","14":"product_cat-veranstaltung","15":"product_tag-events","16":"product_tag-gewandhaus","17":"product_tag-gewandhaus-grosser-saal","18":"product_tag-grosser-saal","19":"product_tag-konzert","20":"product_tag-leipzig","21":"product_tag-orgelstunde","22":"product_tag-ticket","23":"product_tag-veranstaltung","24":"product_shipping_class-nur_paketversand","25":"pa_discount-ermaessigt","26":"pa_discount-leipzig-pass-inhaber","27":"pa_discount-normalpreis","28":"pa_discount-schueler-student","29":"pa_preiskategorie-sitzplatz","31":"first","32":"instock","33":"taxable","34":"shipping-taxable","35":"purchasable","36":"product-type-variable"},"group_of_quantity":0,"min_quantity":0,"max_quantity":"","exclude_order_quantity_value_rules":"no","exclude_category_quantity_rules":"no","combine_variations":"no","acf":[],"_links":{"self":[{"href":"https:\/\/arena-ticket.com\/en\/wp-json\/wp\/v2\/product\/48465","targetHints":{"allow":["GET"]}}],"collection":[{"href":"https:\/\/arena-ticket.com\/en\/wp-json\/wp\/v2\/product"}],"about":[{"href":"https:\/\/arena-ticket.com\/en\/wp-json\/wp\/v2\/types\/product"}],"wp:featuredmedia":[{"embeddable":true,"href":"https:\/\/arena-ticket.com\/en\/wp-json\/wp\/v2\/media\/2180"}],"wp:attachment":[{"href":"https:\/\/arena-ticket.com\/en\/wp-json\/wp\/v2\/media?parent=48465"}],"wp:term":[{"taxonomy":"product_brand","embeddable":true,"href":"https:\/\/arena-ticket.com\/en\/wp-json\/wp\/v2\/product_brand?post=48465"},{"taxonomy":"product_cat","embeddable":true,"href":"https:\/\/arena-ticket.com\/en\/wp-json\/wp\/v2\/product_cat?post=48465"},{"taxonomy":"product_tag","embeddable":true,"href":"https:\/\/arena-ticket.com\/en\/wp-json\/wp\/v2\/product_tag?post=48465"}],"curies":[{"name":"wp","href":"https:\/\/api.w.org\/{rel}","templated":true}]}}